{"id":23018,"date":"2025-06-15T20:52:13","date_gmt":"2025-06-15T18:52:13","guid":{"rendered":"https:\/\/www.erbaverda.net\/products\/lawn-paint\/"},"modified":"2025-06-15T21:48:52","modified_gmt":"2025-06-15T19:48:52","slug":"lawn-paint","status":"publish","type":"product","link":"https:\/\/www.erbaverda.net\/ca-fr\/products\/lawn-paint\/","title":{"rendered":"Peinture pour pelouse"},"content":{"rendered":"<p class=\"p1\"><span class=\"s1\"><b><br \/>\n<img decoding=\"async\" src=\"https:\/\/www.erbaverda.net\/wp-content\/uploads\/2025\/06\/Feedbin-Icon-check.svg_8faf4e0b-f89d-486c-aa08-b431a33525ea_icon.png?v=1541148886\" alt=\"\" width=\"18\" height=\"15\" data-mce-fragment=\"1\" \/>\u00a0 \u00a0Longue dur\u00e9e.\u00a0<\/b><\/span><span class=\"s2\">Nos peintures pour pelouses durent trois mois.<\/span><\/p>\n<p class=\"p1\"><span class=\"s1\"><b><br \/>\n<img decoding=\"async\" src=\"https:\/\/www.erbaverda.net\/wp-content\/uploads\/2025\/06\/Feedbin-Icon-check.svg_8faf4e0b-f89d-486c-aa08-b431a33525ea_icon.png?v=1541148886\" alt=\"\" width=\"18\" height=\"15\" data-mce-fragment=\"1\" \/>\u00a0 \u00a0Aucun ingr\u00e9dient toxique.\u00a0<\/b><\/span><span class=\"s2\">Nous pensons qu'il est essentiel de pr\u00e9server l'\u00e9cosyst\u00e8me naturel de votre pelouse pour qu'elle puisse respirer.<\/span><\/p>\n<p class=\"p1\"><span class=\"s1\"><b><br \/>\n<img decoding=\"async\" src=\"https:\/\/www.erbaverda.net\/wp-content\/uploads\/2025\/06\/Feedbin-Icon-check.svg_8faf4e0b-f89d-486c-aa08-b431a33525ea_icon.png?v=1541148886\" alt=\"\" width=\"18\" height=\"15\" data-mce-fragment=\"1\" \/>\u00a0 \u00a0La moiti\u00e9 du prix.\u00a0<\/b><\/span><span class=\"s2\">Co\u00fbte deux fois moins cher que les produits concurrents.<\/span><\/p>\n<p class=\"p1\"><span class=\"s1\"><b><br \/>\n<img decoding=\"async\" src=\"https:\/\/www.erbaverda.net\/wp-content\/uploads\/2025\/06\/Feedbin-Icon-check.svg_8faf4e0b-f89d-486c-aa08-b431a33525ea_icon.png?v=1541148886\" alt=\"\" width=\"18\" height=\"15\" data-mce-fragment=\"1\" \/>\u00a0 \u00a0Respectueux de l'environnement.\u00a0<\/b><\/span><span class=\"s2\">Ne pr\u00e9sente aucun danger pour les animaux et ne laisse aucune trace.<\/span><\/p>\n<p class=\"p1\"><span class=\"s1\"><b><br \/>\n<img decoding=\"async\" src=\"https:\/\/www.erbaverda.net\/wp-content\/uploads\/2025\/06\/Feedbin-Icon-check.svg_8faf4e0b-f89d-486c-aa08-b431a33525ea_icon.png?v=1541148886\" alt=\"\" width=\"18\" height=\"15\" data-mce-fragment=\"1\" \/>\u00a0 \u00a0\u00c9conomise l'eau.\u00a0<\/b><\/span><span class=\"s2\">N'arrosez votre pelouse qu'avec la quantit\u00e9 n\u00e9cessaire pour qu'elle reste en bonne sant\u00e9.<\/span><\/p>\n<p class=\"p1\"><span class=\"s1\"><b><br \/>\n<img decoding=\"async\" src=\"https:\/\/www.erbaverda.net\/wp-content\/uploads\/2025\/06\/Feedbin-Icon-check.svg_8faf4e0b-f89d-486c-aa08-b431a33525ea_icon.png?v=1541148886\" alt=\"\" width=\"18\" height=\"15\" data-mce-fragment=\"1\" \/>\u00a0 \u00a0Application.\u00a0<\/b><\/span><span class=\"s2\">Appliquer \u00e0 l'aide d'un rouleau, d'un pinceau ou d'un pulv\u00e9risateur.<\/span><\/p>\n<p class=\"p1\"><span class=\"s1\"><b><br \/>\n<img decoding=\"async\" src=\"https:\/\/www.erbaverda.net\/wp-content\/uploads\/2025\/06\/Feedbin-Icon-check.svg_8faf4e0b-f89d-486c-aa08-b431a33525ea_icon.png?v=1541148886\" alt=\"\" width=\"18\" height=\"15\" data-mce-fragment=\"1\" \/>\u00a0 \u00a0Rentable.\u00a0<\/b><\/span><span class=\"s2\">Une port\u00e9e de 20 \u00e0 40 m<\/span><span class=\"s3\"><sup>2<\/sup><\/span><span class=\"s2\">\/L lorsqu'il est appliqu\u00e9 \u00e0 l'aide d'un pulv\u00e9risateur sur les surfaces affect\u00e9es. <\/span><\/p>\n<h2 class=\"p2\"><span class=\"s2\">Instructions<\/span><\/h2>\n<ul class=\"ul1\">\n<li class=\"li3\"><span class=\"s5\"><b>Avant la peinture :\u00a0<\/b><\/span><span class=\"s6\">La pelouse doit \u00eatre tondue, s\u00e8che et d\u00e9barrass\u00e9e de tout d\u00e9bris.<\/span><\/li>\n<li class=\"li3\"><span class=\"s5\"><b>Instructions de m\u00e9lange :<\/b><\/span><span class=\"s6\">\u00a0Dans un pulv\u00e9risateur de jardin (disponible sur notre site Internet), m\u00e9langez une part de peinture pour gazon avec six parts d'eau. Fermez le pulv\u00e9risateur et agitez-le vigoureusement. Pompez le pulv\u00e9risateur \u00e0 fond et vaporisez une petite quantit\u00e9 pour v\u00e9rifier la teinte souhait\u00e9e. Gardez \u00e0 l'esprit que le m\u00e9lange \u00e0 ces quantit\u00e9s peut \u00eatre plus fonc\u00e9 ou plus clair que la teinte souhait\u00e9e. Si la couleur est trop fonc\u00e9e, continuez \u00e0 ajouter des parties d'eau (une partie \u00e0 la fois) jusqu'\u00e0 ce que vous obteniez la teinte souhait\u00e9e. La plupart des consommateurs pr\u00e9f\u00e8rent les teintes cr\u00e9\u00e9es par un rapport peinture\/eau de 1 \u00e0 6 ou de 1 \u00e0 8. Cela dit, d'autres pr\u00e9f\u00e8rent une teinte encore plus claire (rapport de 1 \u00e0 10). Il est toujours plus facile d'ajouter de l'eau au m\u00e9lange que de la peinture, et c'est pourquoi nous recommandons de commencer par un rapport de 1 \u00e0 6 et de poursuivre \u00e0 partir de l\u00e0.<\/span><\/li>\n<li class=\"li3\"><span class=\"s5\"><b>Conseils : \u00a0<\/b><\/span><span class=\"s6\">Nous vous encourageons \u00e0 faire des essais sur de petites surfaces jusqu'\u00e0 ce que vous obteniez la teinte souhait\u00e9e. Une fois que vous avez obtenu la teinte souhait\u00e9e, pulv\u00e9risez la pelouse selon un sch\u00e9ma orbital al\u00e9atoire afin d'\u00e9viter les lignes visibles et de cr\u00e9er un aspect plus r\u00e9aliste. Maintenez la buse du pulv\u00e9risateur \u00e0 au moins 20 cm des brins d'herbe. Pour obtenir les meilleurs r\u00e9sultats, compte tenu de la composition naturelle du Erba Verda, il est recommand\u00e9 d'agiter le pulv\u00e9risateur avant l'application et r\u00e9guli\u00e8rement tout au long du processus afin d'\u00e9viter que le pigment ne se d\u00e9pose ou n'obstrue la buse. R\u00e9glez toujours le pulv\u00e9risateur sur le r\u00e9glage de pulv\u00e9risation le plus fin possible, afin de garantir une utilisation optimale. Il est pr\u00e9f\u00e9rable d'\u00e9viter de pulv\u00e9riser \u00e0 basse pression ainsi que tout \u00e9coulement, car cela gaspillerait inutilement du produit. Une fois la peinture termin\u00e9e, il est recommand\u00e9 de d\u00e9visser la buse du pulv\u00e9risateur et de la nettoyer. Veillez \u00e0 continuer \u00e0 rincer le pulv\u00e9risateur jusqu'\u00e0 ce que seule de l'eau claire sorte de la buse une fois le produit pomp\u00e9. Ainsi, votre pompe durera plus longtemps et sera pr\u00eate la prochaine fois que vous devrez l'utiliser. \u00c9vitez de marcher sur du ciment, des dalles, un patio, etc. avec des chaussures couvertes de peinture humide. Assurez-vous que vos chaussures sont s\u00e8ches avant de quitter la zone pulv\u00e9ris\u00e9e. Pour \u00e9viter les \u00e9claboussures excessives sur le bord du b\u00e9ton le plus proche de la pelouse, d\u00e9placez-vous dans le sens de la pelouse lorsque vous pulv\u00e9risez. Vous pouvez \u00e9galement verser une partie du m\u00e9lange de peinture pour pelouse dans un flacon pulv\u00e9risateur ordinaire (n'importe quel vieux flacon pulv\u00e9risateur fera l'affaire) et pulv\u00e9riser la pelouse de pr\u00e8s.<\/span><\/li>\n<li class=\"li4\"><span class=\"s5\"><b>Pr\u00e9cautions d'emploi :\u00a0<\/b><\/span><span class=\"s6\">Prenez votre temps et appliquez la peinture avec pr\u00e9caution pour \u00e9viter les \u00e9claboussures accidentelles, les traces de peinture avec des chaussures mouill\u00e9es ou le renversement de la peinture.\u00a0<\/span>Ne pas pulv\u00e9riser par temps venteux ou humide. Couvrez les zones que vous ne souhaitez pas pulv\u00e9riser et portez toujours des v\u00eatements de protection et de vieilles chaussures, car elles peuvent \u00eatre tach\u00e9es par la peinture. Il est \u00e9galement recommand\u00e9 de porter des lunettes de protection, des gants et un masque respiratoire, car la peinture peut provoquer des irritations chez certaines personnes. Ne pas pulv\u00e9riser en pr\u00e9sence d'autres personnes, \u00e0 moins qu'elles ne portent \u00e9galement un \u00e9quipement de protection. Comme pour tous les liquides non comestibles, gardez la peinture hors de port\u00e9e des enfants. En cas de projection accidentelle, il est recommand\u00e9 d'avoir \u00e0 port\u00e9e de main un seau d'eau savonneuse et une brosse en m\u00e9tal ou en nylon (telle que celle utilis\u00e9e pour nettoyer une grille de barbecue) pour enlever toute projection ind\u00e9sirable sur le b\u00e9ton, etc. Cette m\u00e9thode fonctionne \u00e9galement tr\u00e8s bien pour enlever la peinture appliqu\u00e9e accidentellement sur tout type de surface dure, comme le b\u00e9ton ou la brique. Le temps de s\u00e9chage est d'environ 30 minutes par temps ensoleill\u00e9. Le temps de s\u00e9chage peut \u00eatre fortement influenc\u00e9 par l'ombre, le temps nuageux et l'humidit\u00e9. V\u00e9rifiez que la peinture est compl\u00e8tement s\u00e8che avant de laisser quelqu'un marcher sur la pelouse.<\/li>\n<\/ul>\n<ul class=\"ul1\">\n<li class=\"li3\"><span class=\"s5\"><b>Couverture :<\/b><\/span><span class=\"s6\">\u00a020 \u00e0 40 m<\/span><span class=\"s7\"><sup>2<\/sup><\/span><span class=\"s6\">\/L. \u00c9tant donn\u00e9 que des facteurs tels que le taux de dilution, l'\u00e9tat du gazon, sa longueur, le type d'application, la m\u00e9thode d'application et l'ombre souhait\u00e9e sont ind\u00e9pendants de notre volont\u00e9, nous ne pouvons pas garantir des taux de couverture sp\u00e9cifiques. C'est pourquoi nous indiquons des taux de couverture \"moyens\" bas\u00e9s sur nos propres tests ind\u00e9pendants. Naturellement, si le gazon est compl\u00e8tement jauni et dess\u00e9ch\u00e9, ou si vous pr\u00e9f\u00e9rez une teinte plus fonc\u00e9e, la peinture n'ira pas aussi loin que sur une pelouse qui commence \u00e0 peine \u00e0 se d\u00e9colorer ou si vous souhaitez une teinte plus claire.<\/span><\/li>\n<li class=\"li3\"><span class=\"s5\"><b>Long\u00e9vit\u00e9 :<\/b><\/span><span class=\"s6\">\u00a0Si votre gazon est encore en croissance et que vous tondez la zone peinte, la coloration ne durera que jusqu'\u00e0 ce qu'il soit temps de tondre \u00e0 nouveau. Dans des conditions climatiques id\u00e9ales et s\u00e8ches, avec un gazon dormant et lorsque le gazon est encore souple (pas croquant), il est arriv\u00e9 que la peinture dure jusqu'\u00e0 six mois. La dur\u00e9e de vie de la peinture d\u00e9pend de l'\u00e9tat du gazon, du type de gazon, des conditions climatiques, de la fr\u00e9quence des passages sur la pelouse, etc. Il y a trop de variables qui \u00e9chappent \u00e0 notre contr\u00f4le pour que nous puissions donner des d\u00e9lais ou des garanties sp\u00e9cifiques. Cela dit, la plupart de nos clients indiquent que la dur\u00e9e de vie de la couleur est de 1 \u00e0 3 mois.<\/span><\/li>\n<li class=\"li7\"><span class=\"s6\">La peinture pour pelouse est une solution facile et amusante \u00e0 de nombreux probl\u00e8mes courants de pelouse. Si vous savez \u00e0 quoi vous attendre avant de commencer \u00e0 pulv\u00e9riser, et si vous suivez les instructions ci-dessus, la peinture de votre pelouse se d\u00e9roulera beaucoup plus facilement et sans probl\u00e8me. Comme toujours, si vous avez des questions, n'h\u00e9sitez pas \u00e0 contacter notre service client\u00e8le Erba Verda.<\/span><\/li>\n<\/ul>","protected":false},"excerpt":{"rendered":"<p>\u00a0 \u00a0Long lasting.\u00a0Our lawn paints lasts three months. \u00a0 \u00a0No toxic ingredients.\u00a0We believe it is critical to preserve your lawn\u2019s natural ecosystem so your grass can breathe. \u00a0 \u00a0Half the price.\u00a0Costs half as much as competing products. \u00a0 \u00a0Environment friendly.\u00a0Is not hazardous to animals, and leaves no trace. \u00a0 \u00a0Saves water.\u00a0Water your lawn with only [&hellip;]<\/p>\n","protected":false},"featured_media":23091,"comment_status":"open","ping_status":"closed","template":"","meta":{"_uag_custom_page_level_css":"","site-sidebar-layout":"default","site-content-layout":"","ast-site-content-layout":"default","site-content-style":"default","site-sidebar-style":"default","ast-global-header-display":"","ast-banner-title-visibility":"","ast-main-header-display":"","ast-hfb-above-header-display":"","ast-hfb-below-header-display":"","ast-hfb-mobile-header-display":"","site-post-title":"","ast-breadcrumbs-content":"","ast-featured-img":"","footer-sml-layout":"","ast-disable-related-posts":"","theme-transparent-header-meta":"default","adv-header-id-meta":"","stick-header-meta":"","header-above-stick-meta":"","header-main-stick-meta":"","header-below-stick-meta":"","astra-migrate-meta-layouts":"set","ast-page-background-enabled":"default","ast-page-background-meta":{"desktop":{"background-color":"var(--ast-global-color-4)","background-image":"","background-repeat":"repeat","background-position":"center center","background-size":"auto","background-attachment":"scroll","background-type":"","background-media":"","overlay-type":"","overlay-color":"","overlay-opacity":"","overlay-gradient":""},"tablet":{"background-color":"","background-image":"","background-repeat":"repeat","background-position":"center center","background-size":"auto","background-attachment":"scroll","background-type":"","background-media":"","overlay-type":"","overlay-color":"","overlay-opacity":"","overlay-gradient":""},"mobile":{"background-color":"","background-image":"","background-repeat":"repeat","background-position":"center center","background-size":"auto","background-attachment":"scroll","background-type":"","background-media":"","overlay-type":"","overlay-color":"","overlay-opacity":"","overlay-gradient":""}},"ast-content-background-meta":{"desktop":{"background-color":"var(--ast-global-color-5)","background-image":"","background-repeat":"repeat","background-position":"center center","background-size":"auto","background-attachment":"scroll","background-type":"","background-media":"","overlay-type":"","overlay-color":"","overlay-opacity":"","overlay-gradient":""},"tablet":{"background-color":"var(--ast-global-color-5)","background-image":"","background-repeat":"repeat","background-position":"center center","background-size":"auto","background-attachment":"scroll","background-type":"","background-media":"","overlay-type":"","overlay-color":"","overlay-opacity":"","overlay-gradient":""},"mobile":{"background-color":"var(--ast-global-color-5)","background-image":"","background-repeat":"repeat","background-position":"center center","background-size":"auto","background-attachment":"scroll","background-type":"","background-media":"","overlay-type":"","overlay-color":"","overlay-opacity":"","overlay-gradient":""}}},"product_brand":[],"product_cat":[15],"product_tag":[],"class_list":{"0":"post-23018","1":"product","2":"type-product","3":"status-publish","4":"has-post-thumbnail","6":"product_cat-shop","7":"desktop-align-left","8":"tablet-align-left","9":"mobile-align-left","11":"first","12":"instock","13":"sale","14":"taxable","15":"shipping-taxable","16":"purchasable","17":"product-type-variable","18":"has-default-attributes"},"spectra_custom_meta":{"_visibility":["visible"],"_shopify_product_id":["1678518681669"],"_s2w_shopify_domain":["erba-verda.myshopify.com"],"_shopify_variant_id":["15361227522117"],"_manage_stock":["no"],"total_sales":["1"],"_tax_status":["taxable"],"_tax_class":[""],"_backorders":["no"],"_sold_individually":["no"],"_virtual":["no"],"_downloadable":["no"],"_download_limit":["-1"],"_download_expiry":["-1"],"_stock":[null],"_stock_status":["instock"],"_wc_average_rating":["4.88"],"_wc_review_count":["107"],"_product_attributes":["a:1:{s:6:\"volume\";a:6:{s:4:\"name\";s:6:\"Volume\";s:5:\"value\";s:30:\"1 liter | 5 liters | 25 liters\";s:8:\"position\";i:1;s:10:\"is_visible\";i:0;s:12:\"is_variation\";i:1;s:11:\"is_taxonomy\";i:0;}}"],"_product_version":["9.9.3"],"_thumbnail_id":["23091"],"_product_image_gallery":["23092,23093"],"_edit_lock":["1750016457:1"],"_default_attributes":["a:1:{s:6:\"volume\";s:7:\"1 liter\";}"],"_price":["29.90","129.90","499.90"],"merchant-center-id":["LP1"],"merchant-center-availability":["yes"],"merchant-center-category":["505417"],"_edit_last":["1"],"_wp_page_template":["default"],"site-sidebar-layout":["default"],"ast-site-content-layout":["default"],"site-content-style":["default"],"site-sidebar-style":["default"],"theme-transparent-header-meta":["default"],"astra-migrate-meta-layouts":["set"],"_wc_rating_count":["a:2:{i:4;i:13;i:5;i:94;}"],"_uag_css_file_name":["uag-css-23018.css"],"_elementor_page_assets":["a:0:{}"],"_uag_page_assets":["a:9:{s:3:\"css\";s:7133:\".uag-blocks-common-selector{z-index:var(--z-index-desktop) !important}@media(max-width: 976px){.uag-blocks-common-selector{z-index:var(--z-index-tablet) !important}}@media(max-width: 767px){.uag-blocks-common-selector{z-index:var(--z-index-mobile) !important}}.wp-block-uagb-image{display:flex}.wp-block-uagb-image__figure{position:relative;display:flex;flex-direction:column;max-width:100%;height:auto;margin:0}.wp-block-uagb-image__figure img{height:auto;display:flex;max-width:100%;transition:box-shadow .2s ease}.wp-block-uagb-image__figure>a{display:inline-block}.wp-block-uagb-image__figure figcaption{text-align:center;margin-top:.5em;margin-bottom:1em}.wp-block-uagb-image .components-placeholder.block-editor-media-placeholder .components-placeholder__instructions{align-self:center}.wp-block-uagb-image--align-left{text-align:left}.wp-block-uagb-image--align-right{text-align:right}.wp-block-uagb-image--align-center{text-align:center}.wp-block-uagb-image--align-full .wp-block-uagb-image__figure{margin-left:calc(50% - 50vw);margin-right:calc(50% - 50vw);max-width:100vw;width:100vw;height:auto}.wp-block-uagb-image--align-full .wp-block-uagb-image__figure img{height:auto;width:100% !important}.wp-block-uagb-image--align-wide .wp-block-uagb-image__figure img{height:auto;width:100%}.wp-block-uagb-image--layout-overlay__color-wrapper{position:absolute;left:0;top:0;right:0;bottom:0;opacity:.2;background:rgba(0,0,0,.5);transition:opacity .35s ease-in-out}.wp-block-uagb-image--layout-overlay-link{position:absolute;left:0;right:0;bottom:0;top:0}.wp-block-uagb-image--layout-overlay .wp-block-uagb-image__figure:hover .wp-block-uagb-image--layout-overlay__color-wrapper{opacity:1}.wp-block-uagb-image--layout-overlay__inner{position:absolute;left:15px;right:15px;bottom:15px;top:15px;display:flex;align-items:center;justify-content:center;flex-direction:column;border-color:#fff;transition:.35s ease-in-out}.wp-block-uagb-image--layout-overlay__inner.top-left,.wp-block-uagb-image--layout-overlay__inner.top-center,.wp-block-uagb-image--layout-overlay__inner.top-right{justify-content:flex-start}.wp-block-uagb-image--layout-overlay__inner.bottom-left,.wp-block-uagb-image--layout-overlay__inner.bottom-center,.wp-block-uagb-image--layout-overlay__inner.bottom-right{justify-content:flex-end}.wp-block-uagb-image--layout-overlay__inner.top-left,.wp-block-uagb-image--layout-overlay__inner.center-left,.wp-block-uagb-image--layout-overlay__inner.bottom-left{align-items:flex-start}.wp-block-uagb-image--layout-overlay__inner.top-right,.wp-block-uagb-image--layout-overlay__inner.center-right,.wp-block-uagb-image--layout-overlay__inner.bottom-right{align-items:flex-end}.wp-block-uagb-image--layout-overlay__inner .uagb-image-heading{color:#fff;transition:transform .35s,opacity .35s ease-in-out;transform:translate3d(0, 24px, 0);margin:0;line-height:1em}.wp-block-uagb-image--layout-overlay__inner .uagb-image-separator{width:30%;border-top-width:2px;border-top-color:#fff;border-top-style:solid;margin-bottom:10px;opacity:0;transition:transform .4s,opacity .4s ease-in-out;transform:translate3d(0, 30px, 0)}.wp-block-uagb-image--layout-overlay__inner .uagb-image-caption{opacity:0;overflow:visible;color:#fff;transition:transform .45s,opacity .45s ease-in-out;transform:translate3d(0, 35px, 0)}.wp-block-uagb-image--layout-overlay__inner:hover .uagb-image-heading,.wp-block-uagb-image--layout-overlay__inner:hover .uagb-image-separator,.wp-block-uagb-image--layout-overlay__inner:hover .uagb-image-caption{opacity:1;transform:translate3d(0, 0, 0)}.wp-block-uagb-image--effect-zoomin .wp-block-uagb-image__figure img,.wp-block-uagb-image--effect-zoomin .wp-block-uagb-image__figure .wp-block-uagb-image--layout-overlay__color-wrapper{transform:scale(1);transition:transform .35s ease-in-out}.wp-block-uagb-image--effect-zoomin .wp-block-uagb-image__figure:hover img,.wp-block-uagb-image--effect-zoomin .wp-block-uagb-image__figure:hover .wp-block-uagb-image--layout-overlay__color-wrapper{transform:scale(1.05)}.wp-block-uagb-image--effect-slide .wp-block-uagb-image__figure img,.wp-block-uagb-image--effect-slide .wp-block-uagb-image__figure .wp-block-uagb-image--layout-overlay__color-wrapper{width:calc(100% + 40px) !important;max-width:none !important;transform:translate3d(-40px, 0, 0);transition:transform .35s ease-in-out}.wp-block-uagb-image--effect-slide .wp-block-uagb-image__figure:hover img,.wp-block-uagb-image--effect-slide .wp-block-uagb-image__figure:hover .wp-block-uagb-image--layout-overlay__color-wrapper{transform:translate3d(0, 0, 0)}.wp-block-uagb-image--effect-grayscale img{filter:grayscale(0%);transition:.35s ease-in-out}.wp-block-uagb-image--effect-grayscale:hover img{filter:grayscale(100%)}.wp-block-uagb-image--effect-blur img{filter:blur(0);transition:.35s ease-in-out}.wp-block-uagb-image--effect-blur:hover img{filter:blur(3px)}.uagb-block-e6f939b3.wp-block-uagb-image--layout-default figure img{box-shadow: 0px 0px 0 #00000070;}.uagb-block-e6f939b3.wp-block-uagb-image .wp-block-uagb-image__figure figcaption{font-style: normal;align-self: center;}.uagb-block-e6f939b3.wp-block-uagb-image--layout-overlay figure img{box-shadow: 0px 0px 0 #00000070;}.uagb-block-e6f939b3.wp-block-uagb-image--layout-overlay .wp-block-uagb-image--layout-overlay__color-wrapper{opacity: 0.2;}.uagb-block-e6f939b3.wp-block-uagb-image--layout-overlay .wp-block-uagb-image--layout-overlay__inner{left: 15px;right: 15px;top: 15px;bottom: 15px;}.uagb-block-e6f939b3.wp-block-uagb-image--layout-overlay .wp-block-uagb-image--layout-overlay__inner .uagb-image-heading{font-style: normal;color: #fff;opacity: 1;}.uagb-block-e6f939b3.wp-block-uagb-image--layout-overlay .wp-block-uagb-image--layout-overlay__inner .uagb-image-heading a{color: #fff;}.uagb-block-e6f939b3.wp-block-uagb-image--layout-overlay .wp-block-uagb-image--layout-overlay__inner .uagb-image-caption{opacity: 0;}.uagb-block-e6f939b3.wp-block-uagb-image--layout-overlay .wp-block-uagb-image__figure:hover .wp-block-uagb-image--layout-overlay__color-wrapper{opacity: 1;}.uagb-block-e6f939b3.wp-block-uagb-image .wp-block-uagb-image--layout-overlay__inner .uagb-image-separator{width: 30%;border-top-width: 2px;border-top-color: #fff;opacity: 0;}.uagb-block-e6f939b3.wp-block-uagb-image .wp-block-uagb-image__figure img{width: px;height: auto;}.uagb-block-e6f939b3.wp-block-uagb-image .wp-block-uagb-image__figure:hover .wp-block-uagb-image--layout-overlay__inner .uagb-image-caption{opacity: 1;}.uagb-block-e6f939b3.wp-block-uagb-image .wp-block-uagb-image__figure:hover .wp-block-uagb-image--layout-overlay__inner .uagb-image-separator{opacity: 1;}.uagb-block-e6f939b3.wp-block-uagb-image--layout-default figure:hover img{box-shadow: 0px 0px 0 #00000070;}.uagb-block-e6f939b3.wp-block-uagb-image--layout-overlay figure:hover img{box-shadow: 0px 0px 0 #00000070;}@media only screen and (max-width: 976px) {.uagb-block-e6f939b3.wp-block-uagb-image .wp-block-uagb-image__figure img{width: px;height: auto;}}@media only screen and (max-width: 767px) {.uagb-block-e6f939b3.wp-block-uagb-image .wp-block-uagb-image__figure img{width: px;height: auto;}}\";s:2:\"js\";s:0:\"\";s:18:\"current_block_list\";a:13:{i:0;s:11:\"core\/search\";i:1;s:10:\"core\/group\";i:2;s:12:\"core\/heading\";i:3;s:17:\"core\/latest-posts\";i:4;s:20:\"core\/latest-comments\";i:5;s:13:\"core\/archives\";i:6;s:15:\"core\/categories\";i:7;s:14:\"core\/paragraph\";i:8;s:10:\"uagb\/image\";i:9;s:11:\"core\/spacer\";i:10;s:30:\"woocommerce\/product-categories\";i:11;s:10:\"core\/image\";i:12;s:14:\"core\/shortcode\";}s:8:\"uag_flag\";b:1;s:11:\"uag_version\";s:10:\"1777645509\";s:6:\"gfonts\";a:0:{}s:10:\"gfonts_url\";s:0:\"\";s:12:\"gfonts_files\";a:0:{}s:14:\"uag_faq_layout\";b:0;}"]},"uagb_featured_image_src":{"full":["https:\/\/www.erbaverda.net\/wp-content\/uploads\/2025\/06\/Lawn_Paint_1ltrvrais.jpg",2560,2560,false],"thumbnail":["https:\/\/www.erbaverda.net\/wp-content\/uploads\/2025\/06\/Lawn_Paint_1ltrvrais-150x150.jpg",150,150,true],"medium":["https:\/\/www.erbaverda.net\/wp-content\/uploads\/2025\/06\/Lawn_Paint_1ltrvrais-300x300.jpg",300,300,true],"medium_large":["https:\/\/www.erbaverda.net\/wp-content\/uploads\/2025\/06\/Lawn_Paint_1ltrvrais-768x768.jpg",768,768,true],"large":["https:\/\/www.erbaverda.net\/wp-content\/uploads\/2025\/06\/Lawn_Paint_1ltrvrais-1024x1024.jpg",1024,1024,true],"1536x1536":["https:\/\/www.erbaverda.net\/wp-content\/uploads\/2025\/06\/Lawn_Paint_1ltrvrais-1536x1536.jpg",1536,1536,true],"2048x2048":["https:\/\/www.erbaverda.net\/wp-content\/uploads\/2025\/06\/Lawn_Paint_1ltrvrais-2048x2048.jpg",2048,2048,true],"trp-custom-language-flag":["https:\/\/www.erbaverda.net\/wp-content\/uploads\/2025\/06\/Lawn_Paint_1ltrvrais-12x12.jpg",12,12,true],"woocommerce_thumbnail":["https:\/\/www.erbaverda.net\/wp-content\/uploads\/2025\/06\/Lawn_Paint_1ltrvrais-300x300.jpg",300,300,true],"woocommerce_single":["https:\/\/www.erbaverda.net\/wp-content\/uploads\/2025\/06\/Lawn_Paint_1ltrvrais-600x600.jpg",600,600,true],"woocommerce_gallery_thumbnail":["https:\/\/www.erbaverda.net\/wp-content\/uploads\/2025\/06\/Lawn_Paint_1ltrvrais-100x100.jpg",100,100,true]},"uagb_author_info":{"display_name":"admin","author_link":"https:\/\/www.erbaverda.net\/ca-fr\/author\/"},"uagb_comment_info":107,"uagb_excerpt":"\u00a0 \u00a0Long lasting.\u00a0Our lawn paints lasts three months. \u00a0 \u00a0No toxic ingredients.\u00a0We believe it is critical to preserve your lawn\u2019s natural ecosystem so your grass can breathe. \u00a0 \u00a0Half the price.\u00a0Costs half as much as competing products. \u00a0 \u00a0Environment friendly.\u00a0Is not hazardous to animals, and leaves no trace. \u00a0 \u00a0Saves water.\u00a0Water your lawn with only&hellip;","_links":{"self":[{"href":"https:\/\/www.erbaverda.net\/ca-fr\/wp-json\/wp\/v2\/product\/23018","targetHints":{"allow":["GET"]}}],"collection":[{"href":"https:\/\/www.erbaverda.net\/ca-fr\/wp-json\/wp\/v2\/product"}],"about":[{"href":"https:\/\/www.erbaverda.net\/ca-fr\/wp-json\/wp\/v2\/types\/product"}],"replies":[{"embeddable":true,"href":"https:\/\/www.erbaverda.net\/ca-fr\/wp-json\/wp\/v2\/comments?post=23018"}],"version-history":[{"count":2,"href":"https:\/\/www.erbaverda.net\/ca-fr\/wp-json\/wp\/v2\/product\/23018\/revisions"}],"predecessor-version":[{"id":23162,"href":"https:\/\/www.erbaverda.net\/ca-fr\/wp-json\/wp\/v2\/product\/23018\/revisions\/23162"}],"wp:featuredmedia":[{"embeddable":true,"href":"https:\/\/www.erbaverda.net\/ca-fr\/wp-json\/wp\/v2\/media\/23091"}],"wp:attachment":[{"href":"https:\/\/www.erbaverda.net\/ca-fr\/wp-json\/wp\/v2\/media?parent=23018"}],"wp:term":[{"taxonomy":"product_brand","embeddable":true,"href":"https:\/\/www.erbaverda.net\/ca-fr\/wp-json\/wp\/v2\/product_brand?post=23018"},{"taxonomy":"product_cat","embeddable":true,"href":"https:\/\/www.erbaverda.net\/ca-fr\/wp-json\/wp\/v2\/product_cat?post=23018"},{"taxonomy":"product_tag","embeddable":true,"href":"https:\/\/www.erbaverda.net\/ca-fr\/wp-json\/wp\/v2\/product_tag?post=23018"}],"curies":[{"name":"wp","href":"https:\/\/api.w.org\/{rel}","templated":true}]}}