{"id":23018,"date":"2025-06-15T20:52:13","date_gmt":"2025-06-15T18:52:13","guid":{"rendered":"https:\/\/www.erbaverda.net\/products\/lawn-paint\/"},"modified":"2025-06-15T21:48:52","modified_gmt":"2025-06-15T19:48:52","slug":"lawn-paint","status":"publish","type":"product","link":"https:\/\/www.erbaverda.net\/ch-de\/products\/lawn-paint\/","title":{"rendered":"Rasenfarbe"},"content":{"rendered":"<p class=\"p1\"><span class=\"s1\"><b><br \/>\n<img decoding=\"async\" src=\"https:\/\/www.erbaverda.net\/wp-content\/uploads\/2025\/06\/Feedbin-Icon-check.svg_8faf4e0b-f89d-486c-aa08-b431a33525ea_icon.png?v=1541148886\" alt=\"\" width=\"18\" height=\"15\" data-mce-fragment=\"1\" \/>\u00a0 \u00a0Langlebig.\u00a0<\/b><\/span><span class=\"s2\">Unsere Rasenfarben reichen f\u00fcr drei Monate.<\/span><\/p>\n<p class=\"p1\"><span class=\"s1\"><b><br \/>\n<img decoding=\"async\" src=\"https:\/\/www.erbaverda.net\/wp-content\/uploads\/2025\/06\/Feedbin-Icon-check.svg_8faf4e0b-f89d-486c-aa08-b431a33525ea_icon.png?v=1541148886\" alt=\"\" width=\"18\" height=\"15\" data-mce-fragment=\"1\" \/>\u00a0 \u00a0Keine giftigen Inhaltsstoffe.\u00a0<\/b><\/span><span class=\"s2\">Wir glauben, dass es wichtig ist, das nat\u00fcrliche \u00d6kosystem Ihres Rasens zu erhalten, damit Ihr Gras atmen kann.<\/span><\/p>\n<p class=\"p1\"><span class=\"s1\"><b><br \/>\n<img decoding=\"async\" src=\"https:\/\/www.erbaverda.net\/wp-content\/uploads\/2025\/06\/Feedbin-Icon-check.svg_8faf4e0b-f89d-486c-aa08-b431a33525ea_icon.png?v=1541148886\" alt=\"\" width=\"18\" height=\"15\" data-mce-fragment=\"1\" \/>\u00a0 \u00a0Die H\u00e4lfte des Preises.\u00a0<\/b><\/span><span class=\"s2\">Kostet nur halb so viel wie konkurrierende Produkte.<\/span><\/p>\n<p class=\"p1\"><span class=\"s1\"><b><br \/>\n<img decoding=\"async\" src=\"https:\/\/www.erbaverda.net\/wp-content\/uploads\/2025\/06\/Feedbin-Icon-check.svg_8faf4e0b-f89d-486c-aa08-b431a33525ea_icon.png?v=1541148886\" alt=\"\" width=\"18\" height=\"15\" data-mce-fragment=\"1\" \/>\u00a0 \u00a0Umweltfreundlich.\u00a0<\/b><\/span><span class=\"s2\">Es ist nicht gef\u00e4hrlich f\u00fcr Tiere und hinterl\u00e4sst keine Spuren.<\/span><\/p>\n<p class=\"p1\"><span class=\"s1\"><b><br \/>\n<img decoding=\"async\" src=\"https:\/\/www.erbaverda.net\/wp-content\/uploads\/2025\/06\/Feedbin-Icon-check.svg_8faf4e0b-f89d-486c-aa08-b431a33525ea_icon.png?v=1541148886\" alt=\"\" width=\"18\" height=\"15\" data-mce-fragment=\"1\" \/>\u00a0 \u00a0Spart Wasser.\u00a0<\/b><\/span><span class=\"s2\">Bew\u00e4ssern Sie Ihren Rasen nur so viel wie n\u00f6tig, um ihn gesund zu erhalten.<\/span><\/p>\n<p class=\"p1\"><span class=\"s1\"><b><br \/>\n<img decoding=\"async\" src=\"https:\/\/www.erbaverda.net\/wp-content\/uploads\/2025\/06\/Feedbin-Icon-check.svg_8faf4e0b-f89d-486c-aa08-b431a33525ea_icon.png?v=1541148886\" alt=\"\" width=\"18\" height=\"15\" data-mce-fragment=\"1\" \/>\u00a0 \u00a0Anwendung.\u00a0<\/b><\/span><span class=\"s2\">Mit einer Rolle, einem Pinsel oder einem Spr\u00fchger\u00e4t auftragen.<\/span><\/p>\n<p class=\"p1\"><span class=\"s1\"><b><br \/>\n<img decoding=\"async\" src=\"https:\/\/www.erbaverda.net\/wp-content\/uploads\/2025\/06\/Feedbin-Icon-check.svg_8faf4e0b-f89d-486c-aa08-b431a33525ea_icon.png?v=1541148886\" alt=\"\" width=\"18\" height=\"15\" data-mce-fragment=\"1\" \/>\u00a0 \u00a0Kosteng\u00fcnstig.\u00a0<\/b><\/span><span class=\"s2\">Eine Reichweite von 20 bis 40 m<\/span><span class=\"s3\"><sup>2<\/sup><\/span><span class=\"s2\">\/L, wenn es mit einem Spr\u00fchger\u00e4t auf die betroffenen Oberfl\u00e4chen aufgetragen wird. <\/span><\/p>\n<h2 class=\"p2\"><span class=\"s2\">Anweisungen<\/span><\/h2>\n<ul class=\"ul1\">\n<li class=\"li3\"><span class=\"s5\"><b>Vor dem Anstrich:\u00a0<\/b><\/span><span class=\"s6\">Der Rasen muss gem\u00e4ht, trocken und von Unrat befreit sein.<\/span><\/li>\n<li class=\"li3\"><span class=\"s5\"><b>Anweisungen zum Mischen:<\/b><\/span><span class=\"s6\">\u00a0Mischen Sie in einem Gartenspr\u00fchger\u00e4t (erh\u00e4ltlich auf unserer Website) einen Teil der Rasenfarbe mit sechs Teilen Wasser. Schlie\u00dfen Sie den Zerst\u00e4uber und sch\u00fctteln Sie ihn kr\u00e4ftig. Pumpen Sie den Zerst\u00e4uber voll auf und spr\u00fchen Sie eine kleine Menge, um den gew\u00fcnschten Farbton zu pr\u00fcfen. Denken Sie daran, dass die Mischung in dieser Menge dunkler oder heller sein kann als der gew\u00fcnschte Farbton. Wenn die Farbe zu dunkel ist, f\u00fcgen Sie weitere Teile Wasser hinzu (einen Teil nach dem anderen), bis Sie den gew\u00fcnschten Farbton erreicht haben. Die meisten Verbraucher bevorzugen die Farbt\u00f6ne, die durch ein Verh\u00e4ltnis von 1-6 oder 1-8 Farbe zu Wasser entstehen. Andere wiederum bevorzugen einen noch helleren Farbton (Verh\u00e4ltnis 1-10). Es ist immer einfacher, der Mischung mehr Wasser als mehr Farbe hinzuzuf\u00fcgen, und deshalb empfehlen wir, mit einem Verh\u00e4ltnis von 1-6 zu beginnen und von dort aus weiterzugehen.<\/span><\/li>\n<li class=\"li3\"><span class=\"s5\"><b>Tipps: \u00a0<\/b><\/span><span class=\"s6\">Wir empfehlen Ihnen, zun\u00e4chst auf einigen kleinen Fl\u00e4chen zu experimentieren, bis Sie den gew\u00fcnschten Farbton erreicht haben. Sobald Sie den gew\u00fcnschten Farbton erreicht haben, bespr\u00fchen Sie den Rasen in einem zuf\u00e4lligen Orbitalmuster, um sichtbare Linien zu vermeiden und ein realistischeres Aussehen zu erzielen. Halten Sie die D\u00fcse des Spr\u00fchger\u00e4ts mindestens 20 cm von den Grashalmen entfernt. Um ein optimales Ergebnis zu erzielen, empfehlen wir aufgrund der nat\u00fcrlichen Zusammensetzung von Erba Verda, das Spr\u00fchger\u00e4t sowohl vor dem Auftragen als auch w\u00e4hrend des gesamten Prozesses regelm\u00e4\u00dfig zu sch\u00fctteln, damit sich das Pigment nicht absetzt oder die D\u00fcse verstopft. Stellen Sie das Spr\u00fchger\u00e4t immer auf die feinste Spr\u00fcheinstellung ein, um die bestm\u00f6gliche Anwendung zu gew\u00e4hrleisten. Vermeiden Sie es, mit zu geringem Druck zu spr\u00fchen, da Sie sonst unn\u00f6tig Produkt verschwenden. Nach Beendigung des Anstrichs empfiehlt es sich, die D\u00fcse des Spr\u00fchger\u00e4ts abzuschrauben und sie zu reinigen. Sp\u00fclen Sie das Spritzger\u00e4t so lange aus, bis nur noch klares Wasser aus der D\u00fcse kommt, wenn Sie gepumpt haben. Dadurch wird sichergestellt, dass Ihre Pumpe l\u00e4nger h\u00e4lt und bei der n\u00e4chsten Verwendung wieder einsatzbereit ist. Vermeiden Sie es, mit Schuhen, die mit nasser Farbe bedeckt sind, auf Zement, Steinplatten, Terrassen usw. zu laufen. Vergewissern Sie sich, dass Ihre Schuhe trocken sind, bevor Sie den bespr\u00fchten Bereich verlassen. Bewegen Sie sich beim Spr\u00fchen in Richtung des Rasens, um \u00fcberm\u00e4\u00dfige Spritzer an der dem Rasen am n\u00e4chsten liegenden Betonkante zu vermeiden. Alternativ k\u00f6nnen Sie einen Teil der Rasenfarbe in eine normale Spr\u00fchflasche f\u00fcllen (jede alte Spr\u00fchflasche ist geeignet) und den angrenzenden Rasen aus n\u00e4chster N\u00e4he bespr\u00fchen.<\/span><\/li>\n<li class=\"li4\"><span class=\"s5\"><b>Vorsichtsma\u00dfnahmen:\u00a0<\/b><\/span><span class=\"s6\">Nehmen Sie sich Zeit und tragen Sie die Farbe sorgf\u00e4ltig auf, um versehentliche Spritzer, das Verlaufen der Farbe mit nassen Schuhen oder das Versch\u00fctten der Farbe zu vermeiden.\u00a0<\/span>Spr\u00fchen Sie nicht bei windigem oder nassem Wetter. Decken Sie alle Bereiche ab, die Sie nicht bespr\u00fchen wollen, und tragen Sie immer Schutzkleidung und alte Schuhe, da diese von der Farbe verschmutzt werden k\u00f6nnen. Wir empfehlen au\u00dferdem das Tragen einer Schutzbrille, von Handschuhen und einer Atemmaske, da die Farbe bei manchen Menschen Reizungen hervorrufen kann. Spr\u00fchen Sie nicht, wenn andere Personen anwesend sind, es sei denn, sie tragen ebenfalls Schutzkleidung. Wie bei allen ungenie\u00dfbaren Fl\u00fcssigkeiten muss die Farbe au\u00dferhalb der Reichweite von Kindern aufbewahrt werden. F\u00fcr den Fall, dass die Farbe versehentlich verspr\u00fcht wird, empfehlen wir, einen Eimer mit Seifenwasser und eine Metall- oder Nylonb\u00fcrste (z. B. zum Reinigen eines Grillrosts) bereitzuhalten, um unerw\u00fcnschte Spritzer auf Beton usw. zu entfernen. Dies eignet sich auch sehr gut zum Entfernen von Farbe, die versehentlich auf eine harte Oberfl\u00e4che wie Beton oder Ziegel aufgetragen wurde. Die Trocknungszeit betr\u00e4gt bei sonnigem Wetter etwa 30 Minuten. Die Trocknungszeit kann durch Schatten, bew\u00f6lktes Wetter und Feuchtigkeit stark beeintr\u00e4chtigt werden. Vergewissern Sie sich, dass die Farbe vollst\u00e4ndig getrocknet ist, bevor Sie jemanden auf den Rasen gehen lassen.<\/li>\n<\/ul>\n<ul class=\"ul1\">\n<li class=\"li3\"><span class=\"s5\"><b>Deckung:<\/b><\/span><span class=\"s6\">\u00a020 bis 40 m<\/span><span class=\"s7\"><sup>2<\/sup><\/span><span class=\"s6\">\/L. Da Faktoren wie das Verd\u00fcnnungsverh\u00e4ltnis, der Zustand des Rasens, seine L\u00e4nge, die Art der Anwendung, die Anwendungsmethode und der gew\u00fcnschte Schatten au\u00dferhalb unserer Kontrolle liegen, k\u00f6nnen wir keine spezifischen Deckungsraten garantieren. Wir geben daher \"durchschnittliche\" Deckungsraten an, die auf unseren eigenen unabh\u00e4ngigen Tests beruhen. Wenn der Rasen v\u00f6llig vergilbt und ausgetrocknet ist oder wenn Sie einen dunkleren Farbton bevorzugen, wird die Farbe nat\u00fcrlich nicht so weit reichen wie auf einem Rasen, der gerade erst anf\u00e4ngt zu verblassen oder wenn ein hellerer Farbton gew\u00fcnscht wird.<\/span><\/li>\n<li class=\"li3\"><span class=\"s5\"><b>Langlebigkeit:<\/b><\/span><span class=\"s6\">\u00a0Wenn Ihr Rasen noch w\u00e4chst und Sie die gestrichene Fl\u00e4che m\u00e4hen, h\u00e4lt die F\u00e4rbung nur so lange, bis Sie wieder m\u00e4hen. Unter idealen und trockenen klimatischen Bedingungen mit einem ruhenden Rasen und wenn der Rasen noch geschmeidig (nicht knusprig) ist, gab es F\u00e4lle, in denen die Farbe bis zu sechs Monate gehalten hat. Wie lange die Farbe h\u00e4lt, h\u00e4ngt von der Beschaffenheit des Rasens, der Art des Rasens, den Witterungsbedingungen, der H\u00e4ufigkeit des Begehens des Rasens usw. ab. Es gibt zu viele Variablen, auf die wir keinen Einfluss haben, als dass wir spezifische Zeitspannen oder Garantien geben k\u00f6nnten. Die meisten unserer Kunden berichten jedoch von einer \"Farblebensdauer\" von 1 bis 3 Monaten.<\/span><\/li>\n<li class=\"li7\"><span class=\"s6\">Rasenfarbe ist eine einfache und unterhaltsame L\u00f6sung f\u00fcr viele g\u00e4ngige Rasenprobleme. Wenn Sie wissen, was Sie erwartet, bevor Sie mit dem Spr\u00fchen beginnen, und die obigen Anweisungen befolgen, wird das Streichen Ihres Rasens viel einfacher und reibungsloser verlaufen. Wie immer, wenn Sie Fragen haben, wenden Sie sich bitte an unser Erba Verda-Kundendienstteam.<\/span><\/li>\n<\/ul>","protected":false},"excerpt":{"rendered":"<p>\u00a0 \u00a0Long lasting.\u00a0Our lawn paints lasts three months. \u00a0 \u00a0No toxic ingredients.\u00a0We believe it is critical to preserve your lawn\u2019s natural ecosystem so your grass can breathe. \u00a0 \u00a0Half the price.\u00a0Costs half as much as competing products. \u00a0 \u00a0Environment friendly.\u00a0Is not hazardous to animals, and leaves no trace. \u00a0 \u00a0Saves water.\u00a0Water your lawn with only [&hellip;]<\/p>\n","protected":false},"featured_media":23091,"comment_status":"open","ping_status":"closed","template":"","meta":{"_uag_custom_page_level_css":"","site-sidebar-layout":"default","site-content-layout":"","ast-site-content-layout":"default","site-content-style":"default","site-sidebar-style":"default","ast-global-header-display":"","ast-banner-title-visibility":"","ast-main-header-display":"","ast-hfb-above-header-display":"","ast-hfb-below-header-display":"","ast-hfb-mobile-header-display":"","site-post-title":"","ast-breadcrumbs-content":"","ast-featured-img":"","footer-sml-layout":"","ast-disable-related-posts":"","theme-transparent-header-meta":"default","adv-header-id-meta":"","stick-header-meta":"","header-above-stick-meta":"","header-main-stick-meta":"","header-below-stick-meta":"","astra-migrate-meta-layouts":"set","ast-page-background-enabled":"default","ast-page-background-meta":{"desktop":{"background-color":"var(--ast-global-color-4)","background-image":"","background-repeat":"repeat","background-position":"center center","background-size":"auto","background-attachment":"scroll","background-type":"","background-media":"","overlay-type":"","overlay-color":"","overlay-opacity":"","overlay-gradient":""},"tablet":{"background-color":"","background-image":"","background-repeat":"repeat","background-position":"center center","background-size":"auto","background-attachment":"scroll","background-type":"","background-media":"","overlay-type":"","overlay-color":"","overlay-opacity":"","overlay-gradient":""},"mobile":{"background-color":"","background-image":"","background-repeat":"repeat","background-position":"center center","background-size":"auto","background-attachment":"scroll","background-type":"","background-media":"","overlay-type":"","overlay-color":"","overlay-opacity":"","overlay-gradient":""}},"ast-content-background-meta":{"desktop":{"background-color":"var(--ast-global-color-5)","background-image":"","background-repeat":"repeat","background-position":"center center","background-size":"auto","background-attachment":"scroll","background-type":"","background-media":"","overlay-type":"","overlay-color":"","overlay-opacity":"","overlay-gradient":""},"tablet":{"background-color":"var(--ast-global-color-5)","background-image":"","background-repeat":"repeat","background-position":"center center","background-size":"auto","background-attachment":"scroll","background-type":"","background-media":"","overlay-type":"","overlay-color":"","overlay-opacity":"","overlay-gradient":""},"mobile":{"background-color":"var(--ast-global-color-5)","background-image":"","background-repeat":"repeat","background-position":"center center","background-size":"auto","background-attachment":"scroll","background-type":"","background-media":"","overlay-type":"","overlay-color":"","overlay-opacity":"","overlay-gradient":""}}},"product_brand":[],"product_cat":[15],"product_tag":[],"class_list":{"0":"post-23018","1":"product","2":"type-product","3":"status-publish","4":"has-post-thumbnail","6":"product_cat-shop","7":"desktop-align-left","8":"tablet-align-left","9":"mobile-align-left","11":"first","12":"instock","13":"sale","14":"taxable","15":"shipping-taxable","16":"purchasable","17":"product-type-variable","18":"has-default-attributes"},"spectra_custom_meta":{"_visibility":["visible"],"_shopify_product_id":["1678518681669"],"_s2w_shopify_domain":["erba-verda.myshopify.com"],"_shopify_variant_id":["15361227522117"],"_manage_stock":["no"],"total_sales":["1"],"_tax_status":["taxable"],"_tax_class":[""],"_backorders":["no"],"_sold_individually":["no"],"_virtual":["no"],"_downloadable":["no"],"_download_limit":["-1"],"_download_expiry":["-1"],"_stock":[null],"_stock_status":["instock"],"_wc_average_rating":["4.88"],"_wc_review_count":["107"],"_product_attributes":["a:1:{s:6:\"volume\";a:6:{s:4:\"name\";s:6:\"Volume\";s:5:\"value\";s:30:\"1 liter | 5 liters | 25 liters\";s:8:\"position\";i:1;s:10:\"is_visible\";i:0;s:12:\"is_variation\";i:1;s:11:\"is_taxonomy\";i:0;}}"],"_product_version":["9.9.3"],"_thumbnail_id":["23091"],"_product_image_gallery":["23092,23093"],"_edit_lock":["1750016457:1"],"_default_attributes":["a:1:{s:6:\"volume\";s:7:\"1 liter\";}"],"_price":["29.90","129.90","499.90"],"merchant-center-id":["LP1"],"merchant-center-availability":["yes"],"merchant-center-category":["505417"],"_edit_last":["1"],"_wp_page_template":["default"],"site-sidebar-layout":["default"],"ast-site-content-layout":["default"],"site-content-style":["default"],"site-sidebar-style":["default"],"theme-transparent-header-meta":["default"],"astra-migrate-meta-layouts":["set"],"_wc_rating_count":["a:2:{i:4;i:13;i:5;i:94;}"],"_uag_css_file_name":["uag-css-23018.css"],"_elementor_page_assets":["a:0:{}"],"_uag_page_assets":["a:9:{s:3:\"css\";s:7133:\".uag-blocks-common-selector{z-index:var(--z-index-desktop) !important}@media(max-width: 976px){.uag-blocks-common-selector{z-index:var(--z-index-tablet) !important}}@media(max-width: 767px){.uag-blocks-common-selector{z-index:var(--z-index-mobile) !important}}.wp-block-uagb-image{display:flex}.wp-block-uagb-image__figure{position:relative;display:flex;flex-direction:column;max-width:100%;height:auto;margin:0}.wp-block-uagb-image__figure img{height:auto;display:flex;max-width:100%;transition:box-shadow .2s ease}.wp-block-uagb-image__figure>a{display:inline-block}.wp-block-uagb-image__figure figcaption{text-align:center;margin-top:.5em;margin-bottom:1em}.wp-block-uagb-image .components-placeholder.block-editor-media-placeholder .components-placeholder__instructions{align-self:center}.wp-block-uagb-image--align-left{text-align:left}.wp-block-uagb-image--align-right{text-align:right}.wp-block-uagb-image--align-center{text-align:center}.wp-block-uagb-image--align-full .wp-block-uagb-image__figure{margin-left:calc(50% - 50vw);margin-right:calc(50% - 50vw);max-width:100vw;width:100vw;height:auto}.wp-block-uagb-image--align-full .wp-block-uagb-image__figure img{height:auto;width:100% !important}.wp-block-uagb-image--align-wide .wp-block-uagb-image__figure img{height:auto;width:100%}.wp-block-uagb-image--layout-overlay__color-wrapper{position:absolute;left:0;top:0;right:0;bottom:0;opacity:.2;background:rgba(0,0,0,.5);transition:opacity .35s ease-in-out}.wp-block-uagb-image--layout-overlay-link{position:absolute;left:0;right:0;bottom:0;top:0}.wp-block-uagb-image--layout-overlay .wp-block-uagb-image__figure:hover .wp-block-uagb-image--layout-overlay__color-wrapper{opacity:1}.wp-block-uagb-image--layout-overlay__inner{position:absolute;left:15px;right:15px;bottom:15px;top:15px;display:flex;align-items:center;justify-content:center;flex-direction:column;border-color:#fff;transition:.35s ease-in-out}.wp-block-uagb-image--layout-overlay__inner.top-left,.wp-block-uagb-image--layout-overlay__inner.top-center,.wp-block-uagb-image--layout-overlay__inner.top-right{justify-content:flex-start}.wp-block-uagb-image--layout-overlay__inner.bottom-left,.wp-block-uagb-image--layout-overlay__inner.bottom-center,.wp-block-uagb-image--layout-overlay__inner.bottom-right{justify-content:flex-end}.wp-block-uagb-image--layout-overlay__inner.top-left,.wp-block-uagb-image--layout-overlay__inner.center-left,.wp-block-uagb-image--layout-overlay__inner.bottom-left{align-items:flex-start}.wp-block-uagb-image--layout-overlay__inner.top-right,.wp-block-uagb-image--layout-overlay__inner.center-right,.wp-block-uagb-image--layout-overlay__inner.bottom-right{align-items:flex-end}.wp-block-uagb-image--layout-overlay__inner .uagb-image-heading{color:#fff;transition:transform .35s,opacity .35s ease-in-out;transform:translate3d(0, 24px, 0);margin:0;line-height:1em}.wp-block-uagb-image--layout-overlay__inner .uagb-image-separator{width:30%;border-top-width:2px;border-top-color:#fff;border-top-style:solid;margin-bottom:10px;opacity:0;transition:transform .4s,opacity .4s ease-in-out;transform:translate3d(0, 30px, 0)}.wp-block-uagb-image--layout-overlay__inner .uagb-image-caption{opacity:0;overflow:visible;color:#fff;transition:transform .45s,opacity .45s ease-in-out;transform:translate3d(0, 35px, 0)}.wp-block-uagb-image--layout-overlay__inner:hover .uagb-image-heading,.wp-block-uagb-image--layout-overlay__inner:hover .uagb-image-separator,.wp-block-uagb-image--layout-overlay__inner:hover .uagb-image-caption{opacity:1;transform:translate3d(0, 0, 0)}.wp-block-uagb-image--effect-zoomin .wp-block-uagb-image__figure img,.wp-block-uagb-image--effect-zoomin .wp-block-uagb-image__figure .wp-block-uagb-image--layout-overlay__color-wrapper{transform:scale(1);transition:transform .35s ease-in-out}.wp-block-uagb-image--effect-zoomin .wp-block-uagb-image__figure:hover img,.wp-block-uagb-image--effect-zoomin .wp-block-uagb-image__figure:hover .wp-block-uagb-image--layout-overlay__color-wrapper{transform:scale(1.05)}.wp-block-uagb-image--effect-slide .wp-block-uagb-image__figure img,.wp-block-uagb-image--effect-slide .wp-block-uagb-image__figure .wp-block-uagb-image--layout-overlay__color-wrapper{width:calc(100% + 40px) !important;max-width:none !important;transform:translate3d(-40px, 0, 0);transition:transform .35s ease-in-out}.wp-block-uagb-image--effect-slide .wp-block-uagb-image__figure:hover img,.wp-block-uagb-image--effect-slide .wp-block-uagb-image__figure:hover .wp-block-uagb-image--layout-overlay__color-wrapper{transform:translate3d(0, 0, 0)}.wp-block-uagb-image--effect-grayscale img{filter:grayscale(0%);transition:.35s ease-in-out}.wp-block-uagb-image--effect-grayscale:hover img{filter:grayscale(100%)}.wp-block-uagb-image--effect-blur img{filter:blur(0);transition:.35s ease-in-out}.wp-block-uagb-image--effect-blur:hover img{filter:blur(3px)}.uagb-block-e6f939b3.wp-block-uagb-image--layout-default figure img{box-shadow: 0px 0px 0 #00000070;}.uagb-block-e6f939b3.wp-block-uagb-image .wp-block-uagb-image__figure figcaption{font-style: normal;align-self: center;}.uagb-block-e6f939b3.wp-block-uagb-image--layout-overlay figure img{box-shadow: 0px 0px 0 #00000070;}.uagb-block-e6f939b3.wp-block-uagb-image--layout-overlay .wp-block-uagb-image--layout-overlay__color-wrapper{opacity: 0.2;}.uagb-block-e6f939b3.wp-block-uagb-image--layout-overlay .wp-block-uagb-image--layout-overlay__inner{left: 15px;right: 15px;top: 15px;bottom: 15px;}.uagb-block-e6f939b3.wp-block-uagb-image--layout-overlay .wp-block-uagb-image--layout-overlay__inner .uagb-image-heading{font-style: normal;color: #fff;opacity: 1;}.uagb-block-e6f939b3.wp-block-uagb-image--layout-overlay .wp-block-uagb-image--layout-overlay__inner .uagb-image-heading a{color: #fff;}.uagb-block-e6f939b3.wp-block-uagb-image--layout-overlay .wp-block-uagb-image--layout-overlay__inner .uagb-image-caption{opacity: 0;}.uagb-block-e6f939b3.wp-block-uagb-image--layout-overlay .wp-block-uagb-image__figure:hover .wp-block-uagb-image--layout-overlay__color-wrapper{opacity: 1;}.uagb-block-e6f939b3.wp-block-uagb-image .wp-block-uagb-image--layout-overlay__inner .uagb-image-separator{width: 30%;border-top-width: 2px;border-top-color: #fff;opacity: 0;}.uagb-block-e6f939b3.wp-block-uagb-image .wp-block-uagb-image__figure img{width: px;height: auto;}.uagb-block-e6f939b3.wp-block-uagb-image .wp-block-uagb-image__figure:hover .wp-block-uagb-image--layout-overlay__inner .uagb-image-caption{opacity: 1;}.uagb-block-e6f939b3.wp-block-uagb-image .wp-block-uagb-image__figure:hover .wp-block-uagb-image--layout-overlay__inner .uagb-image-separator{opacity: 1;}.uagb-block-e6f939b3.wp-block-uagb-image--layout-default figure:hover img{box-shadow: 0px 0px 0 #00000070;}.uagb-block-e6f939b3.wp-block-uagb-image--layout-overlay figure:hover img{box-shadow: 0px 0px 0 #00000070;}@media only screen and (max-width: 976px) {.uagb-block-e6f939b3.wp-block-uagb-image .wp-block-uagb-image__figure img{width: px;height: auto;}}@media only screen and (max-width: 767px) {.uagb-block-e6f939b3.wp-block-uagb-image .wp-block-uagb-image__figure img{width: px;height: auto;}}\";s:2:\"js\";s:0:\"\";s:18:\"current_block_list\";a:13:{i:0;s:11:\"core\/search\";i:1;s:10:\"core\/group\";i:2;s:12:\"core\/heading\";i:3;s:17:\"core\/latest-posts\";i:4;s:20:\"core\/latest-comments\";i:5;s:13:\"core\/archives\";i:6;s:15:\"core\/categories\";i:7;s:14:\"core\/paragraph\";i:8;s:10:\"uagb\/image\";i:9;s:11:\"core\/spacer\";i:10;s:30:\"woocommerce\/product-categories\";i:11;s:10:\"core\/image\";i:12;s:14:\"core\/shortcode\";}s:8:\"uag_flag\";b:1;s:11:\"uag_version\";s:10:\"1777645509\";s:6:\"gfonts\";a:0:{}s:10:\"gfonts_url\";s:0:\"\";s:12:\"gfonts_files\";a:0:{}s:14:\"uag_faq_layout\";b:0;}"]},"uagb_featured_image_src":{"full":["https:\/\/www.erbaverda.net\/wp-content\/uploads\/2025\/06\/Lawn_Paint_1ltrvrais.jpg",2560,2560,false],"thumbnail":["https:\/\/www.erbaverda.net\/wp-content\/uploads\/2025\/06\/Lawn_Paint_1ltrvrais-150x150.jpg",150,150,true],"medium":["https:\/\/www.erbaverda.net\/wp-content\/uploads\/2025\/06\/Lawn_Paint_1ltrvrais-300x300.jpg",300,300,true],"medium_large":["https:\/\/www.erbaverda.net\/wp-content\/uploads\/2025\/06\/Lawn_Paint_1ltrvrais-768x768.jpg",768,768,true],"large":["https:\/\/www.erbaverda.net\/wp-content\/uploads\/2025\/06\/Lawn_Paint_1ltrvrais-1024x1024.jpg",1024,1024,true],"1536x1536":["https:\/\/www.erbaverda.net\/wp-content\/uploads\/2025\/06\/Lawn_Paint_1ltrvrais-1536x1536.jpg",1536,1536,true],"2048x2048":["https:\/\/www.erbaverda.net\/wp-content\/uploads\/2025\/06\/Lawn_Paint_1ltrvrais-2048x2048.jpg",2048,2048,true],"trp-custom-language-flag":["https:\/\/www.erbaverda.net\/wp-content\/uploads\/2025\/06\/Lawn_Paint_1ltrvrais-12x12.jpg",12,12,true],"woocommerce_thumbnail":["https:\/\/www.erbaverda.net\/wp-content\/uploads\/2025\/06\/Lawn_Paint_1ltrvrais-300x300.jpg",300,300,true],"woocommerce_single":["https:\/\/www.erbaverda.net\/wp-content\/uploads\/2025\/06\/Lawn_Paint_1ltrvrais-600x600.jpg",600,600,true],"woocommerce_gallery_thumbnail":["https:\/\/www.erbaverda.net\/wp-content\/uploads\/2025\/06\/Lawn_Paint_1ltrvrais-100x100.jpg",100,100,true]},"uagb_author_info":{"display_name":"admin","author_link":"https:\/\/www.erbaverda.net\/ch-de\/author\/"},"uagb_comment_info":107,"uagb_excerpt":"\u00a0 \u00a0Long lasting.\u00a0Our lawn paints lasts three months. \u00a0 \u00a0No toxic ingredients.\u00a0We believe it is critical to preserve your lawn\u2019s natural ecosystem so your grass can breathe. \u00a0 \u00a0Half the price.\u00a0Costs half as much as competing products. \u00a0 \u00a0Environment friendly.\u00a0Is not hazardous to animals, and leaves no trace. \u00a0 \u00a0Saves water.\u00a0Water your lawn with only&hellip;","_links":{"self":[{"href":"https:\/\/www.erbaverda.net\/ch-de\/wp-json\/wp\/v2\/product\/23018","targetHints":{"allow":["GET"]}}],"collection":[{"href":"https:\/\/www.erbaverda.net\/ch-de\/wp-json\/wp\/v2\/product"}],"about":[{"href":"https:\/\/www.erbaverda.net\/ch-de\/wp-json\/wp\/v2\/types\/product"}],"replies":[{"embeddable":true,"href":"https:\/\/www.erbaverda.net\/ch-de\/wp-json\/wp\/v2\/comments?post=23018"}],"version-history":[{"count":2,"href":"https:\/\/www.erbaverda.net\/ch-de\/wp-json\/wp\/v2\/product\/23018\/revisions"}],"predecessor-version":[{"id":23162,"href":"https:\/\/www.erbaverda.net\/ch-de\/wp-json\/wp\/v2\/product\/23018\/revisions\/23162"}],"wp:featuredmedia":[{"embeddable":true,"href":"https:\/\/www.erbaverda.net\/ch-de\/wp-json\/wp\/v2\/media\/23091"}],"wp:attachment":[{"href":"https:\/\/www.erbaverda.net\/ch-de\/wp-json\/wp\/v2\/media?parent=23018"}],"wp:term":[{"taxonomy":"product_brand","embeddable":true,"href":"https:\/\/www.erbaverda.net\/ch-de\/wp-json\/wp\/v2\/product_brand?post=23018"},{"taxonomy":"product_cat","embeddable":true,"href":"https:\/\/www.erbaverda.net\/ch-de\/wp-json\/wp\/v2\/product_cat?post=23018"},{"taxonomy":"product_tag","embeddable":true,"href":"https:\/\/www.erbaverda.net\/ch-de\/wp-json\/wp\/v2\/product_tag?post=23018"}],"curies":[{"name":"wp","href":"https:\/\/api.w.org\/{rel}","templated":true}]}}