{"id":23014,"date":"2025-06-15T20:52:12","date_gmt":"2025-06-15T18:52:12","guid":{"rendered":"https:\/\/www.erbaverda.net\/products\/lawn-marking-paint\/"},"modified":"2025-06-15T21:49:14","modified_gmt":"2025-06-15T19:49:14","slug":"lawn-marking-paint","status":"publish","type":"product","link":"https:\/\/www.erbaverda.net\/dk\/products\/lawn-marking-paint\/","title":{"rendered":"Maling til markering af gr\u00e6spl\u00e6nen"},"content":{"rendered":"<p>&nbsp;<\/p>\n<p class=\"p1\"><span class=\"s1\"><b><img decoding=\"async\" src=\"https:\/\/www.erbaverda.net\/wp-content\/uploads\/2025\/06\/Feedbin-Icon-check.svg_8faf4e0b-f89d-486c-aa08-b431a33525ea_icon.png?v=1541148886\" alt=\"\" width=\"18\" height=\"15\" data-mce-fragment=\"1\" \/>\u00a0 \u00a0Lang levetid.\u00a0<\/b><\/span><span class=\"s2\">Vores pl\u00e6nemaling holder i tre m\u00e5neder.<\/span><\/p>\n<p class=\"p1\"><span class=\"s1\"><b><br \/>\n<img decoding=\"async\" src=\"https:\/\/www.erbaverda.net\/wp-content\/uploads\/2025\/06\/Feedbin-Icon-check.svg_8faf4e0b-f89d-486c-aa08-b431a33525ea_icon.png?v=1541148886\" alt=\"\" width=\"18\" height=\"15\" data-mce-fragment=\"1\" \/>\u00a0 \u00a0Ingen giftige ingredienser.\u00a0<\/b><\/span><span class=\"s2\">Vi mener, at det er vigtigt at bevare din pl\u00e6nes naturlige \u00f8kosystem, s\u00e5 dit gr\u00e6s kan \u00e5nde.<\/span><\/p>\n<p class=\"p1\"><span class=\"s1\"><b><br \/>\n<img decoding=\"async\" src=\"https:\/\/www.erbaverda.net\/wp-content\/uploads\/2025\/06\/Feedbin-Icon-check.svg_8faf4e0b-f89d-486c-aa08-b431a33525ea_icon.png?v=1541148886\" alt=\"\" width=\"18\" height=\"15\" data-mce-fragment=\"1\" \/>\u00a0 \u00a0Halv pris.\u00a0<\/b><\/span><span class=\"s2\">Koster halvt s\u00e5 meget som konkurrerende produkter.<\/span><\/p>\n<p class=\"p1\"><span class=\"s1\"><b><br \/>\n<img decoding=\"async\" src=\"https:\/\/www.erbaverda.net\/wp-content\/uploads\/2025\/06\/Feedbin-Icon-check.svg_8faf4e0b-f89d-486c-aa08-b431a33525ea_icon.png?v=1541148886\" alt=\"\" width=\"18\" height=\"15\" data-mce-fragment=\"1\" \/>\u00a0 \u00a0Milj\u00f8venlig.\u00a0<\/b><\/span><span class=\"s2\">Er ikke farlig for dyr og efterlader ingen spor.<\/span><\/p>\n<p class=\"p1\"><span class=\"s1\"><b><br \/>\n<img decoding=\"async\" src=\"https:\/\/www.erbaverda.net\/wp-content\/uploads\/2025\/06\/Feedbin-Icon-check.svg_8faf4e0b-f89d-486c-aa08-b431a33525ea_icon.png?v=1541148886\" alt=\"\" width=\"18\" height=\"15\" data-mce-fragment=\"1\" \/>\u00a0 \u00a0Sparer p\u00e5 vandet.\u00a0<\/b><\/span><span class=\"s2\">Vand kun din gr\u00e6spl\u00e6ne med den m\u00e6ngde, der er n\u00f8dvendig for at holde den sund.<\/span><\/p>\n<p class=\"p1\"><span class=\"s1\"><b><br \/>\n<img decoding=\"async\" src=\"https:\/\/www.erbaverda.net\/wp-content\/uploads\/2025\/06\/Feedbin-Icon-check.svg_8faf4e0b-f89d-486c-aa08-b431a33525ea_icon.png?v=1541148886\" alt=\"\" width=\"18\" height=\"15\" data-mce-fragment=\"1\" \/>\u00a0 \u00a0Anvendelse.\u00a0<\/b><\/span><span class=\"s2\">P\u00e5f\u00f8r med rulle, pensel eller spr\u00f8jte.<\/span><\/p>\n<p class=\"p1\"><span class=\"s1\"><b><br \/>\n<img decoding=\"async\" src=\"https:\/\/www.erbaverda.net\/wp-content\/uploads\/2025\/06\/Feedbin-Icon-check.svg_8faf4e0b-f89d-486c-aa08-b431a33525ea_icon.png?v=1541148886\" alt=\"\" width=\"18\" height=\"15\" data-mce-fragment=\"1\" \/>\u00a0 \u00a0Omkostningseffektiv.\u00a0<\/b><\/span><span class=\"s2\">En r\u00e6kkevidde p\u00e5 20 til 40 m<\/span><span class=\"s3\"><sup>2<\/sup><\/span><span class=\"s2\">\/L, n\u00e5r det p\u00e5f\u00f8res med en spr\u00f8jte p\u00e5 de ber\u00f8rte overflader.<\/span><\/p>\n<h2 class=\"p2\"><span class=\"s2\">Instruktioner<\/span><\/h2>\n<ul class=\"ul1\">\n<li class=\"li3\"><span class=\"s5\"><b>F\u00f8r maling:\u00a0<\/b><\/span><span class=\"s6\">Pl\u00e6nen skal v\u00e6re klippet, t\u00f8r og ryddet for affald.<\/span><\/li>\n<li class=\"li3\"><span class=\"s5\"><b>Instruktioner for blanding:<\/b><\/span><span class=\"s6\">\u00a0Bland en del pl\u00e6nemaling med seks dele vand i en havespr\u00f8jte (f\u00e5s p\u00e5 vores hjemmeside). Luk spr\u00f8jten, og ryst den kraftigt. Pump spr\u00f8jten helt op, og spr\u00f8jt en lille m\u00e6ngde for at tjekke den \u00f8nskede farvenuance. V\u00e6r opm\u00e6rksom p\u00e5, at blandingen i disse m\u00e6ngder kan v\u00e6re m\u00f8rkere eller lysere end den \u00f8nskede nuance. Hvis farven er for m\u00f8rk, skal du forts\u00e6tte med at tils\u00e6tte en del vand (en del ad gangen), indtil du opn\u00e5r den \u00f8nskede nuance. De fleste forbrugere foretr\u00e6kker de nuancer, der skabes ved et forhold mellem maling og vand p\u00e5 1-6 eller 1-8. N\u00e5r det er sagt, foretr\u00e6kker andre en endnu lysere nuance (forholdet 1-10). Det er altid lettere at tils\u00e6tte mere vand til blandingen end mere maling, og derfor anbefaler vi, at man starter med et forhold p\u00e5 1-6 og g\u00e5r videre derfra.<\/span><\/li>\n<li class=\"li3\"><span class=\"s5\"><b>Tips: \u00a0<\/b><\/span><span class=\"s6\">Vi opfordrer dig til f\u00f8rst at eksperimentere p\u00e5 nogle sm\u00e5 omr\u00e5der, indtil du f\u00e5r den \u00f8nskede nuance. N\u00e5r du har den \u00f8nskede nuance, skal du spr\u00f8jte pl\u00e6nen i et tilf\u00e6ldigt kredsl\u00f8bsm\u00f8nster for at undg\u00e5 synlige linjer og for at skabe et mere realistisk udseende. Hold spr\u00f8jtedysen mindst 20 cm fra gr\u00e6sstr\u00e5ene. For at opn\u00e5 de bedste resultater anbefaler vi p\u00e5 grund af Erba Verda's naturlige sammens\u00e6tning at ryste spr\u00f8jten b\u00e5de f\u00f8r p\u00e5f\u00f8ring og regelm\u00e6ssigt under hele processen for at forhindre, at pigmentet s\u00e6tter sig eller blokerer dysen. Indstil altid spr\u00f8jten til den finest mulige spr\u00f8jteindstilling for at sikre den bedst mulige anvendelse. Det er bedst at undg\u00e5 at spr\u00f8jte med lavt tryk og at spr\u00f8jte med afl\u00f8b, da det vil medf\u00f8re un\u00f8digt spild af produkt. N\u00e5r du er f\u00e6rdig med at male, anbefaler vi, at du skruer spr\u00f8jtedysen af og reng\u00f8r den. S\u00f8rg for at forts\u00e6tte med at skylle spr\u00f8jten, indtil der kun kommer klart vand ud af dysen, n\u00e5r den er pumpet. Det sikrer, at din pumpe holder l\u00e6ngere og er klar n\u00e6ste gang, du skal bruge den. Undg\u00e5 at g\u00e5 p\u00e5 cement, fliser, terrasser osv. med sko, der er d\u00e6kket af v\u00e5d maling. S\u00f8rg for, at dine sko er t\u00f8rre, f\u00f8r du forlader det spr\u00f8jtede omr\u00e5de. For at undg\u00e5 for mange st\u00e6nk p\u00e5 kanten af betonen t\u00e6ttest p\u00e5 gr\u00e6sset skal du bev\u00e6ge dig i retning af pl\u00e6nen, n\u00e5r du spr\u00f8jter. Alternativt kan du h\u00e6lde en del af pl\u00e6nemalingsblandingen i en almindelig sprayflaske (en hvilken som helst gammel sprayflaske kan bruges) og spr\u00f8jte det tilst\u00f8dende gr\u00e6s p\u00e5 t\u00e6t hold.<\/span><\/li>\n<li class=\"li4\"><span class=\"s5\"><b>Forsigtighedsregler:\u00a0<\/b><\/span><span class=\"s6\">Tag dig god tid, og p\u00e5f\u00f8r malingen omhyggeligt for at undg\u00e5 utilsigtede st\u00e6nk, spor af maling med v\u00e5de sko eller spild af maling.\u00a0<\/span>Spr\u00f8jt ikke i bl\u00e6sende eller v\u00e5dt vejr. D\u00e6k de omr\u00e5der til, som du ikke vil spr\u00f8jte, og brug altid beskyttelsest\u00f8j og gamle sko, da de kan blive plettet af malingen. Vi anbefaler ogs\u00e5, at du bruger beskyttelsesbriller, handsker og \u00e5ndedr\u00e6tsv\u00e6rn, da malingen kan for\u00e5rsage irritation hos nogle mennesker. Spr\u00f8jt ikke, n\u00e5r der er andre til stede, medmindre de ogs\u00e5 har beskyttelsesudstyr p\u00e5. Som med alle uspiselige v\u00e6sker skal malingen opbevares utilg\u00e6ngeligt for b\u00f8rn. I tilf\u00e6lde af utilsigtet spr\u00f8jtning anbefaler vi, at man har en spand s\u00e6bevand og en metal- eller nylonb\u00f8rste (som man bruger til at reng\u00f8re en grill) ved h\u00e5nden til at fjerne u\u00f8nsket spr\u00f8jtning p\u00e5 beton osv. Det fungerer ogs\u00e5 rigtig godt til at fjerne maling, der ved et uheld er blevet p\u00e5f\u00f8rt en hvilken som helst h\u00e5rd overflade, f.eks. beton eller mursten. T\u00f8rretiden er ca. 30 minutter i solrigt vejr. Skygge, overskyet vejr og fugt kan have stor indflydelse p\u00e5 t\u00f8rretiden. Tjek, at malingen er helt t\u00f8r, f\u00f8r du lader nogen g\u00e5 p\u00e5 pl\u00e6nen.<\/li>\n<\/ul>\n<ul class=\"ul1\">\n<li class=\"li3\"><span class=\"s5\"><b>D\u00e6kning:<\/b><\/span><span class=\"s6\">\u00a020 til 40 m<\/span><span class=\"s7\"><sup>2<\/sup><\/span><span class=\"s6\">\/L. Da faktorer som fortyndingsforholdet, gr\u00e6ssets tilstand, dets l\u00e6ngde, p\u00e5f\u00f8ringstypen, p\u00e5f\u00f8ringsmetoden og den \u00f8nskede skygge er uden for vores kontrol, kan vi ikke garantere specifikke d\u00e6kningsgrader. Vi giver derfor \"gennemsnitlige\" d\u00e6kningsgrader baseret p\u00e5 vores egne uafh\u00e6ngige tests. Hvis gr\u00e6sset er helt gulnet og udt\u00f8rret, eller hvis du foretr\u00e6kker en m\u00f8rkere nuance, vil malingen naturligvis ikke d\u00e6kke lige s\u00e5 godt som p\u00e5 en pl\u00e6ne, der lige er begyndt at falme, eller hvis du \u00f8nsker en lysere nuance.<\/span><\/li>\n<li class=\"li3\"><span class=\"s5\"><b>Lang levetid:<\/b><\/span><span class=\"s6\">\u00a0Hvis gr\u00e6sset stadig vokser, og du klipper det malede omr\u00e5de, vil farven kun holde, indtil det er tid til at klippe igen. Under ideelle og t\u00f8rre klimatiske forhold med en sovende gr\u00e6st\u00f8rv, og hvor gr\u00e6st\u00f8rven stadig er b\u00f8jelig (ikke knasende), har der v\u00e6ret tilf\u00e6lde, hvor malingen har holdt i op til seks m\u00e5neder. Hvor l\u00e6nge malingen holder, afh\u00e6nger af gr\u00e6ssets tilstand, typen af gr\u00e6s, vejrforholdene, hvor meget man g\u00e5r p\u00e5 pl\u00e6nen osv. Der er for mange variabler uden for vores kontrol til, at vi kan give specifikke tidsintervaller eller garantier. N\u00e5r det er sagt, rapporterer de fleste af vores kunder om en \"farvelevetid\" p\u00e5 1 til 3 m\u00e5neder.<\/span><\/li>\n<li class=\"li7\"><span class=\"s6\">Pl\u00e6nemaling er en nem og sjov l\u00f8sning p\u00e5 mange almindelige problemer med gr\u00e6spl\u00e6nen. Hvis du ved, hvad du kan forvente, f\u00f8r du begynder at spr\u00f8jte, og f\u00f8lger ovenst\u00e5ende instruktioner, vil det g\u00e5 meget nemmere og mere gnidningsfrit at male din gr\u00e6spl\u00e6ne. Hvis du har sp\u00f8rgsm\u00e5l, er du som altid velkommen til at kontakte vores Erba Verda-kundesupportteam.<\/span><\/li>\n<\/ul>","protected":false},"excerpt":{"rendered":"<p>&nbsp; \u00a0 \u00a0Long lasting.\u00a0Our lawn paints lasts three months. \u00a0 \u00a0No toxic ingredients.\u00a0We believe it is critical to preserve your lawn\u2019s natural ecosystem so your grass can breathe. \u00a0 \u00a0Half the price.\u00a0Costs half as much as competing products. \u00a0 \u00a0Environment friendly.\u00a0Is not hazardous to animals, and leaves no trace. \u00a0 \u00a0Saves water.\u00a0Water your lawn with [&hellip;]<\/p>\n","protected":false},"featured_media":23088,"comment_status":"open","ping_status":"closed","template":"","meta":{"_uag_custom_page_level_css":"","site-sidebar-layout":"default","site-content-layout":"","ast-site-content-layout":"default","site-content-style":"default","site-sidebar-style":"default","ast-global-header-display":"","ast-banner-title-visibility":"","ast-main-header-display":"","ast-hfb-above-header-display":"","ast-hfb-below-header-display":"","ast-hfb-mobile-header-display":"","site-post-title":"","ast-breadcrumbs-content":"","ast-featured-img":"","footer-sml-layout":"","ast-disable-related-posts":"","theme-transparent-header-meta":"default","adv-header-id-meta":"","stick-header-meta":"","header-above-stick-meta":"","header-main-stick-meta":"","header-below-stick-meta":"","astra-migrate-meta-layouts":"set","ast-page-background-enabled":"default","ast-page-background-meta":{"desktop":{"background-color":"var(--ast-global-color-4)","background-image":"","background-repeat":"repeat","background-position":"center center","background-size":"auto","background-attachment":"scroll","background-type":"","background-media":"","overlay-type":"","overlay-color":"","overlay-opacity":"","overlay-gradient":""},"tablet":{"background-color":"","background-image":"","background-repeat":"repeat","background-position":"center center","background-size":"auto","background-attachment":"scroll","background-type":"","background-media":"","overlay-type":"","overlay-color":"","overlay-opacity":"","overlay-gradient":""},"mobile":{"background-color":"","background-image":"","background-repeat":"repeat","background-position":"center center","background-size":"auto","background-attachment":"scroll","background-type":"","background-media":"","overlay-type":"","overlay-color":"","overlay-opacity":"","overlay-gradient":""}},"ast-content-background-meta":{"desktop":{"background-color":"var(--ast-global-color-5)","background-image":"","background-repeat":"repeat","background-position":"center center","background-size":"auto","background-attachment":"scroll","background-type":"","background-media":"","overlay-type":"","overlay-color":"","overlay-opacity":"","overlay-gradient":""},"tablet":{"background-color":"var(--ast-global-color-5)","background-image":"","background-repeat":"repeat","background-position":"center center","background-size":"auto","background-attachment":"scroll","background-type":"","background-media":"","overlay-type":"","overlay-color":"","overlay-opacity":"","overlay-gradient":""},"mobile":{"background-color":"var(--ast-global-color-5)","background-image":"","background-repeat":"repeat","background-position":"center center","background-size":"auto","background-attachment":"scroll","background-type":"","background-media":"","overlay-type":"","overlay-color":"","overlay-opacity":"","overlay-gradient":""}}},"product_brand":[],"product_cat":[15],"product_tag":[],"class_list":{"0":"post-23014","1":"product","2":"type-product","3":"status-publish","4":"has-post-thumbnail","6":"product_cat-shop","7":"desktop-align-left","8":"tablet-align-left","9":"mobile-align-left","11":"first","12":"instock","13":"sale","14":"taxable","15":"shipping-taxable","16":"purchasable","17":"product-type-variable","18":"has-default-attributes"},"spectra_custom_meta":{"_visibility":["visible"],"_shopify_product_id":["1678530183237"],"_s2w_shopify_domain":["erba-verda.myshopify.com"],"_shopify_variant_id":["39470206320698"],"_manage_stock":["no"],"total_sales":["1"],"_tax_status":["taxable"],"_tax_class":[""],"_backorders":["no"],"_sold_individually":["no"],"_virtual":["no"],"_downloadable":["no"],"_download_limit":["-1"],"_download_expiry":["-1"],"_stock":[null],"_stock_status":["instock"],"_wc_average_rating":["4.87"],"_wc_review_count":["89"],"_product_attributes":["a:1:{s:6:\"volume\";a:6:{s:4:\"name\";s:6:\"Volume\";s:5:\"value\";s:20:\"5 liters | 25 liters\";s:8:\"position\";i:1;s:10:\"is_visible\";i:0;s:12:\"is_variation\";i:1;s:11:\"is_taxonomy\";i:0;}}"],"_product_version":["9.9.3"],"_thumbnail_id":["23088"],"_edit_lock":["1750016529:1"],"_default_attributes":["a:1:{s:6:\"volume\";s:8:\"5 liters\";}"],"_price":["29.90","99.90"],"merchant-center-id":["LMP1"],"merchant-center-availability":["yes"],"merchant-center-category":["505417"],"_edit_last":["1"],"_wp_page_template":["default"],"site-sidebar-layout":["default"],"ast-site-content-layout":["default"],"site-content-style":["default"],"site-sidebar-style":["default"],"theme-transparent-header-meta":["default"],"astra-migrate-meta-layouts":["set"],"_wc_rating_count":["a:2:{i:4;i:12;i:5;i:77;}"],"_uag_css_file_name":["uag-css-23014.css"],"_elementor_page_assets":["a:0:{}"],"_uag_page_assets":["a:9:{s:3:\"css\";s:7133:\".uag-blocks-common-selector{z-index:var(--z-index-desktop) !important}@media(max-width: 976px){.uag-blocks-common-selector{z-index:var(--z-index-tablet) !important}}@media(max-width: 767px){.uag-blocks-common-selector{z-index:var(--z-index-mobile) !important}}.wp-block-uagb-image{display:flex}.wp-block-uagb-image__figure{position:relative;display:flex;flex-direction:column;max-width:100%;height:auto;margin:0}.wp-block-uagb-image__figure img{height:auto;display:flex;max-width:100%;transition:box-shadow .2s ease}.wp-block-uagb-image__figure>a{display:inline-block}.wp-block-uagb-image__figure figcaption{text-align:center;margin-top:.5em;margin-bottom:1em}.wp-block-uagb-image .components-placeholder.block-editor-media-placeholder .components-placeholder__instructions{align-self:center}.wp-block-uagb-image--align-left{text-align:left}.wp-block-uagb-image--align-right{text-align:right}.wp-block-uagb-image--align-center{text-align:center}.wp-block-uagb-image--align-full .wp-block-uagb-image__figure{margin-left:calc(50% - 50vw);margin-right:calc(50% - 50vw);max-width:100vw;width:100vw;height:auto}.wp-block-uagb-image--align-full .wp-block-uagb-image__figure img{height:auto;width:100% !important}.wp-block-uagb-image--align-wide .wp-block-uagb-image__figure img{height:auto;width:100%}.wp-block-uagb-image--layout-overlay__color-wrapper{position:absolute;left:0;top:0;right:0;bottom:0;opacity:.2;background:rgba(0,0,0,.5);transition:opacity .35s ease-in-out}.wp-block-uagb-image--layout-overlay-link{position:absolute;left:0;right:0;bottom:0;top:0}.wp-block-uagb-image--layout-overlay .wp-block-uagb-image__figure:hover .wp-block-uagb-image--layout-overlay__color-wrapper{opacity:1}.wp-block-uagb-image--layout-overlay__inner{position:absolute;left:15px;right:15px;bottom:15px;top:15px;display:flex;align-items:center;justify-content:center;flex-direction:column;border-color:#fff;transition:.35s ease-in-out}.wp-block-uagb-image--layout-overlay__inner.top-left,.wp-block-uagb-image--layout-overlay__inner.top-center,.wp-block-uagb-image--layout-overlay__inner.top-right{justify-content:flex-start}.wp-block-uagb-image--layout-overlay__inner.bottom-left,.wp-block-uagb-image--layout-overlay__inner.bottom-center,.wp-block-uagb-image--layout-overlay__inner.bottom-right{justify-content:flex-end}.wp-block-uagb-image--layout-overlay__inner.top-left,.wp-block-uagb-image--layout-overlay__inner.center-left,.wp-block-uagb-image--layout-overlay__inner.bottom-left{align-items:flex-start}.wp-block-uagb-image--layout-overlay__inner.top-right,.wp-block-uagb-image--layout-overlay__inner.center-right,.wp-block-uagb-image--layout-overlay__inner.bottom-right{align-items:flex-end}.wp-block-uagb-image--layout-overlay__inner .uagb-image-heading{color:#fff;transition:transform .35s,opacity .35s ease-in-out;transform:translate3d(0, 24px, 0);margin:0;line-height:1em}.wp-block-uagb-image--layout-overlay__inner .uagb-image-separator{width:30%;border-top-width:2px;border-top-color:#fff;border-top-style:solid;margin-bottom:10px;opacity:0;transition:transform .4s,opacity .4s ease-in-out;transform:translate3d(0, 30px, 0)}.wp-block-uagb-image--layout-overlay__inner .uagb-image-caption{opacity:0;overflow:visible;color:#fff;transition:transform .45s,opacity .45s ease-in-out;transform:translate3d(0, 35px, 0)}.wp-block-uagb-image--layout-overlay__inner:hover .uagb-image-heading,.wp-block-uagb-image--layout-overlay__inner:hover .uagb-image-separator,.wp-block-uagb-image--layout-overlay__inner:hover .uagb-image-caption{opacity:1;transform:translate3d(0, 0, 0)}.wp-block-uagb-image--effect-zoomin .wp-block-uagb-image__figure img,.wp-block-uagb-image--effect-zoomin .wp-block-uagb-image__figure .wp-block-uagb-image--layout-overlay__color-wrapper{transform:scale(1);transition:transform .35s ease-in-out}.wp-block-uagb-image--effect-zoomin .wp-block-uagb-image__figure:hover img,.wp-block-uagb-image--effect-zoomin .wp-block-uagb-image__figure:hover .wp-block-uagb-image--layout-overlay__color-wrapper{transform:scale(1.05)}.wp-block-uagb-image--effect-slide .wp-block-uagb-image__figure img,.wp-block-uagb-image--effect-slide .wp-block-uagb-image__figure .wp-block-uagb-image--layout-overlay__color-wrapper{width:calc(100% + 40px) !important;max-width:none !important;transform:translate3d(-40px, 0, 0);transition:transform .35s ease-in-out}.wp-block-uagb-image--effect-slide .wp-block-uagb-image__figure:hover img,.wp-block-uagb-image--effect-slide .wp-block-uagb-image__figure:hover .wp-block-uagb-image--layout-overlay__color-wrapper{transform:translate3d(0, 0, 0)}.wp-block-uagb-image--effect-grayscale img{filter:grayscale(0%);transition:.35s ease-in-out}.wp-block-uagb-image--effect-grayscale:hover img{filter:grayscale(100%)}.wp-block-uagb-image--effect-blur img{filter:blur(0);transition:.35s ease-in-out}.wp-block-uagb-image--effect-blur:hover img{filter:blur(3px)}.uagb-block-e6f939b3.wp-block-uagb-image--layout-default figure img{box-shadow: 0px 0px 0 #00000070;}.uagb-block-e6f939b3.wp-block-uagb-image .wp-block-uagb-image__figure figcaption{font-style: normal;align-self: center;}.uagb-block-e6f939b3.wp-block-uagb-image--layout-overlay figure img{box-shadow: 0px 0px 0 #00000070;}.uagb-block-e6f939b3.wp-block-uagb-image--layout-overlay .wp-block-uagb-image--layout-overlay__color-wrapper{opacity: 0.2;}.uagb-block-e6f939b3.wp-block-uagb-image--layout-overlay .wp-block-uagb-image--layout-overlay__inner{left: 15px;right: 15px;top: 15px;bottom: 15px;}.uagb-block-e6f939b3.wp-block-uagb-image--layout-overlay .wp-block-uagb-image--layout-overlay__inner .uagb-image-heading{font-style: normal;color: #fff;opacity: 1;}.uagb-block-e6f939b3.wp-block-uagb-image--layout-overlay .wp-block-uagb-image--layout-overlay__inner .uagb-image-heading a{color: #fff;}.uagb-block-e6f939b3.wp-block-uagb-image--layout-overlay .wp-block-uagb-image--layout-overlay__inner .uagb-image-caption{opacity: 0;}.uagb-block-e6f939b3.wp-block-uagb-image--layout-overlay .wp-block-uagb-image__figure:hover .wp-block-uagb-image--layout-overlay__color-wrapper{opacity: 1;}.uagb-block-e6f939b3.wp-block-uagb-image .wp-block-uagb-image--layout-overlay__inner .uagb-image-separator{width: 30%;border-top-width: 2px;border-top-color: #fff;opacity: 0;}.uagb-block-e6f939b3.wp-block-uagb-image .wp-block-uagb-image__figure img{width: px;height: auto;}.uagb-block-e6f939b3.wp-block-uagb-image .wp-block-uagb-image__figure:hover .wp-block-uagb-image--layout-overlay__inner .uagb-image-caption{opacity: 1;}.uagb-block-e6f939b3.wp-block-uagb-image .wp-block-uagb-image__figure:hover .wp-block-uagb-image--layout-overlay__inner .uagb-image-separator{opacity: 1;}.uagb-block-e6f939b3.wp-block-uagb-image--layout-default figure:hover img{box-shadow: 0px 0px 0 #00000070;}.uagb-block-e6f939b3.wp-block-uagb-image--layout-overlay figure:hover img{box-shadow: 0px 0px 0 #00000070;}@media only screen and (max-width: 976px) {.uagb-block-e6f939b3.wp-block-uagb-image .wp-block-uagb-image__figure img{width: px;height: auto;}}@media only screen and (max-width: 767px) {.uagb-block-e6f939b3.wp-block-uagb-image .wp-block-uagb-image__figure img{width: px;height: auto;}}\";s:2:\"js\";s:0:\"\";s:18:\"current_block_list\";a:13:{i:0;s:11:\"core\/search\";i:1;s:10:\"core\/group\";i:2;s:12:\"core\/heading\";i:3;s:17:\"core\/latest-posts\";i:4;s:20:\"core\/latest-comments\";i:5;s:13:\"core\/archives\";i:6;s:15:\"core\/categories\";i:7;s:14:\"core\/paragraph\";i:8;s:10:\"uagb\/image\";i:9;s:11:\"core\/spacer\";i:10;s:30:\"woocommerce\/product-categories\";i:11;s:10:\"core\/image\";i:12;s:14:\"core\/shortcode\";}s:8:\"uag_flag\";b:1;s:11:\"uag_version\";s:10:\"1777643927\";s:6:\"gfonts\";a:0:{}s:10:\"gfonts_url\";s:0:\"\";s:12:\"gfonts_files\";a:0:{}s:14:\"uag_faq_layout\";b:0;}"]},"uagb_featured_image_src":{"full":["https:\/\/www.erbaverda.net\/wp-content\/uploads\/2025\/06\/Lawn_Marking_Paint_25ltr_cite.jpg",2560,2560,false],"thumbnail":["https:\/\/www.erbaverda.net\/wp-content\/uploads\/2025\/06\/Lawn_Marking_Paint_25ltr_cite-150x150.jpg",150,150,true],"medium":["https:\/\/www.erbaverda.net\/wp-content\/uploads\/2025\/06\/Lawn_Marking_Paint_25ltr_cite-300x300.jpg",300,300,true],"medium_large":["https:\/\/www.erbaverda.net\/wp-content\/uploads\/2025\/06\/Lawn_Marking_Paint_25ltr_cite-768x768.jpg",768,768,true],"large":["https:\/\/www.erbaverda.net\/wp-content\/uploads\/2025\/06\/Lawn_Marking_Paint_25ltr_cite-1024x1024.jpg",1024,1024,true],"1536x1536":["https:\/\/www.erbaverda.net\/wp-content\/uploads\/2025\/06\/Lawn_Marking_Paint_25ltr_cite-1536x1536.jpg",1536,1536,true],"2048x2048":["https:\/\/www.erbaverda.net\/wp-content\/uploads\/2025\/06\/Lawn_Marking_Paint_25ltr_cite-2048x2048.jpg",2048,2048,true],"trp-custom-language-flag":["https:\/\/www.erbaverda.net\/wp-content\/uploads\/2025\/06\/Lawn_Marking_Paint_25ltr_cite-12x12.jpg",12,12,true],"woocommerce_thumbnail":["https:\/\/www.erbaverda.net\/wp-content\/uploads\/2025\/06\/Lawn_Marking_Paint_25ltr_cite-300x300.jpg",300,300,true],"woocommerce_single":["https:\/\/www.erbaverda.net\/wp-content\/uploads\/2025\/06\/Lawn_Marking_Paint_25ltr_cite-600x600.jpg",600,600,true],"woocommerce_gallery_thumbnail":["https:\/\/www.erbaverda.net\/wp-content\/uploads\/2025\/06\/Lawn_Marking_Paint_25ltr_cite-100x100.jpg",100,100,true]},"uagb_author_info":{"display_name":"admin","author_link":"https:\/\/www.erbaverda.net\/dk\/author\/"},"uagb_comment_info":89,"uagb_excerpt":"&nbsp; \u00a0 \u00a0Long lasting.\u00a0Our lawn paints lasts three months. \u00a0 \u00a0No toxic ingredients.\u00a0We believe it is critical to preserve your lawn\u2019s natural ecosystem so your grass can breathe. \u00a0 \u00a0Half the price.\u00a0Costs half as much as competing products. \u00a0 \u00a0Environment friendly.\u00a0Is not hazardous to animals, and leaves no trace. \u00a0 \u00a0Saves water.\u00a0Water your lawn with&hellip;","_links":{"self":[{"href":"https:\/\/www.erbaverda.net\/dk\/wp-json\/wp\/v2\/product\/23014","targetHints":{"allow":["GET"]}}],"collection":[{"href":"https:\/\/www.erbaverda.net\/dk\/wp-json\/wp\/v2\/product"}],"about":[{"href":"https:\/\/www.erbaverda.net\/dk\/wp-json\/wp\/v2\/types\/product"}],"replies":[{"embeddable":true,"href":"https:\/\/www.erbaverda.net\/dk\/wp-json\/wp\/v2\/comments?post=23014"}],"version-history":[{"count":2,"href":"https:\/\/www.erbaverda.net\/dk\/wp-json\/wp\/v2\/product\/23014\/revisions"}],"predecessor-version":[{"id":23163,"href":"https:\/\/www.erbaverda.net\/dk\/wp-json\/wp\/v2\/product\/23014\/revisions\/23163"}],"wp:featuredmedia":[{"embeddable":true,"href":"https:\/\/www.erbaverda.net\/dk\/wp-json\/wp\/v2\/media\/23088"}],"wp:attachment":[{"href":"https:\/\/www.erbaverda.net\/dk\/wp-json\/wp\/v2\/media?parent=23014"}],"wp:term":[{"taxonomy":"product_brand","embeddable":true,"href":"https:\/\/www.erbaverda.net\/dk\/wp-json\/wp\/v2\/product_brand?post=23014"},{"taxonomy":"product_cat","embeddable":true,"href":"https:\/\/www.erbaverda.net\/dk\/wp-json\/wp\/v2\/product_cat?post=23014"},{"taxonomy":"product_tag","embeddable":true,"href":"https:\/\/www.erbaverda.net\/dk\/wp-json\/wp\/v2\/product_tag?post=23014"}],"curies":[{"name":"wp","href":"https:\/\/api.w.org\/{rel}","templated":true}]}}