{"id":23014,"date":"2025-06-15T20:52:12","date_gmt":"2025-06-15T18:52:12","guid":{"rendered":"https:\/\/www.erbaverda.net\/products\/lawn-marking-paint\/"},"modified":"2025-06-15T21:49:14","modified_gmt":"2025-06-15T19:49:14","slug":"lawn-marking-paint","status":"publish","type":"product","link":"https:\/\/www.erbaverda.net\/ee\/products\/lawn-marking-paint\/","title":{"rendered":"Muru m\u00e4rgistamise v\u00e4rv"},"content":{"rendered":"<p>&nbsp;<\/p>\n<p class=\"p1\"><span class=\"s1\"><b><img decoding=\"async\" src=\"https:\/\/www.erbaverda.net\/wp-content\/uploads\/2025\/06\/Feedbin-Icon-check.svg_8faf4e0b-f89d-486c-aa08-b431a33525ea_icon.png?v=1541148886\" alt=\"\" width=\"18\" height=\"15\" data-mce-fragment=\"1\" \/>\u00a0 \u00a0Pikaajaline.\u00a0<\/b><\/span><span class=\"s2\">Meie muruv\u00e4rvid kestavad kolm kuud.<\/span><\/p>\n<p class=\"p1\"><span class=\"s1\"><b><br \/>\n<img decoding=\"async\" src=\"https:\/\/www.erbaverda.net\/wp-content\/uploads\/2025\/06\/Feedbin-Icon-check.svg_8faf4e0b-f89d-486c-aa08-b431a33525ea_icon.png?v=1541148886\" alt=\"\" width=\"18\" height=\"15\" data-mce-fragment=\"1\" \/>\u00a0 \u00a0Ei sisalda m\u00fcrgiseid koostisosi.\u00a0<\/b><\/span><span class=\"s2\">Me usume, et on oluline s\u00e4ilitada teie muru loomulik \u00f6kos\u00fcsteem, et teie muru saaks hingata.<\/span><\/p>\n<p class=\"p1\"><span class=\"s1\"><b><br \/>\n<img decoding=\"async\" src=\"https:\/\/www.erbaverda.net\/wp-content\/uploads\/2025\/06\/Feedbin-Icon-check.svg_8faf4e0b-f89d-486c-aa08-b431a33525ea_icon.png?v=1541148886\" alt=\"\" width=\"18\" height=\"15\" data-mce-fragment=\"1\" \/>\u00a0 \u00a0Pool hinda.\u00a0<\/b><\/span><span class=\"s2\">Maksab poole v\u00e4hem kui konkureerivad tooted.<\/span><\/p>\n<p class=\"p1\"><span class=\"s1\"><b><br \/>\n<img decoding=\"async\" src=\"https:\/\/www.erbaverda.net\/wp-content\/uploads\/2025\/06\/Feedbin-Icon-check.svg_8faf4e0b-f89d-486c-aa08-b431a33525ea_icon.png?v=1541148886\" alt=\"\" width=\"18\" height=\"15\" data-mce-fragment=\"1\" \/>\u00a0 \u00a0Keskkonnas\u00f5bralik.\u00a0<\/b><\/span><span class=\"s2\">Ei ole loomadele ohtlik ja ei j\u00e4ta j\u00e4lgi.<\/span><\/p>\n<p class=\"p1\"><span class=\"s1\"><b><br \/>\n<img decoding=\"async\" src=\"https:\/\/www.erbaverda.net\/wp-content\/uploads\/2025\/06\/Feedbin-Icon-check.svg_8faf4e0b-f89d-486c-aa08-b431a33525ea_icon.png?v=1541148886\" alt=\"\" width=\"18\" height=\"15\" data-mce-fragment=\"1\" \/>\u00a0 \u00a0S\u00e4\u00e4stab vett.\u00a0<\/b><\/span><span class=\"s2\">Kastke oma muru ainult niipalju, kui on vaja selle tervise s\u00e4ilitamiseks.<\/span><\/p>\n<p class=\"p1\"><span class=\"s1\"><b><br \/>\n<img decoding=\"async\" src=\"https:\/\/www.erbaverda.net\/wp-content\/uploads\/2025\/06\/Feedbin-Icon-check.svg_8faf4e0b-f89d-486c-aa08-b431a33525ea_icon.png?v=1541148886\" alt=\"\" width=\"18\" height=\"15\" data-mce-fragment=\"1\" \/>\u00a0 \u00a0Taotlus.\u00a0<\/b><\/span><span class=\"s2\">Kanda rulli, pintsli v\u00f5i pihusti abil.<\/span><\/p>\n<p class=\"p1\"><span class=\"s1\"><b><br \/>\n<img decoding=\"async\" src=\"https:\/\/www.erbaverda.net\/wp-content\/uploads\/2025\/06\/Feedbin-Icon-check.svg_8faf4e0b-f89d-486c-aa08-b431a33525ea_icon.png?v=1541148886\" alt=\"\" width=\"18\" height=\"15\" data-mce-fragment=\"1\" \/>\u00a0 \u00a0Kulut\u00f5hus.\u00a0<\/b><\/span><span class=\"s2\">Kaugus 20 kuni 40 m<\/span><span class=\"s3\"><sup>2<\/sup><\/span><span class=\"s2\">\/L, kui seda kantakse pihustiga kahjustatud pindadele.<\/span><\/p>\n<h2 class=\"p2\"><span class=\"s2\">Juhised<\/span><\/h2>\n<ul class=\"ul1\">\n<li class=\"li3\"><span class=\"s5\"><b>Enne v\u00e4rvimist:\u00a0<\/b><\/span><span class=\"s6\">Muru peab olema niidetud, kuiv ja prahist puhastatud.<\/span><\/li>\n<li class=\"li3\"><span class=\"s5\"><b>Segamisjuhised:<\/b><\/span><span class=\"s6\">\u00a0Segage aiaspritseerijas (saadaval meie veebisaidil) \u00fcks osa muruv\u00e4rvi kuue osaga vett. Sulgege pihusti ja raputage tugevalt. Pumbake pihusti t\u00e4is ja pihustage v\u00e4ike kogus, et kontrollida soovitud v\u00e4rvitooni. Pidage meeles, et segu v\u00f5ib nende koguste juures olla tumedam v\u00f5i heledam kui teie soovitud toon. Kui v\u00e4rv on liiga tume, j\u00e4tkake vee lisamist (\u00fcks osa korraga), kuni saavutate soovitud tooni. Enamik tarbijaid eelistab v\u00e4rvitoone, mis tekivad 1-6 v\u00f5i 1-8 v\u00e4rvi ja vee vahekorras. Teised aga eelistavad veelgi heledamat tooni (suhe 1-10). Alati on lihtsam lisada segule rohkem vett kui rohkem v\u00e4rvi, mist\u00f5ttu soovitame alustada 1-6 suhtega ja sealt edasi minna.<\/span><\/li>\n<li class=\"li3\"><span class=\"s5\"><b>N\u00e4pun\u00e4ited: \u00a0<\/b><\/span><span class=\"s6\">Soovitame teil k\u00f5igepealt katsetada v\u00e4ikestel pindadel, kuni saavutate soovitud tooni. Kui olete soovitud tooni saavutanud, pihustage muru juhusliku orbitaalse mustriga, et v\u00e4ltida n\u00e4htavaid jooni ja luua realistlikum v\u00e4limus. Hoidke pihusti otsikut v\u00e4hemalt 20 cm kaugusel muruteraist. Parima tulemuse saavutamiseks, arvestades Erba Verda looduslikku koostist, soovitame loksutada pihustit nii enne pealekandmist kui ka regulaarselt kogu protsessi jooksul, et pigment ei ladestuks ega ummistaks pihustit. Parima v\u00f5imaliku kasutuse tagamiseks seadistage pihusti alati k\u00f5ige peenemale pihustusre\u017eiimile. K\u00f5ige parem on v\u00e4ltida pihustamist madala r\u00f5hu juures, samuti igasugust \u00e4ravoolu, kuna see raiskab asjatult toodet. P\u00e4rast v\u00e4rvimise l\u00f5petamist soovitame pihustiotsiku lahti kruvida ja puhastada. J\u00e4tkake kindlasti pihusti loputamist, kuni pumbates v\u00e4ljub pihustist ainult selge vesi. See tagab, et teie pump kestab kauem ja on valmis, kui te seda j\u00e4rgmine kord vajate. V\u00e4ltige m\u00e4rja v\u00e4rviga kaetud jalan\u00f5udega tsemendil, plaatidel, terrassil jne k\u00e4imist. Veenduge, et teie jalan\u00f5ud on enne pihustatud piirkonnast lahkumist kuivad. Et v\u00e4ltida liigseid pritsmeid murule k\u00f5ige l\u00e4hemal oleval betooniserval, liikuge pritsimise ajal muru suunas. Teise v\u00f5imalusena valage osa muruv\u00e4rvisegust tavalisse pihustuspudelisse (iga vana pihustuspudel sobib) ja pihustage piirnevat muru l\u00e4hedalt.<\/span><\/li>\n<li class=\"li4\"><span class=\"s5\"><b>Hoiatused:\u00a0<\/b><\/span><span class=\"s6\">V\u00f5tke aega ja kandke v\u00e4rvi ettevaatlikult, et v\u00e4ltida juhuslikke pritsmeid, v\u00e4rvi maha kandmist m\u00e4rgade jalan\u00f5udega v\u00f5i v\u00e4rvi maha tilkumist.\u00a0<\/span>\u00c4rge pihustage tuulise v\u00f5i m\u00e4rja ilmaga. Katke k\u00f5ik alad, mida te ei soovi pihustada, ning kandke alati kaitseriietust ja vanu jalan\u00f5usid, sest need v\u00f5ivad v\u00e4rviga m\u00e4\u00e4rduda. Samuti soovitame kanda kaitseprille, kindaid ja hingamismaski, kuna v\u00e4rv v\u00f5ib m\u00f5nel inimesel p\u00f5hjustada \u00e4rritust. \u00c4rge pihustage, kui teised inimesed on kohal, kui nad ei kanna samuti kaitsevarustust. Nagu k\u00f5igi mittes\u00f6\u00f6davate vedelike puhul, hoidke v\u00e4rvi lastele k\u00e4ttesaamatus kohas. Juhusliku pritsimise korral soovitame hoida k\u00e4ep\u00e4rast \u00e4mbrit\u00e4it seebiveega ja metallist v\u00f5i nailonist harja (nagu seda kasutatakse grillgrilli puhastamiseks), et eemaldada soovimatu pritsimine betoonilt jne. See toimib v\u00e4ga h\u00e4sti ka juhuslikult mistahes k\u00f5vale pinnale, n\u00e4iteks betoonile v\u00f5i telliskivile sattunud v\u00e4rvi eemaldamiseks. Kuivamisaeg on p\u00e4ikesepaistelise ilmaga umbes 30 minutit. Kuivamisaega v\u00f5ivad oluliselt m\u00f5jutada varjud, pilvine ilm ja niiskus. Kontrollige, et v\u00e4rv oleks t\u00e4ielikult kuivanud, enne kui lubate kellelgi muru peal k\u00f5ndida.<\/li>\n<\/ul>\n<ul class=\"ul1\">\n<li class=\"li3\"><span class=\"s5\"><b>Katvus:<\/b><\/span><span class=\"s6\">\u00a020 kuni 40 m<\/span><span class=\"s7\"><sup>2<\/sup><\/span><span class=\"s6\">\/L. Kuna sellised tegurid nagu lahjendussuhe, muru seisund, selle pikkus, pealekandmise t\u00fc\u00fcp, pealekandmismeetod ja soovitud vari ei ole meie kontrolli all, ei saa me garanteerida konkreetseid katvuse m\u00e4\u00e4rasid. Seet\u00f5ttu anname \"keskmise\" katvuse m\u00e4\u00e4rad, mis p\u00f5hinevad meie enda s\u00f5ltumatutel katsetel. Loomulikult, kui muru on t\u00e4ielikult kollaseks muutunud ja kuivanud v\u00f5i kui soovite tumedamat varju, ei kata v\u00e4rv nii palju kui muru, mis on alles hakanud tuhmuma, v\u00f5i kui soovitakse heledamat varju.<\/span><\/li>\n<li class=\"li3\"><span class=\"s5\"><b>Pikaealisus:<\/b><\/span><span class=\"s6\">\u00a0Kui teie muru on veel kasvamas ja te niidate v\u00e4rvitud ala, kestab v\u00e4rvus ainult seni, kuni on aeg uuesti niita. Ideaalsetes ja kuivades kliimatingimustes, kui muru on puhkeolekus ja kui muru on veel n\u00f5tke (mitte kr\u00f5mpsuv), on olnud juhtumeid, kus v\u00e4rv on kestnud kuni kuus kuud. V\u00e4rvi kestus s\u00f5ltub muru seisukorrast, muru t\u00fc\u00fcbist, ilmastikutingimustest, sellest, kui palju teie murul k\u00e4iakse jne. On liiga palju muutujaid, mida me ei saa kontrollida, et oleks v\u00f5imalik anda konkreetseid ajavahemikke v\u00f5i garantiisid. Sellegipoolest on enamik meie kliente teatanud, et v\u00e4rvi eluiga on 1-3 kuud.<\/span><\/li>\n<li class=\"li7\"><span class=\"s6\">Muru v\u00e4rvimine on lihtne ja l\u00f5bus lahendus paljudele tavalistele muruprobleemidele. Kui te teate, mida oodata enne pritsimise alustamist, ja j\u00e4rgite \u00fclaltoodud juhiseid, l\u00e4heb muru v\u00e4rvimine palju lihtsamalt ja sujuvamalt. Nagu alati, kui teil on k\u00fcsimusi, v\u00f5tke palun \u00fchendust meie Erba Verda klienditoega.<\/span><\/li>\n<\/ul>","protected":false},"excerpt":{"rendered":"<p>&nbsp; \u00a0 \u00a0Long lasting.\u00a0Our lawn paints lasts three months. \u00a0 \u00a0No toxic ingredients.\u00a0We believe it is critical to preserve your lawn\u2019s natural ecosystem so your grass can breathe. \u00a0 \u00a0Half the price.\u00a0Costs half as much as competing products. \u00a0 \u00a0Environment friendly.\u00a0Is not hazardous to animals, and leaves no trace. \u00a0 \u00a0Saves water.\u00a0Water your lawn with [&hellip;]<\/p>\n","protected":false},"featured_media":23088,"comment_status":"open","ping_status":"closed","template":"","meta":{"_uag_custom_page_level_css":"","site-sidebar-layout":"default","site-content-layout":"","ast-site-content-layout":"default","site-content-style":"default","site-sidebar-style":"default","ast-global-header-display":"","ast-banner-title-visibility":"","ast-main-header-display":"","ast-hfb-above-header-display":"","ast-hfb-below-header-display":"","ast-hfb-mobile-header-display":"","site-post-title":"","ast-breadcrumbs-content":"","ast-featured-img":"","footer-sml-layout":"","ast-disable-related-posts":"","theme-transparent-header-meta":"default","adv-header-id-meta":"","stick-header-meta":"","header-above-stick-meta":"","header-main-stick-meta":"","header-below-stick-meta":"","astra-migrate-meta-layouts":"set","ast-page-background-enabled":"default","ast-page-background-meta":{"desktop":{"background-color":"var(--ast-global-color-4)","background-image":"","background-repeat":"repeat","background-position":"center center","background-size":"auto","background-attachment":"scroll","background-type":"","background-media":"","overlay-type":"","overlay-color":"","overlay-opacity":"","overlay-gradient":""},"tablet":{"background-color":"","background-image":"","background-repeat":"repeat","background-position":"center center","background-size":"auto","background-attachment":"scroll","background-type":"","background-media":"","overlay-type":"","overlay-color":"","overlay-opacity":"","overlay-gradient":""},"mobile":{"background-color":"","background-image":"","background-repeat":"repeat","background-position":"center center","background-size":"auto","background-attachment":"scroll","background-type":"","background-media":"","overlay-type":"","overlay-color":"","overlay-opacity":"","overlay-gradient":""}},"ast-content-background-meta":{"desktop":{"background-color":"var(--ast-global-color-5)","background-image":"","background-repeat":"repeat","background-position":"center center","background-size":"auto","background-attachment":"scroll","background-type":"","background-media":"","overlay-type":"","overlay-color":"","overlay-opacity":"","overlay-gradient":""},"tablet":{"background-color":"var(--ast-global-color-5)","background-image":"","background-repeat":"repeat","background-position":"center center","background-size":"auto","background-attachment":"scroll","background-type":"","background-media":"","overlay-type":"","overlay-color":"","overlay-opacity":"","overlay-gradient":""},"mobile":{"background-color":"var(--ast-global-color-5)","background-image":"","background-repeat":"repeat","background-position":"center center","background-size":"auto","background-attachment":"scroll","background-type":"","background-media":"","overlay-type":"","overlay-color":"","overlay-opacity":"","overlay-gradient":""}}},"product_brand":[],"product_cat":[15],"product_tag":[],"class_list":{"0":"post-23014","1":"product","2":"type-product","3":"status-publish","4":"has-post-thumbnail","6":"product_cat-shop","7":"desktop-align-left","8":"tablet-align-left","9":"mobile-align-left","11":"first","12":"instock","13":"sale","14":"taxable","15":"shipping-taxable","16":"purchasable","17":"product-type-variable","18":"has-default-attributes"},"spectra_custom_meta":{"_visibility":["visible"],"_shopify_product_id":["1678530183237"],"_s2w_shopify_domain":["erba-verda.myshopify.com"],"_shopify_variant_id":["39470206320698"],"_manage_stock":["no"],"total_sales":["1"],"_tax_status":["taxable"],"_tax_class":[""],"_backorders":["no"],"_sold_individually":["no"],"_virtual":["no"],"_downloadable":["no"],"_download_limit":["-1"],"_download_expiry":["-1"],"_stock":[null],"_stock_status":["instock"],"_wc_average_rating":["4.87"],"_wc_review_count":["89"],"_product_attributes":["a:1:{s:6:\"volume\";a:6:{s:4:\"name\";s:6:\"Volume\";s:5:\"value\";s:20:\"5 liters | 25 liters\";s:8:\"position\";i:1;s:10:\"is_visible\";i:0;s:12:\"is_variation\";i:1;s:11:\"is_taxonomy\";i:0;}}"],"_product_version":["9.9.3"],"_thumbnail_id":["23088"],"_edit_lock":["1750016529:1"],"_default_attributes":["a:1:{s:6:\"volume\";s:8:\"5 liters\";}"],"_price":["29.90","99.90"],"merchant-center-id":["LMP1"],"merchant-center-availability":["yes"],"merchant-center-category":["505417"],"_edit_last":["1"],"_wp_page_template":["default"],"site-sidebar-layout":["default"],"ast-site-content-layout":["default"],"site-content-style":["default"],"site-sidebar-style":["default"],"theme-transparent-header-meta":["default"],"astra-migrate-meta-layouts":["set"],"_wc_rating_count":["a:2:{i:4;i:12;i:5;i:77;}"],"_uag_css_file_name":["uag-css-23014.css"],"_elementor_page_assets":["a:0:{}"],"_uag_page_assets":["a:9:{s:3:\"css\";s:6873:\".wp-block-uagb-image{display:flex}.wp-block-uagb-image__figure{position:relative;display:flex;flex-direction:column;max-width:100%;height:auto;margin:0}.wp-block-uagb-image__figure img{height:auto;display:flex;max-width:100%;transition:box-shadow .2s ease}.wp-block-uagb-image__figure>a{display:inline-block}.wp-block-uagb-image__figure figcaption{text-align:center;margin-top:.5em;margin-bottom:1em}.wp-block-uagb-image .components-placeholder.block-editor-media-placeholder .components-placeholder__instructions{align-self:center}.wp-block-uagb-image--align-left{text-align:left}.wp-block-uagb-image--align-right{text-align:right}.wp-block-uagb-image--align-center{text-align:center}.wp-block-uagb-image--align-full .wp-block-uagb-image__figure{margin-left:calc(50% - 50vw);margin-right:calc(50% - 50vw);max-width:100vw;width:100vw;height:auto}.wp-block-uagb-image--align-full .wp-block-uagb-image__figure img{height:auto;width:100% !important}.wp-block-uagb-image--align-wide .wp-block-uagb-image__figure img{height:auto;width:100%}.wp-block-uagb-image--layout-overlay__color-wrapper{position:absolute;left:0;top:0;right:0;bottom:0;opacity:.2;background:rgba(0,0,0,.5);transition:opacity .35s ease-in-out}.wp-block-uagb-image--layout-overlay-link{position:absolute;left:0;right:0;bottom:0;top:0}.wp-block-uagb-image--layout-overlay .wp-block-uagb-image__figure:hover .wp-block-uagb-image--layout-overlay__color-wrapper{opacity:1}.wp-block-uagb-image--layout-overlay__inner{position:absolute;left:15px;right:15px;bottom:15px;top:15px;display:flex;align-items:center;justify-content:center;flex-direction:column;border-color:#fff;transition:.35s ease-in-out}.wp-block-uagb-image--layout-overlay__inner.top-left,.wp-block-uagb-image--layout-overlay__inner.top-center,.wp-block-uagb-image--layout-overlay__inner.top-right{justify-content:flex-start}.wp-block-uagb-image--layout-overlay__inner.bottom-left,.wp-block-uagb-image--layout-overlay__inner.bottom-center,.wp-block-uagb-image--layout-overlay__inner.bottom-right{justify-content:flex-end}.wp-block-uagb-image--layout-overlay__inner.top-left,.wp-block-uagb-image--layout-overlay__inner.center-left,.wp-block-uagb-image--layout-overlay__inner.bottom-left{align-items:flex-start}.wp-block-uagb-image--layout-overlay__inner.top-right,.wp-block-uagb-image--layout-overlay__inner.center-right,.wp-block-uagb-image--layout-overlay__inner.bottom-right{align-items:flex-end}.wp-block-uagb-image--layout-overlay__inner .uagb-image-heading{color:#fff;transition:transform .35s,opacity .35s ease-in-out;transform:translate3d(0, 24px, 0);margin:0;line-height:1em}.wp-block-uagb-image--layout-overlay__inner .uagb-image-separator{width:30%;border-top-width:2px;border-top-color:#fff;border-top-style:solid;margin-bottom:10px;opacity:0;transition:transform .4s,opacity .4s ease-in-out;transform:translate3d(0, 30px, 0)}.wp-block-uagb-image--layout-overlay__inner .uagb-image-caption{opacity:0;overflow:visible;color:#fff;transition:transform .45s,opacity .45s ease-in-out;transform:translate3d(0, 35px, 0)}.wp-block-uagb-image--layout-overlay__inner:hover .uagb-image-heading,.wp-block-uagb-image--layout-overlay__inner:hover .uagb-image-separator,.wp-block-uagb-image--layout-overlay__inner:hover .uagb-image-caption{opacity:1;transform:translate3d(0, 0, 0)}.wp-block-uagb-image--effect-zoomin .wp-block-uagb-image__figure img,.wp-block-uagb-image--effect-zoomin .wp-block-uagb-image__figure .wp-block-uagb-image--layout-overlay__color-wrapper{transform:scale(1);transition:transform .35s ease-in-out}.wp-block-uagb-image--effect-zoomin .wp-block-uagb-image__figure:hover img,.wp-block-uagb-image--effect-zoomin .wp-block-uagb-image__figure:hover .wp-block-uagb-image--layout-overlay__color-wrapper{transform:scale(1.05)}.wp-block-uagb-image--effect-slide .wp-block-uagb-image__figure img,.wp-block-uagb-image--effect-slide .wp-block-uagb-image__figure .wp-block-uagb-image--layout-overlay__color-wrapper{width:calc(100% + 40px) !important;max-width:none !important;transform:translate3d(-40px, 0, 0);transition:transform .35s ease-in-out}.wp-block-uagb-image--effect-slide .wp-block-uagb-image__figure:hover img,.wp-block-uagb-image--effect-slide .wp-block-uagb-image__figure:hover .wp-block-uagb-image--layout-overlay__color-wrapper{transform:translate3d(0, 0, 0)}.wp-block-uagb-image--effect-grayscale img{filter:grayscale(0%);transition:.35s ease-in-out}.wp-block-uagb-image--effect-grayscale:hover img{filter:grayscale(100%)}.wp-block-uagb-image--effect-blur img{filter:blur(0);transition:.35s ease-in-out}.wp-block-uagb-image--effect-blur:hover img{filter:blur(3px)}.uagb-block-e6f939b3.wp-block-uagb-image--layout-default figure img{box-shadow: 0px 0px 0 #00000070;}.uagb-block-e6f939b3.wp-block-uagb-image .wp-block-uagb-image__figure figcaption{font-style: normal;align-self: center;}.uagb-block-e6f939b3.wp-block-uagb-image--layout-overlay figure img{box-shadow: 0px 0px 0 #00000070;}.uagb-block-e6f939b3.wp-block-uagb-image--layout-overlay .wp-block-uagb-image--layout-overlay__color-wrapper{opacity: 0.2;}.uagb-block-e6f939b3.wp-block-uagb-image--layout-overlay .wp-block-uagb-image--layout-overlay__inner{left: 15px;right: 15px;top: 15px;bottom: 15px;}.uagb-block-e6f939b3.wp-block-uagb-image--layout-overlay .wp-block-uagb-image--layout-overlay__inner .uagb-image-heading{font-style: normal;color: #fff;opacity: 1;}.uagb-block-e6f939b3.wp-block-uagb-image--layout-overlay .wp-block-uagb-image--layout-overlay__inner .uagb-image-heading a{color: #fff;}.uagb-block-e6f939b3.wp-block-uagb-image--layout-overlay .wp-block-uagb-image--layout-overlay__inner .uagb-image-caption{opacity: 0;}.uagb-block-e6f939b3.wp-block-uagb-image--layout-overlay .wp-block-uagb-image__figure:hover .wp-block-uagb-image--layout-overlay__color-wrapper{opacity: 1;}.uagb-block-e6f939b3.wp-block-uagb-image .wp-block-uagb-image--layout-overlay__inner .uagb-image-separator{width: 30%;border-top-width: 2px;border-top-color: #fff;opacity: 0;}.uagb-block-e6f939b3.wp-block-uagb-image .wp-block-uagb-image__figure img{width: px;height: auto;}.uagb-block-e6f939b3.wp-block-uagb-image .wp-block-uagb-image__figure:hover .wp-block-uagb-image--layout-overlay__inner .uagb-image-caption{opacity: 1;}.uagb-block-e6f939b3.wp-block-uagb-image .wp-block-uagb-image__figure:hover .wp-block-uagb-image--layout-overlay__inner .uagb-image-separator{opacity: 1;}.uagb-block-e6f939b3.wp-block-uagb-image--layout-default figure:hover img{box-shadow: 0px 0px 0 #00000070;}.uagb-block-e6f939b3.wp-block-uagb-image--layout-overlay figure:hover img{box-shadow: 0px 0px 0 #00000070;}@media only screen and (max-width: 976px) {.uagb-block-e6f939b3.wp-block-uagb-image .wp-block-uagb-image__figure img{width: px;height: auto;}}@media only screen and (max-width: 767px) {.uagb-block-e6f939b3.wp-block-uagb-image .wp-block-uagb-image__figure img{width: px;height: auto;}}\";s:2:\"js\";s:0:\"\";s:18:\"current_block_list\";a:13:{i:0;s:11:\"core\/search\";i:1;s:10:\"core\/group\";i:2;s:12:\"core\/heading\";i:3;s:17:\"core\/latest-posts\";i:4;s:20:\"core\/latest-comments\";i:5;s:13:\"core\/archives\";i:6;s:15:\"core\/categories\";i:7;s:14:\"core\/paragraph\";i:8;s:10:\"uagb\/image\";i:9;s:11:\"core\/spacer\";i:10;s:30:\"woocommerce\/product-categories\";i:11;s:10:\"core\/image\";i:12;s:14:\"core\/shortcode\";}s:8:\"uag_flag\";b:1;s:11:\"uag_version\";s:10:\"1777648565\";s:6:\"gfonts\";a:0:{}s:10:\"gfonts_url\";s:0:\"\";s:12:\"gfonts_files\";a:0:{}s:14:\"uag_faq_layout\";b:0;}"]},"uagb_featured_image_src":{"full":["https:\/\/www.erbaverda.net\/wp-content\/uploads\/2025\/06\/Lawn_Marking_Paint_25ltr_cite.jpg",2560,2560,false],"thumbnail":["https:\/\/www.erbaverda.net\/wp-content\/uploads\/2025\/06\/Lawn_Marking_Paint_25ltr_cite-150x150.jpg",150,150,true],"medium":["https:\/\/www.erbaverda.net\/wp-content\/uploads\/2025\/06\/Lawn_Marking_Paint_25ltr_cite-300x300.jpg",300,300,true],"medium_large":["https:\/\/www.erbaverda.net\/wp-content\/uploads\/2025\/06\/Lawn_Marking_Paint_25ltr_cite-768x768.jpg",768,768,true],"large":["https:\/\/www.erbaverda.net\/wp-content\/uploads\/2025\/06\/Lawn_Marking_Paint_25ltr_cite-1024x1024.jpg",1024,1024,true],"1536x1536":["https:\/\/www.erbaverda.net\/wp-content\/uploads\/2025\/06\/Lawn_Marking_Paint_25ltr_cite-1536x1536.jpg",1536,1536,true],"2048x2048":["https:\/\/www.erbaverda.net\/wp-content\/uploads\/2025\/06\/Lawn_Marking_Paint_25ltr_cite-2048x2048.jpg",2048,2048,true],"trp-custom-language-flag":["https:\/\/www.erbaverda.net\/wp-content\/uploads\/2025\/06\/Lawn_Marking_Paint_25ltr_cite-12x12.jpg",12,12,true],"woocommerce_thumbnail":["https:\/\/www.erbaverda.net\/wp-content\/uploads\/2025\/06\/Lawn_Marking_Paint_25ltr_cite-300x300.jpg",300,300,true],"woocommerce_single":["https:\/\/www.erbaverda.net\/wp-content\/uploads\/2025\/06\/Lawn_Marking_Paint_25ltr_cite-600x600.jpg",600,600,true],"woocommerce_gallery_thumbnail":["https:\/\/www.erbaverda.net\/wp-content\/uploads\/2025\/06\/Lawn_Marking_Paint_25ltr_cite-100x100.jpg",100,100,true]},"uagb_author_info":{"display_name":"admin","author_link":"https:\/\/www.erbaverda.net\/ee\/author\/"},"uagb_comment_info":89,"uagb_excerpt":"&nbsp; \u00a0 \u00a0Long lasting.\u00a0Our lawn paints lasts three months. \u00a0 \u00a0No toxic ingredients.\u00a0We believe it is critical to preserve your lawn\u2019s natural ecosystem so your grass can breathe. \u00a0 \u00a0Half the price.\u00a0Costs half as much as competing products. \u00a0 \u00a0Environment friendly.\u00a0Is not hazardous to animals, and leaves no trace. \u00a0 \u00a0Saves water.\u00a0Water your lawn with&hellip;","_links":{"self":[{"href":"https:\/\/www.erbaverda.net\/ee\/wp-json\/wp\/v2\/product\/23014","targetHints":{"allow":["GET"]}}],"collection":[{"href":"https:\/\/www.erbaverda.net\/ee\/wp-json\/wp\/v2\/product"}],"about":[{"href":"https:\/\/www.erbaverda.net\/ee\/wp-json\/wp\/v2\/types\/product"}],"replies":[{"embeddable":true,"href":"https:\/\/www.erbaverda.net\/ee\/wp-json\/wp\/v2\/comments?post=23014"}],"version-history":[{"count":2,"href":"https:\/\/www.erbaverda.net\/ee\/wp-json\/wp\/v2\/product\/23014\/revisions"}],"predecessor-version":[{"id":23163,"href":"https:\/\/www.erbaverda.net\/ee\/wp-json\/wp\/v2\/product\/23014\/revisions\/23163"}],"wp:featuredmedia":[{"embeddable":true,"href":"https:\/\/www.erbaverda.net\/ee\/wp-json\/wp\/v2\/media\/23088"}],"wp:attachment":[{"href":"https:\/\/www.erbaverda.net\/ee\/wp-json\/wp\/v2\/media?parent=23014"}],"wp:term":[{"taxonomy":"product_brand","embeddable":true,"href":"https:\/\/www.erbaverda.net\/ee\/wp-json\/wp\/v2\/product_brand?post=23014"},{"taxonomy":"product_cat","embeddable":true,"href":"https:\/\/www.erbaverda.net\/ee\/wp-json\/wp\/v2\/product_cat?post=23014"},{"taxonomy":"product_tag","embeddable":true,"href":"https:\/\/www.erbaverda.net\/ee\/wp-json\/wp\/v2\/product_tag?post=23014"}],"curies":[{"name":"wp","href":"https:\/\/api.w.org\/{rel}","templated":true}]}}