{"id":23018,"date":"2025-06-15T20:52:13","date_gmt":"2025-06-15T18:52:13","guid":{"rendered":"https:\/\/www.erbaverda.net\/products\/lawn-paint\/"},"modified":"2025-06-15T21:48:52","modified_gmt":"2025-06-15T19:48:52","slug":"lawn-paint","status":"publish","type":"product","link":"https:\/\/www.erbaverda.net\/fi\/products\/lawn-paint\/","title":{"rendered":"Nurmikon maali"},"content":{"rendered":"<p class=\"p1\"><span class=\"s1\"><b><br \/>\n<img decoding=\"async\" src=\"https:\/\/www.erbaverda.net\/wp-content\/uploads\/2025\/06\/Feedbin-Icon-check.svg_8faf4e0b-f89d-486c-aa08-b431a33525ea_icon.png?v=1541148886\" alt=\"\" width=\"18\" height=\"15\" data-mce-fragment=\"1\" \/>\u00a0 \u00a0Pitk\u00e4kestoinen.\u00a0<\/b><\/span><span class=\"s2\">Nurmikkomaalimme kest\u00e4v\u00e4t kolme kuukautta.<\/span><\/p>\n<p class=\"p1\"><span class=\"s1\"><b><br \/>\n<img decoding=\"async\" src=\"https:\/\/www.erbaverda.net\/wp-content\/uploads\/2025\/06\/Feedbin-Icon-check.svg_8faf4e0b-f89d-486c-aa08-b431a33525ea_icon.png?v=1541148886\" alt=\"\" width=\"18\" height=\"15\" data-mce-fragment=\"1\" \/>\u00a0 \u00a0Ei myrkyllisi\u00e4 ainesosia.\u00a0<\/b><\/span><span class=\"s2\">Mielest\u00e4mme on t\u00e4rke\u00e4\u00e4 s\u00e4ilytt\u00e4\u00e4 nurmikon luonnollinen ekosysteemi, jotta nurmikko voi hengitt\u00e4\u00e4.<\/span><\/p>\n<p class=\"p1\"><span class=\"s1\"><b><br \/>\n<img decoding=\"async\" src=\"https:\/\/www.erbaverda.net\/wp-content\/uploads\/2025\/06\/Feedbin-Icon-check.svg_8faf4e0b-f89d-486c-aa08-b431a33525ea_icon.png?v=1541148886\" alt=\"\" width=\"18\" height=\"15\" data-mce-fragment=\"1\" \/>\u00a0 \u00a0Puolet hinnasta.\u00a0<\/b><\/span><span class=\"s2\">Kustannukset ovat puolet alhaisemmat kuin kilpailevilla tuotteilla.<\/span><\/p>\n<p class=\"p1\"><span class=\"s1\"><b><br \/>\n<img decoding=\"async\" src=\"https:\/\/www.erbaverda.net\/wp-content\/uploads\/2025\/06\/Feedbin-Icon-check.svg_8faf4e0b-f89d-486c-aa08-b431a33525ea_icon.png?v=1541148886\" alt=\"\" width=\"18\" height=\"15\" data-mce-fragment=\"1\" \/>\u00a0 \u00a0Ymp\u00e4rist\u00f6yst\u00e4v\u00e4llinen.\u00a0<\/b><\/span><span class=\"s2\">Ei ole vaarallinen el\u00e4imille, eik\u00e4 j\u00e4t\u00e4 j\u00e4lki\u00e4.<\/span><\/p>\n<p class=\"p1\"><span class=\"s1\"><b><br \/>\n<img decoding=\"async\" src=\"https:\/\/www.erbaverda.net\/wp-content\/uploads\/2025\/06\/Feedbin-Icon-check.svg_8faf4e0b-f89d-486c-aa08-b431a33525ea_icon.png?v=1541148886\" alt=\"\" width=\"18\" height=\"15\" data-mce-fragment=\"1\" \/>\u00a0 \u00a0S\u00e4\u00e4st\u00e4\u00e4 vett\u00e4.\u00a0<\/b><\/span><span class=\"s2\">Kastele nurmikkoasi vain sen verran kuin se tarvitsee pit\u00e4\u00e4kseen sen terveen\u00e4.<\/span><\/p>\n<p class=\"p1\"><span class=\"s1\"><b><br \/>\n<img decoding=\"async\" src=\"https:\/\/www.erbaverda.net\/wp-content\/uploads\/2025\/06\/Feedbin-Icon-check.svg_8faf4e0b-f89d-486c-aa08-b431a33525ea_icon.png?v=1541148886\" alt=\"\" width=\"18\" height=\"15\" data-mce-fragment=\"1\" \/>\u00a0 \u00a0Sovellus.\u00a0<\/b><\/span><span class=\"s2\">Levit\u00e4 telalla, siveltimell\u00e4 tai ruiskulla.<\/span><\/p>\n<p class=\"p1\"><span class=\"s1\"><b><br \/>\n<img decoding=\"async\" src=\"https:\/\/www.erbaverda.net\/wp-content\/uploads\/2025\/06\/Feedbin-Icon-check.svg_8faf4e0b-f89d-486c-aa08-b431a33525ea_icon.png?v=1541148886\" alt=\"\" width=\"18\" height=\"15\" data-mce-fragment=\"1\" \/>\u00a0 \u00a0Kustannustehokas.\u00a0<\/b><\/span><span class=\"s2\">Kantama 20-40 m<\/span><span class=\"s3\"><sup>2<\/sup><\/span><span class=\"s2\">\/L, kun se levitet\u00e4\u00e4n ruiskulla tartunnan saaneille pinnoille. <\/span><\/p>\n<h2 class=\"p2\"><span class=\"s2\">Ohjeet<\/span><\/h2>\n<ul class=\"ul1\">\n<li class=\"li3\"><span class=\"s5\"><b>Ennen maalausta:\u00a0<\/b><\/span><span class=\"s6\">Nurmikon on oltava leikattu, kuiva ja puhdistettu kaikista roskista.<\/span><\/li>\n<li class=\"li3\"><span class=\"s5\"><b>Sekoitusohjeet:<\/b><\/span><span class=\"s6\">\u00a0Sekoita puutarhasumuttimessa (saatavana verkkosivuiltamme) yksi osa nurmikkomaalia kuuteen osaan vett\u00e4. Sulje ruisku ja ravista voimakkaasti. Pumppaa ruisku t\u00e4yteen ja ruiskuta pieni m\u00e4\u00e4r\u00e4 tarkistaaksesi haluttu v\u00e4ris\u00e4vy. Ota huomioon, ett\u00e4 n\u00e4ill\u00e4 m\u00e4\u00e4rill\u00e4 sekoitus voi olla tummempi tai vaaleampi kuin haluamasi s\u00e4vy. Jos v\u00e4ri on liian tumma, jatka veden lis\u00e4\u00e4mist\u00e4 (osa kerrallaan), kunnes saavutat haluamasi s\u00e4vyn. Useimmat kuluttajat suosivat s\u00e4vyj\u00e4, jotka syntyv\u00e4t 1-6 tai 1-8 maali-vesi-suhteella. Toiset taas pit\u00e4v\u00e4t viel\u00e4 vaaleammasta s\u00e4vyst\u00e4 (suhde 1-10). On aina helpompaa lis\u00e4t\u00e4 sekoitukseen enemm\u00e4n vett\u00e4 kuin enemm\u00e4n maalia, ja siksi suosittelemme aloittamaan suhteella 1-6 ja jatkamaan siit\u00e4 eteenp\u00e4in.<\/span><\/li>\n<li class=\"li3\"><span class=\"s5\"><b>Vinkkej\u00e4: \u00a0<\/b><\/span><span class=\"s6\">Suosittelemme kokeilemaan ensin pienill\u00e4 alueilla, kunnes saat haluamasi s\u00e4vyn. Kun olet saanut haluamasi s\u00e4vyn, ruiskuta nurmikkoa satunnaisesti kiert\u00e4en, jotta v\u00e4lt\u00e4t n\u00e4kyv\u00e4t viivat ja luot realistisemman ilmeen. Pid\u00e4 ruiskun suutin v\u00e4hint\u00e4\u00e4n 20 cm:n p\u00e4\u00e4ss\u00e4 ruohon terist\u00e4. Parhaan tuloksen saavuttamiseksi, ottaen huomioon Erba Verda:n luonnollisen koostumuksen, suosittelemme ruiskun ravistamista sek\u00e4 ennen levitt\u00e4mist\u00e4 ett\u00e4 s\u00e4\u00e4nn\u00f6llisesti koko prosessin ajan, jotta pigmentti ei p\u00e4\u00e4se laskeutumaan tai tukkimaan suutinta. Aseta ruisku aina hienoimpaan mahdolliseen ruiskutusasetukseen parhaan mahdollisen k\u00e4yt\u00f6n varmistamiseksi. On parasta v\u00e4ltt\u00e4\u00e4 ruiskuttamista alhaisella paineella sek\u00e4 valumia, koska silloin tuotetta tuhlataan tarpeettomasti. Maalauksen p\u00e4\u00e4tytty\u00e4 suosittelemme ruiskun suuttimen ruuvin irrottamista ja puhdistamista. Muista jatkaa ruiskun huuhtelua, kunnes suuttimesta tulee pumpun j\u00e4lkeen vain kirkasta vett\u00e4. N\u00e4in varmistat, ett\u00e4 pumppu kest\u00e4\u00e4 pidemp\u00e4\u00e4n ja on valmiina, kun tarvitset sit\u00e4 seuraavan kerran. V\u00e4lt\u00e4 k\u00e4velem\u00e4st\u00e4 sementill\u00e4, laattakivill\u00e4, terassilla jne. m\u00e4r\u00e4n maalin peitt\u00e4mill\u00e4 kengill\u00e4. Varmista, ett\u00e4 keng\u00e4t ovat kuivat ennen ruiskutettavalta alueelta poistumista. Jotta v\u00e4lt\u00e4t liialliset roiskeet betonin reunalla, joka on l\u00e4himp\u00e4n\u00e4 nurmikkoa, liiku ruiskuttaessasi nurmikon suuntaan. Vaihtoehtoisesti voit kaataa osan nurmikkomaalisekoituksesta tavalliseen suihkepulloon (mik\u00e4 tahansa vanha suihkepullo k\u00e4y) ja suihkuttaa l\u00e4hiet\u00e4isyydelt\u00e4 nurmikkoa reunustavaa aluetta.<\/span><\/li>\n<li class=\"li4\"><span class=\"s5\"><b>Varoitukset:\u00a0<\/b><\/span><span class=\"s6\">K\u00e4yt\u00e4 aikaa ja levit\u00e4 maali varovasti, jotta v\u00e4lt\u00e4t vahingossa tapahtuvat roiskeet, maalin kulkeutumisen m\u00e4rill\u00e4 kengill\u00e4 tai maalin l\u00e4ikkymisen.\u00a0<\/span>\u00c4l\u00e4 ruiskuta tuulisella tai m\u00e4r\u00e4ll\u00e4 s\u00e4\u00e4ll\u00e4. Peit\u00e4 kaikki alueet, joita et halua ruiskuttaa, ja k\u00e4yt\u00e4 aina suojavaatteita ja vanhoja kenki\u00e4, sill\u00e4 maali voi tahraantua niihin. Suosittelemme my\u00f6s suojalaseja, k\u00e4sineit\u00e4 ja hengityssuojainta, sill\u00e4 maali voi aiheuttaa \u00e4rsytyst\u00e4 joillekin ihmisille. \u00c4l\u00e4 ruiskuta muiden l\u00e4sn\u00e4 ollessa, ellei heill\u00e4 ole my\u00f6s suojavarusteita. Kuten kaikki sy\u00f6t\u00e4v\u00e4ksi kelpaamattomat nesteet, pid\u00e4 maali poissa lasten ulottuvilta. Jos maalia roiskuu vahingossa, suosittelemme, ett\u00e4 sinulla on \u00e4mp\u00e4ri saippuavett\u00e4 ja metalli- tai nailonharja (kuten grilligrillin puhdistamiseen k\u00e4ytett\u00e4v\u00e4), jotta voit poistaa betonille yms. joutuneen roiskeen. T\u00e4m\u00e4 toimii eritt\u00e4in hyvin my\u00f6s poistettaessa vahingossa mille tahansa kovalle pinnalle, kuten betonille tai tiilelle, levitetty\u00e4 maalia. Kuivumisaika on noin 30 minuuttia aurinkoisella s\u00e4\u00e4ll\u00e4. Varjo, pilvinen s\u00e4\u00e4 ja kosteus voivat vaikuttaa huomattavasti kuivumisaikaan. Tarkista, ett\u00e4 maali on t\u00e4ysin kuiva, ennen kuin annat jonkun k\u00e4vell\u00e4 nurmikolla.<\/li>\n<\/ul>\n<ul class=\"ul1\">\n<li class=\"li3\"><span class=\"s5\"><b>Kattavuus:<\/b><\/span><span class=\"s6\">\u00a020-40 m<\/span><span class=\"s7\"><sup>2<\/sup><\/span><span class=\"s6\">\/L. Emme voi taata erityisi\u00e4 peitt\u00e4vyysasteita, koska emme voi vaikuttaa sellaisiin tekij\u00f6ihin kuin laimennussuhde, nurmikon kunto, pituus, levitystapa, levitysmenetelm\u00e4 ja haluttu varjo. Sen vuoksi annamme \"keskim\u00e4\u00e4r\u00e4iset\" peitt\u00e4vyysm\u00e4\u00e4r\u00e4t, jotka perustuvat omiin riippumattomiin testeihimme. Luonnollisesti, jos nurmikko on t\u00e4ysin kellastunut ja kuivunut tai jos haluat tummemman s\u00e4vyn, maali ei riit\u00e4 yht\u00e4 pitk\u00e4lle kuin nurmikolla, joka on juuri alkanut haalistua tai jos halutaan vaaleampi s\u00e4vy.<\/span><\/li>\n<li class=\"li3\"><span class=\"s5\"><b>Pitk\u00e4ik\u00e4isyys:<\/b><\/span><span class=\"s6\">\u00a0Jos nurmikko kasvaa edelleen ja niit\u00e4t maalatun alueen, v\u00e4ritys kest\u00e4\u00e4 vain siihen asti, kunnes on aika niitt\u00e4\u00e4 uudelleen. Ihanteellisissa ja kuivissa ilmasto-olosuhteissa, joissa nurmikko on lepotilassa ja jossa nurmikko on edelleen taipuisa (ei rapea), on ollut tapauksia, joissa maali on kest\u00e4nyt jopa kuusi kuukautta. Maalin kesto riippuu nurmikon kunnosta, nurmikkotyypist\u00e4, s\u00e4\u00e4olosuhteista, siit\u00e4, kuinka paljon nurmikolla k\u00e4vell\u00e4\u00e4n jne. On liian paljon muuttujia, joihin emme voi vaikuttaa, jotta voisimme antaa tarkkoja aikav\u00e4lej\u00e4 tai takuita. Suurin osa asiakkaistamme ilmoittaa kuitenkin, ett\u00e4 v\u00e4rin k\u00e4ytt\u00f6ik\u00e4 on 1-3 kuukautta.<\/span><\/li>\n<li class=\"li7\"><span class=\"s6\">Nurmikkomaali on helppo ja hauska ratkaisu moniin yleisiin nurmikon ongelmiin. Jos tied\u00e4t, mit\u00e4 odottaa ennen ruiskutuksen aloittamista, ja noudatat edell\u00e4 mainittuja ohjeita, nurmikon maalaaminen sujuu paljon helpommin ja sujuvammin. Kuten aina, jos sinulla on kysytt\u00e4v\u00e4\u00e4, ota yhteytt\u00e4 Erba Verda-asiakastukitiimiimme.<\/span><\/li>\n<\/ul>","protected":false},"excerpt":{"rendered":"<p>\u00a0 \u00a0Long lasting.\u00a0Our lawn paints lasts three months. \u00a0 \u00a0No toxic ingredients.\u00a0We believe it is critical to preserve your lawn\u2019s natural ecosystem so your grass can breathe. \u00a0 \u00a0Half the price.\u00a0Costs half as much as competing products. \u00a0 \u00a0Environment friendly.\u00a0Is not hazardous to animals, and leaves no trace. \u00a0 \u00a0Saves water.\u00a0Water your lawn with only [&hellip;]<\/p>\n","protected":false},"featured_media":23091,"comment_status":"open","ping_status":"closed","template":"","meta":{"_uag_custom_page_level_css":"","site-sidebar-layout":"default","site-content-layout":"","ast-site-content-layout":"default","site-content-style":"default","site-sidebar-style":"default","ast-global-header-display":"","ast-banner-title-visibility":"","ast-main-header-display":"","ast-hfb-above-header-display":"","ast-hfb-below-header-display":"","ast-hfb-mobile-header-display":"","site-post-title":"","ast-breadcrumbs-content":"","ast-featured-img":"","footer-sml-layout":"","ast-disable-related-posts":"","theme-transparent-header-meta":"default","adv-header-id-meta":"","stick-header-meta":"","header-above-stick-meta":"","header-main-stick-meta":"","header-below-stick-meta":"","astra-migrate-meta-layouts":"set","ast-page-background-enabled":"default","ast-page-background-meta":{"desktop":{"background-color":"var(--ast-global-color-4)","background-image":"","background-repeat":"repeat","background-position":"center center","background-size":"auto","background-attachment":"scroll","background-type":"","background-media":"","overlay-type":"","overlay-color":"","overlay-opacity":"","overlay-gradient":""},"tablet":{"background-color":"","background-image":"","background-repeat":"repeat","background-position":"center center","background-size":"auto","background-attachment":"scroll","background-type":"","background-media":"","overlay-type":"","overlay-color":"","overlay-opacity":"","overlay-gradient":""},"mobile":{"background-color":"","background-image":"","background-repeat":"repeat","background-position":"center center","background-size":"auto","background-attachment":"scroll","background-type":"","background-media":"","overlay-type":"","overlay-color":"","overlay-opacity":"","overlay-gradient":""}},"ast-content-background-meta":{"desktop":{"background-color":"var(--ast-global-color-5)","background-image":"","background-repeat":"repeat","background-position":"center center","background-size":"auto","background-attachment":"scroll","background-type":"","background-media":"","overlay-type":"","overlay-color":"","overlay-opacity":"","overlay-gradient":""},"tablet":{"background-color":"var(--ast-global-color-5)","background-image":"","background-repeat":"repeat","background-position":"center center","background-size":"auto","background-attachment":"scroll","background-type":"","background-media":"","overlay-type":"","overlay-color":"","overlay-opacity":"","overlay-gradient":""},"mobile":{"background-color":"var(--ast-global-color-5)","background-image":"","background-repeat":"repeat","background-position":"center center","background-size":"auto","background-attachment":"scroll","background-type":"","background-media":"","overlay-type":"","overlay-color":"","overlay-opacity":"","overlay-gradient":""}}},"product_brand":[],"product_cat":[15],"product_tag":[],"class_list":{"0":"post-23018","1":"product","2":"type-product","3":"status-publish","4":"has-post-thumbnail","6":"product_cat-shop","7":"desktop-align-left","8":"tablet-align-left","9":"mobile-align-left","11":"first","12":"instock","13":"sale","14":"taxable","15":"shipping-taxable","16":"purchasable","17":"product-type-variable","18":"has-default-attributes"},"spectra_custom_meta":{"_visibility":["visible"],"_shopify_product_id":["1678518681669"],"_s2w_shopify_domain":["erba-verda.myshopify.com"],"_shopify_variant_id":["15361227522117"],"_manage_stock":["no"],"total_sales":["1"],"_tax_status":["taxable"],"_tax_class":[""],"_backorders":["no"],"_sold_individually":["no"],"_virtual":["no"],"_downloadable":["no"],"_download_limit":["-1"],"_download_expiry":["-1"],"_stock":[null],"_stock_status":["instock"],"_wc_average_rating":["4.88"],"_wc_review_count":["107"],"_product_attributes":["a:1:{s:6:\"volume\";a:6:{s:4:\"name\";s:6:\"Volume\";s:5:\"value\";s:30:\"1 liter | 5 liters | 25 liters\";s:8:\"position\";i:1;s:10:\"is_visible\";i:0;s:12:\"is_variation\";i:1;s:11:\"is_taxonomy\";i:0;}}"],"_product_version":["9.9.3"],"_thumbnail_id":["23091"],"_product_image_gallery":["23092,23093"],"_edit_lock":["1750016457:1"],"_default_attributes":["a:1:{s:6:\"volume\";s:7:\"1 liter\";}"],"_price":["29.90","129.90","499.90"],"merchant-center-id":["LP1"],"merchant-center-availability":["yes"],"merchant-center-category":["505417"],"_edit_last":["1"],"_wp_page_template":["default"],"site-sidebar-layout":["default"],"ast-site-content-layout":["default"],"site-content-style":["default"],"site-sidebar-style":["default"],"theme-transparent-header-meta":["default"],"astra-migrate-meta-layouts":["set"],"_wc_rating_count":["a:2:{i:4;i:13;i:5;i:94;}"],"_uag_css_file_name":["uag-css-23018.css"],"_elementor_page_assets":["a:0:{}"],"_uag_page_assets":["a:9:{s:3:\"css\";s:7133:\".uag-blocks-common-selector{z-index:var(--z-index-desktop) !important}@media(max-width: 976px){.uag-blocks-common-selector{z-index:var(--z-index-tablet) !important}}@media(max-width: 767px){.uag-blocks-common-selector{z-index:var(--z-index-mobile) !important}}.wp-block-uagb-image{display:flex}.wp-block-uagb-image__figure{position:relative;display:flex;flex-direction:column;max-width:100%;height:auto;margin:0}.wp-block-uagb-image__figure img{height:auto;display:flex;max-width:100%;transition:box-shadow .2s ease}.wp-block-uagb-image__figure>a{display:inline-block}.wp-block-uagb-image__figure figcaption{text-align:center;margin-top:.5em;margin-bottom:1em}.wp-block-uagb-image .components-placeholder.block-editor-media-placeholder .components-placeholder__instructions{align-self:center}.wp-block-uagb-image--align-left{text-align:left}.wp-block-uagb-image--align-right{text-align:right}.wp-block-uagb-image--align-center{text-align:center}.wp-block-uagb-image--align-full .wp-block-uagb-image__figure{margin-left:calc(50% - 50vw);margin-right:calc(50% - 50vw);max-width:100vw;width:100vw;height:auto}.wp-block-uagb-image--align-full .wp-block-uagb-image__figure img{height:auto;width:100% !important}.wp-block-uagb-image--align-wide .wp-block-uagb-image__figure img{height:auto;width:100%}.wp-block-uagb-image--layout-overlay__color-wrapper{position:absolute;left:0;top:0;right:0;bottom:0;opacity:.2;background:rgba(0,0,0,.5);transition:opacity .35s ease-in-out}.wp-block-uagb-image--layout-overlay-link{position:absolute;left:0;right:0;bottom:0;top:0}.wp-block-uagb-image--layout-overlay .wp-block-uagb-image__figure:hover .wp-block-uagb-image--layout-overlay__color-wrapper{opacity:1}.wp-block-uagb-image--layout-overlay__inner{position:absolute;left:15px;right:15px;bottom:15px;top:15px;display:flex;align-items:center;justify-content:center;flex-direction:column;border-color:#fff;transition:.35s ease-in-out}.wp-block-uagb-image--layout-overlay__inner.top-left,.wp-block-uagb-image--layout-overlay__inner.top-center,.wp-block-uagb-image--layout-overlay__inner.top-right{justify-content:flex-start}.wp-block-uagb-image--layout-overlay__inner.bottom-left,.wp-block-uagb-image--layout-overlay__inner.bottom-center,.wp-block-uagb-image--layout-overlay__inner.bottom-right{justify-content:flex-end}.wp-block-uagb-image--layout-overlay__inner.top-left,.wp-block-uagb-image--layout-overlay__inner.center-left,.wp-block-uagb-image--layout-overlay__inner.bottom-left{align-items:flex-start}.wp-block-uagb-image--layout-overlay__inner.top-right,.wp-block-uagb-image--layout-overlay__inner.center-right,.wp-block-uagb-image--layout-overlay__inner.bottom-right{align-items:flex-end}.wp-block-uagb-image--layout-overlay__inner .uagb-image-heading{color:#fff;transition:transform .35s,opacity .35s ease-in-out;transform:translate3d(0, 24px, 0);margin:0;line-height:1em}.wp-block-uagb-image--layout-overlay__inner .uagb-image-separator{width:30%;border-top-width:2px;border-top-color:#fff;border-top-style:solid;margin-bottom:10px;opacity:0;transition:transform .4s,opacity .4s ease-in-out;transform:translate3d(0, 30px, 0)}.wp-block-uagb-image--layout-overlay__inner .uagb-image-caption{opacity:0;overflow:visible;color:#fff;transition:transform .45s,opacity .45s ease-in-out;transform:translate3d(0, 35px, 0)}.wp-block-uagb-image--layout-overlay__inner:hover .uagb-image-heading,.wp-block-uagb-image--layout-overlay__inner:hover .uagb-image-separator,.wp-block-uagb-image--layout-overlay__inner:hover .uagb-image-caption{opacity:1;transform:translate3d(0, 0, 0)}.wp-block-uagb-image--effect-zoomin .wp-block-uagb-image__figure img,.wp-block-uagb-image--effect-zoomin .wp-block-uagb-image__figure .wp-block-uagb-image--layout-overlay__color-wrapper{transform:scale(1);transition:transform .35s ease-in-out}.wp-block-uagb-image--effect-zoomin .wp-block-uagb-image__figure:hover img,.wp-block-uagb-image--effect-zoomin .wp-block-uagb-image__figure:hover .wp-block-uagb-image--layout-overlay__color-wrapper{transform:scale(1.05)}.wp-block-uagb-image--effect-slide .wp-block-uagb-image__figure img,.wp-block-uagb-image--effect-slide .wp-block-uagb-image__figure .wp-block-uagb-image--layout-overlay__color-wrapper{width:calc(100% + 40px) !important;max-width:none !important;transform:translate3d(-40px, 0, 0);transition:transform .35s ease-in-out}.wp-block-uagb-image--effect-slide .wp-block-uagb-image__figure:hover img,.wp-block-uagb-image--effect-slide .wp-block-uagb-image__figure:hover .wp-block-uagb-image--layout-overlay__color-wrapper{transform:translate3d(0, 0, 0)}.wp-block-uagb-image--effect-grayscale img{filter:grayscale(0%);transition:.35s ease-in-out}.wp-block-uagb-image--effect-grayscale:hover img{filter:grayscale(100%)}.wp-block-uagb-image--effect-blur img{filter:blur(0);transition:.35s ease-in-out}.wp-block-uagb-image--effect-blur:hover img{filter:blur(3px)}.uagb-block-e6f939b3.wp-block-uagb-image--layout-default figure img{box-shadow: 0px 0px 0 #00000070;}.uagb-block-e6f939b3.wp-block-uagb-image .wp-block-uagb-image__figure figcaption{font-style: normal;align-self: center;}.uagb-block-e6f939b3.wp-block-uagb-image--layout-overlay figure img{box-shadow: 0px 0px 0 #00000070;}.uagb-block-e6f939b3.wp-block-uagb-image--layout-overlay .wp-block-uagb-image--layout-overlay__color-wrapper{opacity: 0.2;}.uagb-block-e6f939b3.wp-block-uagb-image--layout-overlay .wp-block-uagb-image--layout-overlay__inner{left: 15px;right: 15px;top: 15px;bottom: 15px;}.uagb-block-e6f939b3.wp-block-uagb-image--layout-overlay .wp-block-uagb-image--layout-overlay__inner .uagb-image-heading{font-style: normal;color: #fff;opacity: 1;}.uagb-block-e6f939b3.wp-block-uagb-image--layout-overlay .wp-block-uagb-image--layout-overlay__inner .uagb-image-heading a{color: #fff;}.uagb-block-e6f939b3.wp-block-uagb-image--layout-overlay .wp-block-uagb-image--layout-overlay__inner .uagb-image-caption{opacity: 0;}.uagb-block-e6f939b3.wp-block-uagb-image--layout-overlay .wp-block-uagb-image__figure:hover .wp-block-uagb-image--layout-overlay__color-wrapper{opacity: 1;}.uagb-block-e6f939b3.wp-block-uagb-image .wp-block-uagb-image--layout-overlay__inner .uagb-image-separator{width: 30%;border-top-width: 2px;border-top-color: #fff;opacity: 0;}.uagb-block-e6f939b3.wp-block-uagb-image .wp-block-uagb-image__figure img{width: px;height: auto;}.uagb-block-e6f939b3.wp-block-uagb-image .wp-block-uagb-image__figure:hover .wp-block-uagb-image--layout-overlay__inner .uagb-image-caption{opacity: 1;}.uagb-block-e6f939b3.wp-block-uagb-image .wp-block-uagb-image__figure:hover .wp-block-uagb-image--layout-overlay__inner .uagb-image-separator{opacity: 1;}.uagb-block-e6f939b3.wp-block-uagb-image--layout-default figure:hover img{box-shadow: 0px 0px 0 #00000070;}.uagb-block-e6f939b3.wp-block-uagb-image--layout-overlay figure:hover img{box-shadow: 0px 0px 0 #00000070;}@media only screen and (max-width: 976px) {.uagb-block-e6f939b3.wp-block-uagb-image .wp-block-uagb-image__figure img{width: px;height: auto;}}@media only screen and (max-width: 767px) {.uagb-block-e6f939b3.wp-block-uagb-image .wp-block-uagb-image__figure img{width: px;height: auto;}}\";s:2:\"js\";s:0:\"\";s:18:\"current_block_list\";a:13:{i:0;s:11:\"core\/search\";i:1;s:10:\"core\/group\";i:2;s:12:\"core\/heading\";i:3;s:17:\"core\/latest-posts\";i:4;s:20:\"core\/latest-comments\";i:5;s:13:\"core\/archives\";i:6;s:15:\"core\/categories\";i:7;s:14:\"core\/paragraph\";i:8;s:10:\"uagb\/image\";i:9;s:11:\"core\/spacer\";i:10;s:30:\"woocommerce\/product-categories\";i:11;s:10:\"core\/image\";i:12;s:14:\"core\/shortcode\";}s:8:\"uag_flag\";b:1;s:11:\"uag_version\";s:10:\"1777660191\";s:6:\"gfonts\";a:0:{}s:10:\"gfonts_url\";s:0:\"\";s:12:\"gfonts_files\";a:0:{}s:14:\"uag_faq_layout\";b:0;}"]},"uagb_featured_image_src":{"full":["https:\/\/www.erbaverda.net\/wp-content\/uploads\/2025\/06\/Lawn_Paint_1ltrvrais.jpg",2560,2560,false],"thumbnail":["https:\/\/www.erbaverda.net\/wp-content\/uploads\/2025\/06\/Lawn_Paint_1ltrvrais-150x150.jpg",150,150,true],"medium":["https:\/\/www.erbaverda.net\/wp-content\/uploads\/2025\/06\/Lawn_Paint_1ltrvrais-300x300.jpg",300,300,true],"medium_large":["https:\/\/www.erbaverda.net\/wp-content\/uploads\/2025\/06\/Lawn_Paint_1ltrvrais-768x768.jpg",768,768,true],"large":["https:\/\/www.erbaverda.net\/wp-content\/uploads\/2025\/06\/Lawn_Paint_1ltrvrais-1024x1024.jpg",1024,1024,true],"1536x1536":["https:\/\/www.erbaverda.net\/wp-content\/uploads\/2025\/06\/Lawn_Paint_1ltrvrais-1536x1536.jpg",1536,1536,true],"2048x2048":["https:\/\/www.erbaverda.net\/wp-content\/uploads\/2025\/06\/Lawn_Paint_1ltrvrais-2048x2048.jpg",2048,2048,true],"trp-custom-language-flag":["https:\/\/www.erbaverda.net\/wp-content\/uploads\/2025\/06\/Lawn_Paint_1ltrvrais-12x12.jpg",12,12,true],"woocommerce_thumbnail":["https:\/\/www.erbaverda.net\/wp-content\/uploads\/2025\/06\/Lawn_Paint_1ltrvrais-300x300.jpg",300,300,true],"woocommerce_single":["https:\/\/www.erbaverda.net\/wp-content\/uploads\/2025\/06\/Lawn_Paint_1ltrvrais-600x600.jpg",600,600,true],"woocommerce_gallery_thumbnail":["https:\/\/www.erbaverda.net\/wp-content\/uploads\/2025\/06\/Lawn_Paint_1ltrvrais-100x100.jpg",100,100,true]},"uagb_author_info":{"display_name":"admin","author_link":"https:\/\/www.erbaverda.net\/fi\/author\/"},"uagb_comment_info":107,"uagb_excerpt":"\u00a0 \u00a0Long lasting.\u00a0Our lawn paints lasts three months. \u00a0 \u00a0No toxic ingredients.\u00a0We believe it is critical to preserve your lawn\u2019s natural ecosystem so your grass can breathe. \u00a0 \u00a0Half the price.\u00a0Costs half as much as competing products. \u00a0 \u00a0Environment friendly.\u00a0Is not hazardous to animals, and leaves no trace. \u00a0 \u00a0Saves water.\u00a0Water your lawn with only&hellip;","_links":{"self":[{"href":"https:\/\/www.erbaverda.net\/fi\/wp-json\/wp\/v2\/product\/23018","targetHints":{"allow":["GET"]}}],"collection":[{"href":"https:\/\/www.erbaverda.net\/fi\/wp-json\/wp\/v2\/product"}],"about":[{"href":"https:\/\/www.erbaverda.net\/fi\/wp-json\/wp\/v2\/types\/product"}],"replies":[{"embeddable":true,"href":"https:\/\/www.erbaverda.net\/fi\/wp-json\/wp\/v2\/comments?post=23018"}],"version-history":[{"count":2,"href":"https:\/\/www.erbaverda.net\/fi\/wp-json\/wp\/v2\/product\/23018\/revisions"}],"predecessor-version":[{"id":23162,"href":"https:\/\/www.erbaverda.net\/fi\/wp-json\/wp\/v2\/product\/23018\/revisions\/23162"}],"wp:featuredmedia":[{"embeddable":true,"href":"https:\/\/www.erbaverda.net\/fi\/wp-json\/wp\/v2\/media\/23091"}],"wp:attachment":[{"href":"https:\/\/www.erbaverda.net\/fi\/wp-json\/wp\/v2\/media?parent=23018"}],"wp:term":[{"taxonomy":"product_brand","embeddable":true,"href":"https:\/\/www.erbaverda.net\/fi\/wp-json\/wp\/v2\/product_brand?post=23018"},{"taxonomy":"product_cat","embeddable":true,"href":"https:\/\/www.erbaverda.net\/fi\/wp-json\/wp\/v2\/product_cat?post=23018"},{"taxonomy":"product_tag","embeddable":true,"href":"https:\/\/www.erbaverda.net\/fi\/wp-json\/wp\/v2\/product_tag?post=23018"}],"curies":[{"name":"wp","href":"https:\/\/api.w.org\/{rel}","templated":true}]}}