{"id":23018,"date":"2025-06-15T20:52:13","date_gmt":"2025-06-15T18:52:13","guid":{"rendered":"https:\/\/www.erbaverda.net\/products\/lawn-paint\/"},"modified":"2025-06-15T21:48:52","modified_gmt":"2025-06-15T19:48:52","slug":"lawn-paint","status":"publish","type":"product","link":"https:\/\/www.erbaverda.net\/hr\/products\/lawn-paint\/","title":{"rendered":"Boja za travnjak"},"content":{"rendered":"<p class=\"p1\"><span class=\"s1\"><b><br \/>\n<img decoding=\"async\" src=\"https:\/\/www.erbaverda.net\/wp-content\/uploads\/2025\/06\/Feedbin-Icon-check.svg_8faf4e0b-f89d-486c-aa08-b431a33525ea_icon.png?v=1541148886\" alt=\"\" width=\"18\" height=\"15\" data-mce-fragment=\"1\" \/>\u00a0 \u00a0Dugotrajno.\u00a0<\/b><\/span><span class=\"s2\">Na\u0161e boje za travnjak traju tri mjeseca.<\/span><\/p>\n<p class=\"p1\"><span class=\"s1\"><b><br \/>\n<img decoding=\"async\" src=\"https:\/\/www.erbaverda.net\/wp-content\/uploads\/2025\/06\/Feedbin-Icon-check.svg_8faf4e0b-f89d-486c-aa08-b431a33525ea_icon.png?v=1541148886\" alt=\"\" width=\"18\" height=\"15\" data-mce-fragment=\"1\" \/>\u00a0 \u00a0Bez otrovnih sastojaka.\u00a0<\/b><\/span><span class=\"s2\">Vjerujemo da je klju\u010dno o\u010duvati prirodni ekosustav va\u0161eg travnjaka kako bi va\u0161a trava mogla disati.<\/span><\/p>\n<p class=\"p1\"><span class=\"s1\"><b><br \/>\n<img decoding=\"async\" src=\"https:\/\/www.erbaverda.net\/wp-content\/uploads\/2025\/06\/Feedbin-Icon-check.svg_8faf4e0b-f89d-486c-aa08-b431a33525ea_icon.png?v=1541148886\" alt=\"\" width=\"18\" height=\"15\" data-mce-fragment=\"1\" \/>\u00a0 \u00a0Pola cijene.\u00a0<\/b><\/span><span class=\"s2\">Ko\u0161ta upola manje od konkurentskih proizvoda.<\/span><\/p>\n<p class=\"p1\"><span class=\"s1\"><b><br \/>\n<img decoding=\"async\" src=\"https:\/\/www.erbaverda.net\/wp-content\/uploads\/2025\/06\/Feedbin-Icon-check.svg_8faf4e0b-f89d-486c-aa08-b431a33525ea_icon.png?v=1541148886\" alt=\"\" width=\"18\" height=\"15\" data-mce-fragment=\"1\" \/>\u00a0 \u00a0Ekolo\u0161ki prihvatljivo.\u00a0<\/b><\/span><span class=\"s2\">Nije opasno za \u017eivotinje i ne ostavlja tragove.<\/span><\/p>\n<p class=\"p1\"><span class=\"s1\"><b><br \/>\n<img decoding=\"async\" src=\"https:\/\/www.erbaverda.net\/wp-content\/uploads\/2025\/06\/Feedbin-Icon-check.svg_8faf4e0b-f89d-486c-aa08-b431a33525ea_icon.png?v=1541148886\" alt=\"\" width=\"18\" height=\"15\" data-mce-fragment=\"1\" \/>\u00a0 \u00a0\u0160tedi vodu.\u00a0<\/b><\/span><span class=\"s2\">Zalijevajte travnjak samo s potrebnom koli\u010dinom da bi bio zdrav.<\/span><\/p>\n<p class=\"p1\"><span class=\"s1\"><b><br \/>\n<img decoding=\"async\" src=\"https:\/\/www.erbaverda.net\/wp-content\/uploads\/2025\/06\/Feedbin-Icon-check.svg_8faf4e0b-f89d-486c-aa08-b431a33525ea_icon.png?v=1541148886\" alt=\"\" width=\"18\" height=\"15\" data-mce-fragment=\"1\" \/>\u00a0 \u00a0Primjena.\u00a0<\/b><\/span><span class=\"s2\">Nanesite pomo\u0107u valjka, kista ili raspr\u0161iva\u010da.<\/span><\/p>\n<p class=\"p1\"><span class=\"s1\"><b><br \/>\n<img decoding=\"async\" src=\"https:\/\/www.erbaverda.net\/wp-content\/uploads\/2025\/06\/Feedbin-Icon-check.svg_8faf4e0b-f89d-486c-aa08-b431a33525ea_icon.png?v=1541148886\" alt=\"\" width=\"18\" height=\"15\" data-mce-fragment=\"1\" \/>\u00a0 \u00a0Isplativo.\u00a0<\/b><\/span><span class=\"s2\">Domet od 20 do 40 m<\/span><span class=\"s3\"><sup>2<\/sup><\/span><span class=\"s2\">\/L kada se nanosi raspr\u0161iva\u010dem na zahva\u0107ene povr\u0161ine. <\/span><\/p>\n<h2 class=\"p2\"><span class=\"s2\">Upute<\/span><\/h2>\n<ul class=\"ul1\">\n<li class=\"li3\"><span class=\"s5\"><b>Prije slikanja:\u00a0<\/b><\/span><span class=\"s6\">Travnjak mora biti poko\u0161en, suh i o\u010di\u0161\u0107en od bilo kakvog otpada.<\/span><\/li>\n<li class=\"li3\"><span class=\"s5\"><b>Upute za mije\u0161anje:<\/b><\/span><span class=\"s6\">\u00a0U vrtnoj prskalici (dostupnoj na na\u0161oj web stranici) pomije\u0161ajte jedan dio boje za travnjak sa \u0161est dijelova vode. Zatvorite prskalicu i sna\u017eno protresite. Pumpajte prskalicu do kraja i poprskajte malu koli\u010dinu kako biste provjerili \u017eeljenu nijansu boje. Imajte na umu da smjesa u tim koli\u010dinama mo\u017ee biti tamnija ili svjetlija od \u017eeljene nijanse. Ako je boja pretamna, nastavite dodavati dijelove vode (jedan dio odjednom) dok ne postignete \u017eeljenu nijansu. Ve\u0107ina potro\u0161a\u010da preferira nijanse nastale omjerom boje i vode 1-6 ili 1-8. Uz to, drugi preferiraju jo\u0161 svjetliju nijansu (omjer 1-10). Uvijek je lak\u0161e dodati vi\u0161e vode u smjesu nego vi\u0161e boje, i zato preporu\u010dujemo da po\u010dnete s omjerom 1-6 i krenete odatle.<\/span><\/li>\n<li class=\"li3\"><span class=\"s5\"><b>Savjeti: \u00a0<\/b><\/span><span class=\"s6\">Preporu\u010dujemo da prvo eksperimentirate na nekoliko malih povr\u0161ina dok ne dobijete \u017eeljenu nijansu. Nakon \u0161to postignete \u017eeljenu nijansu, prskajte travnjak u nasumi\u010dnom orbitalnom uzorku kako biste izbjegli vidljive linije i stvorili realisti\u010dniji izgled. Dr\u017eite mlaznicu raspr\u0161iva\u010da najmanje 20 cm od vlati trave. Za najbolje rezultate, s obzirom na prirodni sastav Erba Verda, preporu\u010dujemo protresanje raspr\u0161iva\u010da prije nano\u0161enja, kao i redovito tijekom cijelog procesa kako biste sprije\u010dili talo\u017eenje pigmenta ili za\u010depljenje mlaznice. Uvijek postavite raspr\u0161iva\u010d na najfiniju mogu\u0107u postavku prskanja kako biste osigurali najbolju mogu\u0107u upotrebu. Najbolje je izbjegavati prskanje pod niskim tlakom, kao i bilo kakvo otjecanje, jer bi to nepotrebno rasipalo proizvod. Nakon \u0161to zavr\u0161ite s bojanjem, preporu\u010dujemo odvrtanje mlaznice raspr\u0161iva\u010da i \u010di\u0161\u0107enje. Obavezno nastavite ispirati raspr\u0161iva\u010d dok iz mlaznice ne po\u010dne izlaziti samo \u010dista voda nakon pumpanja. To \u0107e osigurati da va\u0161a pumpa dulje traje i bude spremna sljede\u0107i put kada je trebate koristiti. Izbjegavajte hodanje po cementu, kamenim plo\u010dama, terasi itd. s cipelama prekrivenim mokrom bojom. Prije napu\u0161tanja poprskanog podru\u010dja provjerite jesu li vam cipele suhe. Kako biste sprije\u010dili prekomjerno prskanje po rubu betona najbli\u017eem travi, prskajte u smjeru travnjaka. Alternativno, dio mje\u0161avine boje za travnjak ulijte u obi\u010dnu bocu s raspr\u0161iva\u010dem (bilo koja stara boca s raspr\u0161iva\u010dem \u0107e poslu\u017eiti) i poprskajte travu koja se nalazi uz nju iz neposredne blizine.<\/span><\/li>\n<li class=\"li4\"><span class=\"s5\"><b>Mjere opreza:\u00a0<\/b><\/span><span class=\"s6\">Ne \u017eurite i pa\u017eljivo nanesite boju kako biste izbjegli slu\u010dajno prskanje, razmazivanje boje mokrim cipelama ili prolijevanje boje.\u00a0<\/span>Ne prskajte po vjetrovitom ili vla\u017enom vremenu. Pokrijte sva podru\u010dja koja ne \u017eelite prskati i uvijek nosite za\u0161titnu odje\u0107u i stare cipele jer se mogu zaprljati bojom. Tako\u0111er preporu\u010dujemo no\u0161enje za\u0161titnih nao\u010dala, rukavica i maske za disanje, jer boja mo\u017ee izazvati iritaciju kod nekih ljudi. Ne prskajte kada su druge osobe prisutne, osim ako i one ne nose za\u0161titnu opremu. Kao i kod svih nejestivih teku\u0107ina, boju dr\u017eite izvan dohvata djece. U slu\u010daju slu\u010dajnog prskanja, preporu\u010dujemo da pri ruci imate kantu sapuna i metalnu ili najlonsku \u010detku (kao \u0161to se koristi za \u010di\u0161\u0107enje ro\u0161tilja) kako biste uklonili ne\u017eeljeno prskanje na betonu itd. Ovo tako\u0111er vrlo dobro djeluje za uklanjanje boje koja se slu\u010dajno nanese na bilo koju vrstu tvrde povr\u0161ine, poput betona ili opeke. Vrijeme su\u0161enja je otprilike 30 minuta po sun\u010danom vremenu. Na vrijeme su\u0161enja mogu uvelike utjecati sjena, obla\u010dno vrijeme i vlaga. Provjerite je li boja potpuno suha prije nego \u0161to dopustite nekome da hoda po travnjaku.<\/li>\n<\/ul>\n<ul class=\"ul1\">\n<li class=\"li3\"><span class=\"s5\"><b>Pokrivenost:<\/b><\/span><span class=\"s6\">\u00a020 do 40 m<\/span><span class=\"s7\"><sup>2<\/sup><\/span><span class=\"s6\">\/L. Budu\u0107i da su \u010dimbenici poput omjera razrje\u0111ivanja, stanja travnjaka, njegove duljine, vrste primjene, na\u010dina primjene i \u017eeljene sjene izvan na\u0161e kontrole, ne mo\u017eemo jam\u010diti specifi\u010dne stope pokrivenosti. Stoga pru\u017eamo \u201eprosje\u010dne\u201c stope pokrivenosti na temelju vlastitih neovisnih testova. Naravno, ako je trava potpuno po\u017eutjela i osu\u0161ena ili ako preferirate tamniju nijansu, boja ne\u0107e i\u0107i tako daleko kao na travnjaku koji tek po\u010dinje blijedjeti ili ako je po\u017eeljna svjetlija nijansa.<\/span><\/li>\n<li class=\"li3\"><span class=\"s5\"><b>Dugovje\u010dnost:<\/b><\/span><span class=\"s6\">\u00a0Ako va\u0161 travnjak jo\u0161 uvijek raste, a vi kosite obojeno podru\u010dje, boja \u0107e trajati samo do ponovne ko\u0161nje. U idealnim i suhim klimatskim uvjetima s travnjakom u stanju mirovanja, i gdje je travnjak jo\u0161 uvijek podatan (ne hrskav), bilo je slu\u010dajeva kada je boja trajala i do \u0161est mjeseci. Trajnost boje ovisi o stanju travnjaka, vrsti travnjaka, vremenskim uvjetima, koliko se hoda po va\u0161em travnjaku itd. Previ\u0161e je varijabli izvan na\u0161e kontrole da bismo mogli dati odre\u0111ene vremenske raspone ili jamstva. Uz to, ve\u0107ina na\u0161ih kupaca izvje\u0161tava o \u201evijeku boje\u201c od 1 do 3 mjeseca.<\/span><\/li>\n<li class=\"li7\"><span class=\"s6\">Boja za travnjak je jednostavno i zabavno rje\u0161enje za mnoge uobi\u010dajene probleme s travnjakom. Ako znate \u0161to mo\u017eete o\u010dekivati prije nego \u0161to po\u010dnete prskati i slijedite gore navedene upute, bojanje va\u0161eg travnjaka bit \u0107e puno lak\u0161e i glatkije. Kao i uvijek, ako imate bilo kakvih pitanja, obratite se na\u0161em timu za korisni\u010dku podr\u0161ku Erba Verda.<\/span><\/li>\n<\/ul>","protected":false},"excerpt":{"rendered":"<p>\u00a0 \u00a0Long lasting.\u00a0Our lawn paints lasts three months. \u00a0 \u00a0No toxic ingredients.\u00a0We believe it is critical to preserve your lawn\u2019s natural ecosystem so your grass can breathe. \u00a0 \u00a0Half the price.\u00a0Costs half as much as competing products. \u00a0 \u00a0Environment friendly.\u00a0Is not hazardous to animals, and leaves no trace. \u00a0 \u00a0Saves water.\u00a0Water your lawn with only [&hellip;]<\/p>\n","protected":false},"featured_media":23091,"comment_status":"open","ping_status":"closed","template":"","meta":{"_uag_custom_page_level_css":"","site-sidebar-layout":"default","site-content-layout":"","ast-site-content-layout":"default","site-content-style":"default","site-sidebar-style":"default","ast-global-header-display":"","ast-banner-title-visibility":"","ast-main-header-display":"","ast-hfb-above-header-display":"","ast-hfb-below-header-display":"","ast-hfb-mobile-header-display":"","site-post-title":"","ast-breadcrumbs-content":"","ast-featured-img":"","footer-sml-layout":"","ast-disable-related-posts":"","theme-transparent-header-meta":"default","adv-header-id-meta":"","stick-header-meta":"","header-above-stick-meta":"","header-main-stick-meta":"","header-below-stick-meta":"","astra-migrate-meta-layouts":"set","ast-page-background-enabled":"default","ast-page-background-meta":{"desktop":{"background-color":"var(--ast-global-color-4)","background-image":"","background-repeat":"repeat","background-position":"center center","background-size":"auto","background-attachment":"scroll","background-type":"","background-media":"","overlay-type":"","overlay-color":"","overlay-opacity":"","overlay-gradient":""},"tablet":{"background-color":"","background-image":"","background-repeat":"repeat","background-position":"center center","background-size":"auto","background-attachment":"scroll","background-type":"","background-media":"","overlay-type":"","overlay-color":"","overlay-opacity":"","overlay-gradient":""},"mobile":{"background-color":"","background-image":"","background-repeat":"repeat","background-position":"center center","background-size":"auto","background-attachment":"scroll","background-type":"","background-media":"","overlay-type":"","overlay-color":"","overlay-opacity":"","overlay-gradient":""}},"ast-content-background-meta":{"desktop":{"background-color":"var(--ast-global-color-5)","background-image":"","background-repeat":"repeat","background-position":"center center","background-size":"auto","background-attachment":"scroll","background-type":"","background-media":"","overlay-type":"","overlay-color":"","overlay-opacity":"","overlay-gradient":""},"tablet":{"background-color":"var(--ast-global-color-5)","background-image":"","background-repeat":"repeat","background-position":"center center","background-size":"auto","background-attachment":"scroll","background-type":"","background-media":"","overlay-type":"","overlay-color":"","overlay-opacity":"","overlay-gradient":""},"mobile":{"background-color":"var(--ast-global-color-5)","background-image":"","background-repeat":"repeat","background-position":"center center","background-size":"auto","background-attachment":"scroll","background-type":"","background-media":"","overlay-type":"","overlay-color":"","overlay-opacity":"","overlay-gradient":""}}},"product_brand":[],"product_cat":[15],"product_tag":[],"class_list":{"0":"post-23018","1":"product","2":"type-product","3":"status-publish","4":"has-post-thumbnail","6":"product_cat-shop","7":"desktop-align-left","8":"tablet-align-left","9":"mobile-align-left","11":"first","12":"instock","13":"sale","14":"taxable","15":"shipping-taxable","16":"purchasable","17":"product-type-variable","18":"has-default-attributes"},"spectra_custom_meta":{"_visibility":["visible"],"_shopify_product_id":["1678518681669"],"_s2w_shopify_domain":["erba-verda.myshopify.com"],"_shopify_variant_id":["15361227522117"],"_manage_stock":["no"],"total_sales":["1"],"_tax_status":["taxable"],"_tax_class":[""],"_backorders":["no"],"_sold_individually":["no"],"_virtual":["no"],"_downloadable":["no"],"_download_limit":["-1"],"_download_expiry":["-1"],"_stock":[null],"_stock_status":["instock"],"_wc_average_rating":["4.88"],"_wc_review_count":["107"],"_product_attributes":["a:1:{s:6:\"volume\";a:6:{s:4:\"name\";s:6:\"Volume\";s:5:\"value\";s:30:\"1 liter | 5 liters | 25 liters\";s:8:\"position\";i:1;s:10:\"is_visible\";i:0;s:12:\"is_variation\";i:1;s:11:\"is_taxonomy\";i:0;}}"],"_product_version":["9.9.3"],"_thumbnail_id":["23091"],"_product_image_gallery":["23092,23093"],"_edit_lock":["1750016457:1"],"_default_attributes":["a:1:{s:6:\"volume\";s:7:\"1 liter\";}"],"_price":["29.90","129.90","499.90"],"merchant-center-id":["LP1"],"merchant-center-availability":["yes"],"merchant-center-category":["505417"],"_edit_last":["1"],"_wp_page_template":["default"],"site-sidebar-layout":["default"],"ast-site-content-layout":["default"],"site-content-style":["default"],"site-sidebar-style":["default"],"theme-transparent-header-meta":["default"],"astra-migrate-meta-layouts":["set"],"_wc_rating_count":["a:2:{i:4;i:13;i:5;i:94;}"],"_uag_css_file_name":["uag-css-23018.css"],"_elementor_page_assets":["a:0:{}"],"_uag_page_assets":["a:9:{s:3:\"css\";s:7133:\".uag-blocks-common-selector{z-index:var(--z-index-desktop) !important}@media(max-width: 976px){.uag-blocks-common-selector{z-index:var(--z-index-tablet) !important}}@media(max-width: 767px){.uag-blocks-common-selector{z-index:var(--z-index-mobile) !important}}.wp-block-uagb-image{display:flex}.wp-block-uagb-image__figure{position:relative;display:flex;flex-direction:column;max-width:100%;height:auto;margin:0}.wp-block-uagb-image__figure img{height:auto;display:flex;max-width:100%;transition:box-shadow .2s ease}.wp-block-uagb-image__figure>a{display:inline-block}.wp-block-uagb-image__figure figcaption{text-align:center;margin-top:.5em;margin-bottom:1em}.wp-block-uagb-image .components-placeholder.block-editor-media-placeholder .components-placeholder__instructions{align-self:center}.wp-block-uagb-image--align-left{text-align:left}.wp-block-uagb-image--align-right{text-align:right}.wp-block-uagb-image--align-center{text-align:center}.wp-block-uagb-image--align-full .wp-block-uagb-image__figure{margin-left:calc(50% - 50vw);margin-right:calc(50% - 50vw);max-width:100vw;width:100vw;height:auto}.wp-block-uagb-image--align-full .wp-block-uagb-image__figure img{height:auto;width:100% !important}.wp-block-uagb-image--align-wide .wp-block-uagb-image__figure img{height:auto;width:100%}.wp-block-uagb-image--layout-overlay__color-wrapper{position:absolute;left:0;top:0;right:0;bottom:0;opacity:.2;background:rgba(0,0,0,.5);transition:opacity .35s ease-in-out}.wp-block-uagb-image--layout-overlay-link{position:absolute;left:0;right:0;bottom:0;top:0}.wp-block-uagb-image--layout-overlay .wp-block-uagb-image__figure:hover .wp-block-uagb-image--layout-overlay__color-wrapper{opacity:1}.wp-block-uagb-image--layout-overlay__inner{position:absolute;left:15px;right:15px;bottom:15px;top:15px;display:flex;align-items:center;justify-content:center;flex-direction:column;border-color:#fff;transition:.35s ease-in-out}.wp-block-uagb-image--layout-overlay__inner.top-left,.wp-block-uagb-image--layout-overlay__inner.top-center,.wp-block-uagb-image--layout-overlay__inner.top-right{justify-content:flex-start}.wp-block-uagb-image--layout-overlay__inner.bottom-left,.wp-block-uagb-image--layout-overlay__inner.bottom-center,.wp-block-uagb-image--layout-overlay__inner.bottom-right{justify-content:flex-end}.wp-block-uagb-image--layout-overlay__inner.top-left,.wp-block-uagb-image--layout-overlay__inner.center-left,.wp-block-uagb-image--layout-overlay__inner.bottom-left{align-items:flex-start}.wp-block-uagb-image--layout-overlay__inner.top-right,.wp-block-uagb-image--layout-overlay__inner.center-right,.wp-block-uagb-image--layout-overlay__inner.bottom-right{align-items:flex-end}.wp-block-uagb-image--layout-overlay__inner .uagb-image-heading{color:#fff;transition:transform .35s,opacity .35s ease-in-out;transform:translate3d(0, 24px, 0);margin:0;line-height:1em}.wp-block-uagb-image--layout-overlay__inner .uagb-image-separator{width:30%;border-top-width:2px;border-top-color:#fff;border-top-style:solid;margin-bottom:10px;opacity:0;transition:transform .4s,opacity .4s ease-in-out;transform:translate3d(0, 30px, 0)}.wp-block-uagb-image--layout-overlay__inner .uagb-image-caption{opacity:0;overflow:visible;color:#fff;transition:transform .45s,opacity .45s ease-in-out;transform:translate3d(0, 35px, 0)}.wp-block-uagb-image--layout-overlay__inner:hover .uagb-image-heading,.wp-block-uagb-image--layout-overlay__inner:hover .uagb-image-separator,.wp-block-uagb-image--layout-overlay__inner:hover .uagb-image-caption{opacity:1;transform:translate3d(0, 0, 0)}.wp-block-uagb-image--effect-zoomin .wp-block-uagb-image__figure img,.wp-block-uagb-image--effect-zoomin .wp-block-uagb-image__figure .wp-block-uagb-image--layout-overlay__color-wrapper{transform:scale(1);transition:transform .35s ease-in-out}.wp-block-uagb-image--effect-zoomin .wp-block-uagb-image__figure:hover img,.wp-block-uagb-image--effect-zoomin .wp-block-uagb-image__figure:hover .wp-block-uagb-image--layout-overlay__color-wrapper{transform:scale(1.05)}.wp-block-uagb-image--effect-slide .wp-block-uagb-image__figure img,.wp-block-uagb-image--effect-slide .wp-block-uagb-image__figure .wp-block-uagb-image--layout-overlay__color-wrapper{width:calc(100% + 40px) !important;max-width:none !important;transform:translate3d(-40px, 0, 0);transition:transform .35s ease-in-out}.wp-block-uagb-image--effect-slide .wp-block-uagb-image__figure:hover img,.wp-block-uagb-image--effect-slide .wp-block-uagb-image__figure:hover .wp-block-uagb-image--layout-overlay__color-wrapper{transform:translate3d(0, 0, 0)}.wp-block-uagb-image--effect-grayscale img{filter:grayscale(0%);transition:.35s ease-in-out}.wp-block-uagb-image--effect-grayscale:hover img{filter:grayscale(100%)}.wp-block-uagb-image--effect-blur img{filter:blur(0);transition:.35s ease-in-out}.wp-block-uagb-image--effect-blur:hover img{filter:blur(3px)}.uagb-block-e6f939b3.wp-block-uagb-image--layout-default figure img{box-shadow: 0px 0px 0 #00000070;}.uagb-block-e6f939b3.wp-block-uagb-image .wp-block-uagb-image__figure figcaption{font-style: normal;align-self: center;}.uagb-block-e6f939b3.wp-block-uagb-image--layout-overlay figure img{box-shadow: 0px 0px 0 #00000070;}.uagb-block-e6f939b3.wp-block-uagb-image--layout-overlay .wp-block-uagb-image--layout-overlay__color-wrapper{opacity: 0.2;}.uagb-block-e6f939b3.wp-block-uagb-image--layout-overlay .wp-block-uagb-image--layout-overlay__inner{left: 15px;right: 15px;top: 15px;bottom: 15px;}.uagb-block-e6f939b3.wp-block-uagb-image--layout-overlay .wp-block-uagb-image--layout-overlay__inner .uagb-image-heading{font-style: normal;color: #fff;opacity: 1;}.uagb-block-e6f939b3.wp-block-uagb-image--layout-overlay .wp-block-uagb-image--layout-overlay__inner .uagb-image-heading a{color: #fff;}.uagb-block-e6f939b3.wp-block-uagb-image--layout-overlay .wp-block-uagb-image--layout-overlay__inner .uagb-image-caption{opacity: 0;}.uagb-block-e6f939b3.wp-block-uagb-image--layout-overlay .wp-block-uagb-image__figure:hover .wp-block-uagb-image--layout-overlay__color-wrapper{opacity: 1;}.uagb-block-e6f939b3.wp-block-uagb-image .wp-block-uagb-image--layout-overlay__inner .uagb-image-separator{width: 30%;border-top-width: 2px;border-top-color: #fff;opacity: 0;}.uagb-block-e6f939b3.wp-block-uagb-image .wp-block-uagb-image__figure img{width: px;height: auto;}.uagb-block-e6f939b3.wp-block-uagb-image .wp-block-uagb-image__figure:hover .wp-block-uagb-image--layout-overlay__inner .uagb-image-caption{opacity: 1;}.uagb-block-e6f939b3.wp-block-uagb-image .wp-block-uagb-image__figure:hover .wp-block-uagb-image--layout-overlay__inner .uagb-image-separator{opacity: 1;}.uagb-block-e6f939b3.wp-block-uagb-image--layout-default figure:hover img{box-shadow: 0px 0px 0 #00000070;}.uagb-block-e6f939b3.wp-block-uagb-image--layout-overlay figure:hover img{box-shadow: 0px 0px 0 #00000070;}@media only screen and (max-width: 976px) {.uagb-block-e6f939b3.wp-block-uagb-image .wp-block-uagb-image__figure img{width: px;height: auto;}}@media only screen and (max-width: 767px) {.uagb-block-e6f939b3.wp-block-uagb-image .wp-block-uagb-image__figure img{width: px;height: auto;}}\";s:2:\"js\";s:0:\"\";s:18:\"current_block_list\";a:13:{i:0;s:11:\"core\/search\";i:1;s:10:\"core\/group\";i:2;s:12:\"core\/heading\";i:3;s:17:\"core\/latest-posts\";i:4;s:20:\"core\/latest-comments\";i:5;s:13:\"core\/archives\";i:6;s:15:\"core\/categories\";i:7;s:14:\"core\/paragraph\";i:8;s:10:\"uagb\/image\";i:9;s:11:\"core\/spacer\";i:10;s:30:\"woocommerce\/product-categories\";i:11;s:10:\"core\/image\";i:12;s:14:\"core\/shortcode\";}s:8:\"uag_flag\";b:1;s:11:\"uag_version\";s:10:\"1777660191\";s:6:\"gfonts\";a:0:{}s:10:\"gfonts_url\";s:0:\"\";s:12:\"gfonts_files\";a:0:{}s:14:\"uag_faq_layout\";b:0;}"]},"uagb_featured_image_src":{"full":["https:\/\/www.erbaverda.net\/wp-content\/uploads\/2025\/06\/Lawn_Paint_1ltrvrais.jpg",2560,2560,false],"thumbnail":["https:\/\/www.erbaverda.net\/wp-content\/uploads\/2025\/06\/Lawn_Paint_1ltrvrais-150x150.jpg",150,150,true],"medium":["https:\/\/www.erbaverda.net\/wp-content\/uploads\/2025\/06\/Lawn_Paint_1ltrvrais-300x300.jpg",300,300,true],"medium_large":["https:\/\/www.erbaverda.net\/wp-content\/uploads\/2025\/06\/Lawn_Paint_1ltrvrais-768x768.jpg",768,768,true],"large":["https:\/\/www.erbaverda.net\/wp-content\/uploads\/2025\/06\/Lawn_Paint_1ltrvrais-1024x1024.jpg",1024,1024,true],"1536x1536":["https:\/\/www.erbaverda.net\/wp-content\/uploads\/2025\/06\/Lawn_Paint_1ltrvrais-1536x1536.jpg",1536,1536,true],"2048x2048":["https:\/\/www.erbaverda.net\/wp-content\/uploads\/2025\/06\/Lawn_Paint_1ltrvrais-2048x2048.jpg",2048,2048,true],"trp-custom-language-flag":["https:\/\/www.erbaverda.net\/wp-content\/uploads\/2025\/06\/Lawn_Paint_1ltrvrais-12x12.jpg",12,12,true],"woocommerce_thumbnail":["https:\/\/www.erbaverda.net\/wp-content\/uploads\/2025\/06\/Lawn_Paint_1ltrvrais-300x300.jpg",300,300,true],"woocommerce_single":["https:\/\/www.erbaverda.net\/wp-content\/uploads\/2025\/06\/Lawn_Paint_1ltrvrais-600x600.jpg",600,600,true],"woocommerce_gallery_thumbnail":["https:\/\/www.erbaverda.net\/wp-content\/uploads\/2025\/06\/Lawn_Paint_1ltrvrais-100x100.jpg",100,100,true]},"uagb_author_info":{"display_name":"admin","author_link":"https:\/\/www.erbaverda.net\/hr\/author\/"},"uagb_comment_info":107,"uagb_excerpt":"\u00a0 \u00a0Long lasting.\u00a0Our lawn paints lasts three months. \u00a0 \u00a0No toxic ingredients.\u00a0We believe it is critical to preserve your lawn\u2019s natural ecosystem so your grass can breathe. \u00a0 \u00a0Half the price.\u00a0Costs half as much as competing products. \u00a0 \u00a0Environment friendly.\u00a0Is not hazardous to animals, and leaves no trace. \u00a0 \u00a0Saves water.\u00a0Water your lawn with only&hellip;","_links":{"self":[{"href":"https:\/\/www.erbaverda.net\/hr\/wp-json\/wp\/v2\/product\/23018","targetHints":{"allow":["GET"]}}],"collection":[{"href":"https:\/\/www.erbaverda.net\/hr\/wp-json\/wp\/v2\/product"}],"about":[{"href":"https:\/\/www.erbaverda.net\/hr\/wp-json\/wp\/v2\/types\/product"}],"replies":[{"embeddable":true,"href":"https:\/\/www.erbaverda.net\/hr\/wp-json\/wp\/v2\/comments?post=23018"}],"version-history":[{"count":2,"href":"https:\/\/www.erbaverda.net\/hr\/wp-json\/wp\/v2\/product\/23018\/revisions"}],"predecessor-version":[{"id":23162,"href":"https:\/\/www.erbaverda.net\/hr\/wp-json\/wp\/v2\/product\/23018\/revisions\/23162"}],"wp:featuredmedia":[{"embeddable":true,"href":"https:\/\/www.erbaverda.net\/hr\/wp-json\/wp\/v2\/media\/23091"}],"wp:attachment":[{"href":"https:\/\/www.erbaverda.net\/hr\/wp-json\/wp\/v2\/media?parent=23018"}],"wp:term":[{"taxonomy":"product_brand","embeddable":true,"href":"https:\/\/www.erbaverda.net\/hr\/wp-json\/wp\/v2\/product_brand?post=23018"},{"taxonomy":"product_cat","embeddable":true,"href":"https:\/\/www.erbaverda.net\/hr\/wp-json\/wp\/v2\/product_cat?post=23018"},{"taxonomy":"product_tag","embeddable":true,"href":"https:\/\/www.erbaverda.net\/hr\/wp-json\/wp\/v2\/product_tag?post=23018"}],"curies":[{"name":"radni list","href":"https:\/\/api.w.org\/{rel}","templated":true}]}}