{"id":23018,"date":"2025-06-15T20:52:13","date_gmt":"2025-06-15T18:52:13","guid":{"rendered":"https:\/\/www.erbaverda.net\/products\/lawn-paint\/"},"modified":"2025-06-15T21:48:52","modified_gmt":"2025-06-15T19:48:52","slug":"lawn-paint","status":"publish","type":"product","link":"https:\/\/www.erbaverda.net\/lt\/products\/lawn-paint\/","title":{"rendered":"Vejos da\u017eai"},"content":{"rendered":"<p class=\"p1\"><span class=\"s1\"><b><br \/>\n<img decoding=\"async\" src=\"https:\/\/www.erbaverda.net\/wp-content\/uploads\/2025\/06\/Feedbin-Icon-check.svg_8faf4e0b-f89d-486c-aa08-b431a33525ea_icon.png?v=1541148886\" alt=\"\" width=\"18\" height=\"15\" data-mce-fragment=\"1\" \/>\u00a0 \u00a0Ilgalaikis.\u00a0<\/b><\/span><span class=\"s2\">M\u016bs\u0173 vejos da\u017eai trunka tris m\u0117nesius.<\/span><\/p>\n<p class=\"p1\"><span class=\"s1\"><b><br \/>\n<img decoding=\"async\" src=\"https:\/\/www.erbaverda.net\/wp-content\/uploads\/2025\/06\/Feedbin-Icon-check.svg_8faf4e0b-f89d-486c-aa08-b431a33525ea_icon.png?v=1541148886\" alt=\"\" width=\"18\" height=\"15\" data-mce-fragment=\"1\" \/>\u00a0 \u00a0N\u0117ra toksi\u0161k\u0173 ingredient\u0173.\u00a0<\/b><\/span><span class=\"s2\">Manome, kad labai svarbu i\u0161saugoti nat\u016brali\u0105 vejos ekosistem\u0105, kad \u017eol\u0117 gal\u0117t\u0173 kv\u0117puoti.<\/span><\/p>\n<p class=\"p1\"><span class=\"s1\"><b><br \/>\n<img decoding=\"async\" src=\"https:\/\/www.erbaverda.net\/wp-content\/uploads\/2025\/06\/Feedbin-Icon-check.svg_8faf4e0b-f89d-486c-aa08-b431a33525ea_icon.png?v=1541148886\" alt=\"\" width=\"18\" height=\"15\" data-mce-fragment=\"1\" \/>\u00a0 \u00a0Perpus ma\u017eesn\u0117 kaina.\u00a0<\/b><\/span><span class=\"s2\">kainuoja perpus pigiau nei konkurent\u0173 gaminiai.<\/span><\/p>\n<p class=\"p1\"><span class=\"s1\"><b><br \/>\n<img decoding=\"async\" src=\"https:\/\/www.erbaverda.net\/wp-content\/uploads\/2025\/06\/Feedbin-Icon-check.svg_8faf4e0b-f89d-486c-aa08-b431a33525ea_icon.png?v=1541148886\" alt=\"\" width=\"18\" height=\"15\" data-mce-fragment=\"1\" \/>\u00a0 \u00a0Draugi\u0161kas aplinkai.\u00a0<\/b><\/span><span class=\"s2\">Nepavojingas gyv\u016bnams ir nepalieka p\u0117dsak\u0173.<\/span><\/p>\n<p class=\"p1\"><span class=\"s1\"><b><br \/>\n<img decoding=\"async\" src=\"https:\/\/www.erbaverda.net\/wp-content\/uploads\/2025\/06\/Feedbin-Icon-check.svg_8faf4e0b-f89d-486c-aa08-b431a33525ea_icon.png?v=1541148886\" alt=\"\" width=\"18\" height=\"15\" data-mce-fragment=\"1\" \/>\u00a0 \u00a0Taupo vanden\u012f.\u00a0<\/b><\/span><span class=\"s2\">Laistykite vej\u0105 tik tiek, kiek reikia, kad ji b\u016bt\u0173 sveika.<\/span><\/p>\n<p class=\"p1\"><span class=\"s1\"><b><br \/>\n<img decoding=\"async\" src=\"https:\/\/www.erbaverda.net\/wp-content\/uploads\/2025\/06\/Feedbin-Icon-check.svg_8faf4e0b-f89d-486c-aa08-b431a33525ea_icon.png?v=1541148886\" alt=\"\" width=\"18\" height=\"15\" data-mce-fragment=\"1\" \/>\u00a0 \u00a0Taikymas.\u00a0<\/b><\/span><span class=\"s2\">Tepkite voleliu, teptuku arba purk\u0161tuvu.<\/span><\/p>\n<p class=\"p1\"><span class=\"s1\"><b><br \/>\n<img decoding=\"async\" src=\"https:\/\/www.erbaverda.net\/wp-content\/uploads\/2025\/06\/Feedbin-Icon-check.svg_8faf4e0b-f89d-486c-aa08-b431a33525ea_icon.png?v=1541148886\" alt=\"\" width=\"18\" height=\"15\" data-mce-fragment=\"1\" \/>\u00a0 \u00a0Ekonomi\u0161kas.\u00a0<\/b><\/span><span class=\"s2\">20-40 m atstumas<\/span><span class=\"s3\"><sup>2<\/sup><\/span><span class=\"s2\">\/L, kai purk\u0161tuvu u\u017epur\u0161kiamas ant paveikt\u0173 pavir\u0161i\u0173. <\/span><\/p>\n<h2 class=\"p2\"><span class=\"s2\">Instrukcijos<\/span><\/h2>\n<ul class=\"ul1\">\n<li class=\"li3\"><span class=\"s5\"><b>Prie\u0161 da\u017eym\u0105:\u00a0<\/b><\/span><span class=\"s6\">Veja turi b\u016bti nu\u0161ienauta, sausa ir i\u0161valyta nuo \u0161iuk\u0161li\u0173.<\/span><\/li>\n<li class=\"li3\"><span class=\"s5\"><b>Mai\u0161ymo instrukcijos:<\/b><\/span><span class=\"s6\">\u00a0Sodo purk\u0161tuve (galite rasti m\u016bs\u0173 svetain\u0117je) sumai\u0161ykite vien\u0105 dal\u012f vejos da\u017e\u0173 su \u0161e\u0161iomis dalimis vandens. U\u017edarykite purk\u0161tuv\u0105 ir stipriai pakratykite. Iki galo supurtykite purk\u0161tuv\u0105 ir i\u0161purk\u0161kite nedidel\u012f kiek\u012f, kad patikrintum\u0117te norim\u0105 spalvos atspalv\u012f. Tur\u0117kite omenyje, kad tokio kiekio mi\u0161inys gali b\u016bti tamsesnis arba \u0161viesesnis u\u017e j\u016bs\u0173 norim\u0105 atspalv\u012f. Jei spalva per tamsi, toliau pilkite po dal\u012f vandens (po vien\u0105 dal\u012f), kol pasieksite norim\u0105 atspalv\u012f. Dauguma vartotoj\u0173 pirmenyb\u0119 teikia atspalviams, sukurtiems naudojant 1-6 arba 1-8 da\u017e\u0173 ir vandens santyk\u012f. Ta\u010diau kiti m\u0117gsta dar \u0161viesesn\u012f atspalv\u012f (santykis 1-10). Visada lengviau \u012f mi\u0161in\u012f \u012fpilti daugiau vandens nei da\u017e\u0173, tod\u0117l rekomenduojame prad\u0117ti nuo 1-6 santykio ir nuo jo t\u0119sti.<\/span><\/li>\n<li class=\"li3\"><span class=\"s5\"><b>Patarimai: \u00a0<\/b><\/span><span class=\"s6\">Rekomenduojame i\u0161 prad\u017ei\u0173 eksperimentuoti su nedideliais plotais, kol gausite norim\u0105 atspalv\u012f. Pasirink\u0119 norim\u0105 atspalv\u012f, vej\u0105 purk\u0161kite atsitiktine orbitine tvarka, kad i\u0161vengtum\u0117te matom\u0173 linij\u0173 ir sukurtum\u0117te tikrovi\u0161kesn\u012f vaizd\u0105. Purk\u0161tuvo antgal\u012f laikykite bent 20 cm atstumu nuo \u017eol\u0117s stieb\u0173. Siekiant geriausi\u0173 rezultat\u0173, atsi\u017evelgiant \u012f nat\u016brali\u0105 Erba Verda sud\u0117t\u012f, rekomenduojame purk\u0161tuv\u0105 purk\u0161ti tiek prie\u0161 pur\u0161kim\u0105, tiek reguliariai viso proceso metu, kad pigmentas nenus\u0117st\u0173 ir neu\u017ekim\u0161t\u0173 purk\u0161tuko. Visada nustatykite purk\u0161tuv\u0105 geriausiu \u012fmanomu pur\u0161kimo nustatymu, kad b\u016bt\u0173 u\u017etikrintas geriausias \u012fmanomas naudojimas. Geriausia vengti purk\u0161ti esant ma\u017eam sl\u0117giui, taip pat bet kokio nuot\u0117kio, nes taip be reikalo \u0161vaistomas produktas. Baigus da\u017eyti, rekomenduojame atsukti purk\u0161tuvo antgal\u012f ir j\u012f i\u0161valyti. B\u016btinai toliau skalaukite purk\u0161tuv\u0105, kol i\u0161 purk\u0161tuvo po siurbimo tek\u0117s tik skaidrus vanduo. Taip u\u017etikrinsite, kad siurblys tarnaus ilgiau ir bus paruo\u0161tas, kai kit\u0105 kart\u0105 prireiks j\u012f naudoti. Venkite vaik\u0161\u010dioti ant cemento, plyteli\u0173, terasos ir t. t. \u0161lapiais da\u017eais aplipusiais batais. Prie\u0161 i\u0161eidami i\u0161 pur\u0161kiamos vietos \u012fsitikinkite, kad batai yra sausi. Kad i\u0161vengtum\u0117te pernelyg didelio pursl\u0173 kiekio ant betono kra\u0161to, esan\u010dio ar\u010diausiai \u017eol\u0117s, purk\u0161dami jud\u0117kite vejos kryptimi. Arba \u012fpilkite dal\u012f vejos da\u017e\u0173 mi\u0161inio \u012f \u012fprast\u0105 purk\u0161tuv\u0105 (tinka bet koks senas purk\u0161tuvas) ir i\u0161 arti apipurk\u0161kite \u017eol\u0119.<\/span><\/li>\n<li class=\"li4\"><span class=\"s5\"><b>\u012esp\u0117jimai:\u00a0<\/b><\/span><span class=\"s6\">Neskub\u0117kite ir da\u017eus tepkite atsargiai, kad i\u0161vengtum\u0117te atsitiktini\u0173 pursl\u0173, da\u017e\u0173 p\u0117dsak\u0173 \u0161lapiais batais ar da\u017e\u0173 i\u0161siliejimo.\u00a0<\/span>Nepurk\u0161kite esant v\u0117juotam ar dr\u0117gnam orui. U\u017edenkite visas vietas, kuri\u0173 nenorite purk\u0161ti, ir visada d\u0117v\u0117kite apsauginius drabu\u017eius ir av\u0117kite senus batus, nes jie gali nusida\u017eyti da\u017eais. Taip pat rekomenduojame d\u0117v\u0117ti apsauginius akinius, pir\u0161tines ir kv\u0117pavimo kauk\u0119, nes da\u017eai kai kuriems \u017emon\u0117ms gali sukelti dirginim\u0105. Nepurk\u0161kite, kai \u0161alia yra kit\u0173 \u017emoni\u0173, nebent jie taip pat d\u0117vi apsaugines priemones. Kaip ir visus nevalgomus skys\u010dius, da\u017eus laikykite vaikams nepasiekiamoje vietoje. Atsitiktinio pur\u0161kimo atveju rekomenduojame po ranka tur\u0117ti kibir\u0105 muilinto vandens ir metalin\u012f arba nailonin\u012f \u0161epet\u012f (pvz., naudojam\u0105 kepsninei valyti), kad pa\u0161alintum\u0117te nepageidaujam\u0105 pursl\u0105 ant betono ir pan. \u0160i priemon\u0117 taip pat puikiai tinka nety\u010dia ant bet kokio kieto pavir\u0161iaus, pavyzd\u017eiui, betono ar plyt\u0173, patekusiems da\u017eams pa\u0161alinti. D\u017ei\u016bvimo laikas saul\u0117tu oru - ma\u017edaug 30 minu\u010di\u0173. D\u017ei\u016bvimo trukmei didel\u0119 \u012ftak\u0105 gali tur\u0117ti pav\u0117sis, debesuotas oras ir dr\u0117gm\u0117. Prie\u0161 leisdami kam nors vaik\u0161\u010dioti veja, patikrinkite, ar da\u017eai visi\u0161kai i\u0161d\u017ei\u016bvo.<\/li>\n<\/ul>\n<ul class=\"ul1\">\n<li class=\"li3\"><span class=\"s5\"><b>Apr\u0117ptis:<\/b><\/span><span class=\"s6\">\u00a020-40 m<\/span><span class=\"s7\"><sup>2<\/sup><\/span><span class=\"s6\">\/L. Kadangi toki\u0173 veiksni\u0173, kaip skiedimo santykis, vejos b\u016bkl\u0117, jos ilgis, naudojimo tipas, naudojimo b\u016bdas ir pageidaujamas \u0161e\u0161\u0117lis, negalime kontroliuoti, negalime garantuoti konkre\u010di\u0173 padengimo norm\u0173. Tod\u0117l pateikiame \"vidutines\" padengimo normas, pagr\u012fstas m\u016bs\u0173 pa\u010di\u0173 atliktais nepriklausomais bandymais. \u017dinoma, jei \u017eol\u0117 visi\u0161kai pageltusi ir i\u0161d\u017ei\u016bvusi arba jei pageidaujate tamsesnio atspalvio, da\u017eai nepadengs tiek pat, kiek ant vejos, kuri dar tik pradeda nykti, arba jei pageidaujate \u0161viesesnio atspalvio.<\/span><\/li>\n<li class=\"li3\"><span class=\"s5\"><b>Ilgaam\u017ei\u0161kumas:<\/b><\/span><span class=\"s6\">\u00a0Jei vel\u0117na vis dar auga ir j\u016bs nu\u0161ienaujate nuda\u017eyt\u0105 plot\u0105, spalva i\u0161liks tik tol, kol v\u0117l ateis laikas pjauti. Esant idealioms ir sausoms klimato s\u0105lygoms, kai vel\u0117na miega ir kai vel\u0117na vis dar yra elastinga (ne tra\u0161ki), pasitaik\u0117 atvej\u0173, kai da\u017eai i\u0161silaik\u0117 iki \u0161e\u0161i\u0173 m\u0117nesi\u0173. Kiek laiko da\u017eai i\u0161silaikys, priklauso nuo vejos b\u016bkl\u0117s, vejos tipo, oro s\u0105lyg\u0173, kiek vaik\u0161\u010diojama po vej\u0105 ir pan. Yra per daug kintam\u0173j\u0173, kuri\u0173 mes negalime kontroliuoti, kad gal\u0117tume nurodyti konkre\u010dius laiko intervalus ar garantijas. Vis d\u0117lto dauguma m\u016bs\u0173 klient\u0173 teigia, kad spalva \"tarnauja\" nuo 1 iki 3 m\u0117nesi\u0173.<\/span><\/li>\n<li class=\"li7\"><span class=\"s6\">Vejos da\u017eai yra paprastas ir smagus daugelio \u012fprast\u0173 vejos problem\u0173 sprendimas. Jei prie\u0161 prad\u0117dami purk\u0161ti \u017einosite, ko tik\u0117tis, ir laikysit\u0117s pirmiau pateikt\u0173 nurodym\u0173, vejos da\u017eymas bus daug lengvesnis ir sklandesnis. Kaip visada, jei turite klausim\u0173, kreipkit\u0117s \u012f m\u016bs\u0173 Erba Verda klient\u0173 aptarnavimo komand\u0105.<\/span><\/li>\n<\/ul>","protected":false},"excerpt":{"rendered":"<p>\u00a0 \u00a0Long lasting.\u00a0Our lawn paints lasts three months. \u00a0 \u00a0No toxic ingredients.\u00a0We believe it is critical to preserve your lawn\u2019s natural ecosystem so your grass can breathe. \u00a0 \u00a0Half the price.\u00a0Costs half as much as competing products. \u00a0 \u00a0Environment friendly.\u00a0Is not hazardous to animals, and leaves no trace. \u00a0 \u00a0Saves water.\u00a0Water your lawn with only [&hellip;]<\/p>\n","protected":false},"featured_media":23091,"comment_status":"open","ping_status":"closed","template":"","meta":{"_uag_custom_page_level_css":"","site-sidebar-layout":"default","site-content-layout":"","ast-site-content-layout":"default","site-content-style":"default","site-sidebar-style":"default","ast-global-header-display":"","ast-banner-title-visibility":"","ast-main-header-display":"","ast-hfb-above-header-display":"","ast-hfb-below-header-display":"","ast-hfb-mobile-header-display":"","site-post-title":"","ast-breadcrumbs-content":"","ast-featured-img":"","footer-sml-layout":"","ast-disable-related-posts":"","theme-transparent-header-meta":"default","adv-header-id-meta":"","stick-header-meta":"","header-above-stick-meta":"","header-main-stick-meta":"","header-below-stick-meta":"","astra-migrate-meta-layouts":"set","ast-page-background-enabled":"default","ast-page-background-meta":{"desktop":{"background-color":"var(--ast-global-color-4)","background-image":"","background-repeat":"repeat","background-position":"center center","background-size":"auto","background-attachment":"scroll","background-type":"","background-media":"","overlay-type":"","overlay-color":"","overlay-opacity":"","overlay-gradient":""},"tablet":{"background-color":"","background-image":"","background-repeat":"repeat","background-position":"center center","background-size":"auto","background-attachment":"scroll","background-type":"","background-media":"","overlay-type":"","overlay-color":"","overlay-opacity":"","overlay-gradient":""},"mobile":{"background-color":"","background-image":"","background-repeat":"repeat","background-position":"center center","background-size":"auto","background-attachment":"scroll","background-type":"","background-media":"","overlay-type":"","overlay-color":"","overlay-opacity":"","overlay-gradient":""}},"ast-content-background-meta":{"desktop":{"background-color":"var(--ast-global-color-5)","background-image":"","background-repeat":"repeat","background-position":"center center","background-size":"auto","background-attachment":"scroll","background-type":"","background-media":"","overlay-type":"","overlay-color":"","overlay-opacity":"","overlay-gradient":""},"tablet":{"background-color":"var(--ast-global-color-5)","background-image":"","background-repeat":"repeat","background-position":"center center","background-size":"auto","background-attachment":"scroll","background-type":"","background-media":"","overlay-type":"","overlay-color":"","overlay-opacity":"","overlay-gradient":""},"mobile":{"background-color":"var(--ast-global-color-5)","background-image":"","background-repeat":"repeat","background-position":"center center","background-size":"auto","background-attachment":"scroll","background-type":"","background-media":"","overlay-type":"","overlay-color":"","overlay-opacity":"","overlay-gradient":""}}},"product_brand":[],"product_cat":[15],"product_tag":[],"class_list":{"0":"post-23018","1":"product","2":"type-product","3":"status-publish","4":"has-post-thumbnail","6":"product_cat-shop","7":"desktop-align-left","8":"tablet-align-left","9":"mobile-align-left","11":"first","12":"instock","13":"sale","14":"taxable","15":"shipping-taxable","16":"purchasable","17":"product-type-variable","18":"has-default-attributes"},"spectra_custom_meta":{"_visibility":["visible"],"_shopify_product_id":["1678518681669"],"_s2w_shopify_domain":["erba-verda.myshopify.com"],"_shopify_variant_id":["15361227522117"],"_manage_stock":["no"],"total_sales":["1"],"_tax_status":["taxable"],"_tax_class":[""],"_backorders":["no"],"_sold_individually":["no"],"_virtual":["no"],"_downloadable":["no"],"_download_limit":["-1"],"_download_expiry":["-1"],"_stock":[null],"_stock_status":["instock"],"_wc_average_rating":["4.88"],"_wc_review_count":["107"],"_product_attributes":["a:1:{s:6:\"volume\";a:6:{s:4:\"name\";s:6:\"Volume\";s:5:\"value\";s:30:\"1 liter | 5 liters | 25 liters\";s:8:\"position\";i:1;s:10:\"is_visible\";i:0;s:12:\"is_variation\";i:1;s:11:\"is_taxonomy\";i:0;}}"],"_product_version":["9.9.3"],"_thumbnail_id":["23091"],"_product_image_gallery":["23092,23093"],"_edit_lock":["1750016457:1"],"_default_attributes":["a:1:{s:6:\"volume\";s:7:\"1 liter\";}"],"_price":["29.90","129.90","499.90"],"merchant-center-id":["LP1"],"merchant-center-availability":["yes"],"merchant-center-category":["505417"],"_edit_last":["1"],"_wp_page_template":["default"],"site-sidebar-layout":["default"],"ast-site-content-layout":["default"],"site-content-style":["default"],"site-sidebar-style":["default"],"theme-transparent-header-meta":["default"],"astra-migrate-meta-layouts":["set"],"_wc_rating_count":["a:2:{i:4;i:13;i:5;i:94;}"],"_uag_css_file_name":["uag-css-23018.css"],"_elementor_page_assets":["a:0:{}"],"_uag_page_assets":["a:9:{s:3:\"css\";s:7133:\".uag-blocks-common-selector{z-index:var(--z-index-desktop) !important}@media(max-width: 976px){.uag-blocks-common-selector{z-index:var(--z-index-tablet) !important}}@media(max-width: 767px){.uag-blocks-common-selector{z-index:var(--z-index-mobile) !important}}.wp-block-uagb-image{display:flex}.wp-block-uagb-image__figure{position:relative;display:flex;flex-direction:column;max-width:100%;height:auto;margin:0}.wp-block-uagb-image__figure img{height:auto;display:flex;max-width:100%;transition:box-shadow .2s ease}.wp-block-uagb-image__figure>a{display:inline-block}.wp-block-uagb-image__figure figcaption{text-align:center;margin-top:.5em;margin-bottom:1em}.wp-block-uagb-image .components-placeholder.block-editor-media-placeholder .components-placeholder__instructions{align-self:center}.wp-block-uagb-image--align-left{text-align:left}.wp-block-uagb-image--align-right{text-align:right}.wp-block-uagb-image--align-center{text-align:center}.wp-block-uagb-image--align-full .wp-block-uagb-image__figure{margin-left:calc(50% - 50vw);margin-right:calc(50% - 50vw);max-width:100vw;width:100vw;height:auto}.wp-block-uagb-image--align-full .wp-block-uagb-image__figure img{height:auto;width:100% !important}.wp-block-uagb-image--align-wide .wp-block-uagb-image__figure img{height:auto;width:100%}.wp-block-uagb-image--layout-overlay__color-wrapper{position:absolute;left:0;top:0;right:0;bottom:0;opacity:.2;background:rgba(0,0,0,.5);transition:opacity .35s ease-in-out}.wp-block-uagb-image--layout-overlay-link{position:absolute;left:0;right:0;bottom:0;top:0}.wp-block-uagb-image--layout-overlay .wp-block-uagb-image__figure:hover .wp-block-uagb-image--layout-overlay__color-wrapper{opacity:1}.wp-block-uagb-image--layout-overlay__inner{position:absolute;left:15px;right:15px;bottom:15px;top:15px;display:flex;align-items:center;justify-content:center;flex-direction:column;border-color:#fff;transition:.35s ease-in-out}.wp-block-uagb-image--layout-overlay__inner.top-left,.wp-block-uagb-image--layout-overlay__inner.top-center,.wp-block-uagb-image--layout-overlay__inner.top-right{justify-content:flex-start}.wp-block-uagb-image--layout-overlay__inner.bottom-left,.wp-block-uagb-image--layout-overlay__inner.bottom-center,.wp-block-uagb-image--layout-overlay__inner.bottom-right{justify-content:flex-end}.wp-block-uagb-image--layout-overlay__inner.top-left,.wp-block-uagb-image--layout-overlay__inner.center-left,.wp-block-uagb-image--layout-overlay__inner.bottom-left{align-items:flex-start}.wp-block-uagb-image--layout-overlay__inner.top-right,.wp-block-uagb-image--layout-overlay__inner.center-right,.wp-block-uagb-image--layout-overlay__inner.bottom-right{align-items:flex-end}.wp-block-uagb-image--layout-overlay__inner .uagb-image-heading{color:#fff;transition:transform .35s,opacity .35s ease-in-out;transform:translate3d(0, 24px, 0);margin:0;line-height:1em}.wp-block-uagb-image--layout-overlay__inner .uagb-image-separator{width:30%;border-top-width:2px;border-top-color:#fff;border-top-style:solid;margin-bottom:10px;opacity:0;transition:transform .4s,opacity .4s ease-in-out;transform:translate3d(0, 30px, 0)}.wp-block-uagb-image--layout-overlay__inner .uagb-image-caption{opacity:0;overflow:visible;color:#fff;transition:transform .45s,opacity .45s ease-in-out;transform:translate3d(0, 35px, 0)}.wp-block-uagb-image--layout-overlay__inner:hover .uagb-image-heading,.wp-block-uagb-image--layout-overlay__inner:hover .uagb-image-separator,.wp-block-uagb-image--layout-overlay__inner:hover .uagb-image-caption{opacity:1;transform:translate3d(0, 0, 0)}.wp-block-uagb-image--effect-zoomin .wp-block-uagb-image__figure img,.wp-block-uagb-image--effect-zoomin .wp-block-uagb-image__figure .wp-block-uagb-image--layout-overlay__color-wrapper{transform:scale(1);transition:transform .35s ease-in-out}.wp-block-uagb-image--effect-zoomin .wp-block-uagb-image__figure:hover img,.wp-block-uagb-image--effect-zoomin .wp-block-uagb-image__figure:hover .wp-block-uagb-image--layout-overlay__color-wrapper{transform:scale(1.05)}.wp-block-uagb-image--effect-slide .wp-block-uagb-image__figure img,.wp-block-uagb-image--effect-slide .wp-block-uagb-image__figure .wp-block-uagb-image--layout-overlay__color-wrapper{width:calc(100% + 40px) !important;max-width:none !important;transform:translate3d(-40px, 0, 0);transition:transform .35s ease-in-out}.wp-block-uagb-image--effect-slide .wp-block-uagb-image__figure:hover img,.wp-block-uagb-image--effect-slide .wp-block-uagb-image__figure:hover .wp-block-uagb-image--layout-overlay__color-wrapper{transform:translate3d(0, 0, 0)}.wp-block-uagb-image--effect-grayscale img{filter:grayscale(0%);transition:.35s ease-in-out}.wp-block-uagb-image--effect-grayscale:hover img{filter:grayscale(100%)}.wp-block-uagb-image--effect-blur img{filter:blur(0);transition:.35s ease-in-out}.wp-block-uagb-image--effect-blur:hover img{filter:blur(3px)}.uagb-block-e6f939b3.wp-block-uagb-image--layout-default figure img{box-shadow: 0px 0px 0 #00000070;}.uagb-block-e6f939b3.wp-block-uagb-image .wp-block-uagb-image__figure figcaption{font-style: normal;align-self: center;}.uagb-block-e6f939b3.wp-block-uagb-image--layout-overlay figure img{box-shadow: 0px 0px 0 #00000070;}.uagb-block-e6f939b3.wp-block-uagb-image--layout-overlay .wp-block-uagb-image--layout-overlay__color-wrapper{opacity: 0.2;}.uagb-block-e6f939b3.wp-block-uagb-image--layout-overlay .wp-block-uagb-image--layout-overlay__inner{left: 15px;right: 15px;top: 15px;bottom: 15px;}.uagb-block-e6f939b3.wp-block-uagb-image--layout-overlay .wp-block-uagb-image--layout-overlay__inner .uagb-image-heading{font-style: normal;color: #fff;opacity: 1;}.uagb-block-e6f939b3.wp-block-uagb-image--layout-overlay .wp-block-uagb-image--layout-overlay__inner .uagb-image-heading a{color: #fff;}.uagb-block-e6f939b3.wp-block-uagb-image--layout-overlay .wp-block-uagb-image--layout-overlay__inner .uagb-image-caption{opacity: 0;}.uagb-block-e6f939b3.wp-block-uagb-image--layout-overlay .wp-block-uagb-image__figure:hover .wp-block-uagb-image--layout-overlay__color-wrapper{opacity: 1;}.uagb-block-e6f939b3.wp-block-uagb-image .wp-block-uagb-image--layout-overlay__inner .uagb-image-separator{width: 30%;border-top-width: 2px;border-top-color: #fff;opacity: 0;}.uagb-block-e6f939b3.wp-block-uagb-image .wp-block-uagb-image__figure img{width: px;height: auto;}.uagb-block-e6f939b3.wp-block-uagb-image .wp-block-uagb-image__figure:hover .wp-block-uagb-image--layout-overlay__inner .uagb-image-caption{opacity: 1;}.uagb-block-e6f939b3.wp-block-uagb-image .wp-block-uagb-image__figure:hover .wp-block-uagb-image--layout-overlay__inner .uagb-image-separator{opacity: 1;}.uagb-block-e6f939b3.wp-block-uagb-image--layout-default figure:hover img{box-shadow: 0px 0px 0 #00000070;}.uagb-block-e6f939b3.wp-block-uagb-image--layout-overlay figure:hover img{box-shadow: 0px 0px 0 #00000070;}@media only screen and (max-width: 976px) {.uagb-block-e6f939b3.wp-block-uagb-image .wp-block-uagb-image__figure img{width: px;height: auto;}}@media only screen and (max-width: 767px) {.uagb-block-e6f939b3.wp-block-uagb-image .wp-block-uagb-image__figure img{width: px;height: auto;}}\";s:2:\"js\";s:0:\"\";s:18:\"current_block_list\";a:13:{i:0;s:11:\"core\/search\";i:1;s:10:\"core\/group\";i:2;s:12:\"core\/heading\";i:3;s:17:\"core\/latest-posts\";i:4;s:20:\"core\/latest-comments\";i:5;s:13:\"core\/archives\";i:6;s:15:\"core\/categories\";i:7;s:14:\"core\/paragraph\";i:8;s:10:\"uagb\/image\";i:9;s:11:\"core\/spacer\";i:10;s:30:\"woocommerce\/product-categories\";i:11;s:10:\"core\/image\";i:12;s:14:\"core\/shortcode\";}s:8:\"uag_flag\";b:1;s:11:\"uag_version\";s:10:\"1777645509\";s:6:\"gfonts\";a:0:{}s:10:\"gfonts_url\";s:0:\"\";s:12:\"gfonts_files\";a:0:{}s:14:\"uag_faq_layout\";b:0;}"]},"uagb_featured_image_src":{"full":["https:\/\/www.erbaverda.net\/wp-content\/uploads\/2025\/06\/Lawn_Paint_1ltrvrais.jpg",2560,2560,false],"thumbnail":["https:\/\/www.erbaverda.net\/wp-content\/uploads\/2025\/06\/Lawn_Paint_1ltrvrais-150x150.jpg",150,150,true],"medium":["https:\/\/www.erbaverda.net\/wp-content\/uploads\/2025\/06\/Lawn_Paint_1ltrvrais-300x300.jpg",300,300,true],"medium_large":["https:\/\/www.erbaverda.net\/wp-content\/uploads\/2025\/06\/Lawn_Paint_1ltrvrais-768x768.jpg",768,768,true],"large":["https:\/\/www.erbaverda.net\/wp-content\/uploads\/2025\/06\/Lawn_Paint_1ltrvrais-1024x1024.jpg",1024,1024,true],"1536x1536":["https:\/\/www.erbaverda.net\/wp-content\/uploads\/2025\/06\/Lawn_Paint_1ltrvrais-1536x1536.jpg",1536,1536,true],"2048x2048":["https:\/\/www.erbaverda.net\/wp-content\/uploads\/2025\/06\/Lawn_Paint_1ltrvrais-2048x2048.jpg",2048,2048,true],"trp-custom-language-flag":["https:\/\/www.erbaverda.net\/wp-content\/uploads\/2025\/06\/Lawn_Paint_1ltrvrais-12x12.jpg",12,12,true],"woocommerce_thumbnail":["https:\/\/www.erbaverda.net\/wp-content\/uploads\/2025\/06\/Lawn_Paint_1ltrvrais-300x300.jpg",300,300,true],"woocommerce_single":["https:\/\/www.erbaverda.net\/wp-content\/uploads\/2025\/06\/Lawn_Paint_1ltrvrais-600x600.jpg",600,600,true],"woocommerce_gallery_thumbnail":["https:\/\/www.erbaverda.net\/wp-content\/uploads\/2025\/06\/Lawn_Paint_1ltrvrais-100x100.jpg",100,100,true]},"uagb_author_info":{"display_name":"admin","author_link":"https:\/\/www.erbaverda.net\/lt\/author\/"},"uagb_comment_info":107,"uagb_excerpt":"\u00a0 \u00a0Long lasting.\u00a0Our lawn paints lasts three months. \u00a0 \u00a0No toxic ingredients.\u00a0We believe it is critical to preserve your lawn\u2019s natural ecosystem so your grass can breathe. \u00a0 \u00a0Half the price.\u00a0Costs half as much as competing products. \u00a0 \u00a0Environment friendly.\u00a0Is not hazardous to animals, and leaves no trace. \u00a0 \u00a0Saves water.\u00a0Water your lawn with only&hellip;","_links":{"self":[{"href":"https:\/\/www.erbaverda.net\/lt\/wp-json\/wp\/v2\/product\/23018","targetHints":{"allow":["GET"]}}],"collection":[{"href":"https:\/\/www.erbaverda.net\/lt\/wp-json\/wp\/v2\/product"}],"about":[{"href":"https:\/\/www.erbaverda.net\/lt\/wp-json\/wp\/v2\/types\/product"}],"replies":[{"embeddable":true,"href":"https:\/\/www.erbaverda.net\/lt\/wp-json\/wp\/v2\/comments?post=23018"}],"version-history":[{"count":2,"href":"https:\/\/www.erbaverda.net\/lt\/wp-json\/wp\/v2\/product\/23018\/revisions"}],"predecessor-version":[{"id":23162,"href":"https:\/\/www.erbaverda.net\/lt\/wp-json\/wp\/v2\/product\/23018\/revisions\/23162"}],"wp:featuredmedia":[{"embeddable":true,"href":"https:\/\/www.erbaverda.net\/lt\/wp-json\/wp\/v2\/media\/23091"}],"wp:attachment":[{"href":"https:\/\/www.erbaverda.net\/lt\/wp-json\/wp\/v2\/media?parent=23018"}],"wp:term":[{"taxonomy":"product_brand","embeddable":true,"href":"https:\/\/www.erbaverda.net\/lt\/wp-json\/wp\/v2\/product_brand?post=23018"},{"taxonomy":"product_cat","embeddable":true,"href":"https:\/\/www.erbaverda.net\/lt\/wp-json\/wp\/v2\/product_cat?post=23018"},{"taxonomy":"product_tag","embeddable":true,"href":"https:\/\/www.erbaverda.net\/lt\/wp-json\/wp\/v2\/product_tag?post=23018"}],"curies":[{"name":"wp","href":"https:\/\/api.w.org\/{rel}","templated":true}]}}