{"id":23014,"date":"2025-06-15T20:52:12","date_gmt":"2025-06-15T18:52:12","guid":{"rendered":"https:\/\/www.erbaverda.net\/products\/lawn-marking-paint\/"},"modified":"2025-06-15T21:49:14","modified_gmt":"2025-06-15T19:49:14","slug":"lawn-marking-paint","status":"publish","type":"product","link":"https:\/\/www.erbaverda.net\/no\/products\/lawn-marking-paint\/","title":{"rendered":"Plenmarkeringsmaling"},"content":{"rendered":"<p>&nbsp;<\/p>\n<p class=\"p1\"><span class=\"s1\"><b><img decoding=\"async\" src=\"https:\/\/www.erbaverda.net\/wp-content\/uploads\/2025\/06\/Feedbin-Icon-check.svg_8faf4e0b-f89d-486c-aa08-b431a33525ea_icon.png?v=1541148886\" alt=\"\" width=\"18\" height=\"15\" data-mce-fragment=\"1\" \/>\u00a0 \u00a0Lang levetid.\u00a0<\/b><\/span><span class=\"s2\">Plenmalingen v\u00e5r varer i tre m\u00e5neder.<\/span><\/p>\n<p class=\"p1\"><span class=\"s1\"><b><br \/>\n<img decoding=\"async\" src=\"https:\/\/www.erbaverda.net\/wp-content\/uploads\/2025\/06\/Feedbin-Icon-check.svg_8faf4e0b-f89d-486c-aa08-b431a33525ea_icon.png?v=1541148886\" alt=\"\" width=\"18\" height=\"15\" data-mce-fragment=\"1\" \/>\u00a0 \u00a0Ingen giftige ingredienser.\u00a0<\/b><\/span><span class=\"s2\">Vi mener det er viktig \u00e5 bevare plenens naturlige \u00f8kosystem slik at gresset kan puste.<\/span><\/p>\n<p class=\"p1\"><span class=\"s1\"><b><br \/>\n<img decoding=\"async\" src=\"https:\/\/www.erbaverda.net\/wp-content\/uploads\/2025\/06\/Feedbin-Icon-check.svg_8faf4e0b-f89d-486c-aa08-b431a33525ea_icon.png?v=1541148886\" alt=\"\" width=\"18\" height=\"15\" data-mce-fragment=\"1\" \/>\u00a0 \u00a0Halve prisen.\u00a0<\/b><\/span><span class=\"s2\">Koster halvparten s\u00e5 mye som konkurrerende produkter.<\/span><\/p>\n<p class=\"p1\"><span class=\"s1\"><b><br \/>\n<img decoding=\"async\" src=\"https:\/\/www.erbaverda.net\/wp-content\/uploads\/2025\/06\/Feedbin-Icon-check.svg_8faf4e0b-f89d-486c-aa08-b431a33525ea_icon.png?v=1541148886\" alt=\"\" width=\"18\" height=\"15\" data-mce-fragment=\"1\" \/>\u00a0 \u00a0Milj\u00f8vennlig.\u00a0<\/b><\/span><span class=\"s2\">Er ikke farlig for dyr, og etterlater ingen spor.<\/span><\/p>\n<p class=\"p1\"><span class=\"s1\"><b><br \/>\n<img decoding=\"async\" src=\"https:\/\/www.erbaverda.net\/wp-content\/uploads\/2025\/06\/Feedbin-Icon-check.svg_8faf4e0b-f89d-486c-aa08-b431a33525ea_icon.png?v=1541148886\" alt=\"\" width=\"18\" height=\"15\" data-mce-fragment=\"1\" \/>\u00a0 \u00a0Sparer vann.\u00a0<\/b><\/span><span class=\"s2\">Vann plenen med kun den mengden som er n\u00f8dvendig for \u00e5 holde den sunn.<\/span><\/p>\n<p class=\"p1\"><span class=\"s1\"><b><br \/>\n<img decoding=\"async\" src=\"https:\/\/www.erbaverda.net\/wp-content\/uploads\/2025\/06\/Feedbin-Icon-check.svg_8faf4e0b-f89d-486c-aa08-b431a33525ea_icon.png?v=1541148886\" alt=\"\" width=\"18\" height=\"15\" data-mce-fragment=\"1\" \/>\u00a0 \u00a0S\u00f8knad.\u00a0<\/b><\/span><span class=\"s2\">P\u00e5f\u00f8r med rulle, pensel eller spr\u00f8yte.<\/span><\/p>\n<p class=\"p1\"><span class=\"s1\"><b><br \/>\n<img decoding=\"async\" src=\"https:\/\/www.erbaverda.net\/wp-content\/uploads\/2025\/06\/Feedbin-Icon-check.svg_8faf4e0b-f89d-486c-aa08-b431a33525ea_icon.png?v=1541148886\" alt=\"\" width=\"18\" height=\"15\" data-mce-fragment=\"1\" \/>\u00a0 \u00a0Kostnadseffektivt.\u00a0<\/b><\/span><span class=\"s2\">En rekkevidde p\u00e5 20 til 40 m<\/span><span class=\"s3\"><sup>2<\/sup><\/span><span class=\"s2\">\/L n\u00e5r det p\u00e5f\u00f8res med en spr\u00f8yte p\u00e5 ber\u00f8rte overflater.<\/span><\/p>\n<h2 class=\"p2\"><span class=\"s2\">Instruksjoner<\/span><\/h2>\n<ul class=\"ul1\">\n<li class=\"li3\"><span class=\"s5\"><b>F\u00f8r maling:\u00a0<\/b><\/span><span class=\"s6\">Plenen m\u00e5 v\u00e6re klippet, t\u00f8rr og ryddet for rusk og rask.<\/span><\/li>\n<li class=\"li3\"><span class=\"s5\"><b>Blandingsinstruksjoner:<\/b><\/span><span class=\"s6\">\u00a0Bland \u00e9n del plenmaling med seks deler vann i en hagespr\u00f8yte (tilgjengelig p\u00e5 v\u00e5re nettsider). Lukk spr\u00f8yten og rist den kraftig. Pump spr\u00f8yten helt opp, og spr\u00f8yt en liten mengde for \u00e5 sjekke \u00f8nsket fargenyanse. V\u00e6r oppmerksom p\u00e5 at blandingen med disse mengdene kan v\u00e6re m\u00f8rkere eller lysere enn \u00f8nsket nyanse. Hvis fargen er for m\u00f8rk, fortsetter du \u00e5 tilsette en del vann (\u00e9n del om gangen) til du oppn\u00e5r \u00f8nsket nyanse. De fleste forbrukere foretrekker nyanser som skapes med forholdet 1-6 eller 1-8 mellom maling og vann. N\u00e5r det er sagt, foretrekker andre en enda lysere nyanse (forhold 1-10). Det er alltid lettere \u00e5 tilsette mer vann i blandingen enn mer maling, og derfor anbefaler vi \u00e5 starte med et forhold p\u00e5 1-6 og g\u00e5 videre derfra.<\/span><\/li>\n<li class=\"li3\"><span class=\"s5\"><b>Tips: \u00a0<\/b><\/span><span class=\"s6\">Vi oppfordrer deg til \u00e5 f\u00f8rst eksperimentere p\u00e5 noen sm\u00e5 omr\u00e5der til du f\u00e5r den \u00f8nskede nyansen. N\u00e5r du har f\u00e5tt den nyansen du \u00f8nsker, sprayer du plenen i et tilfeldig m\u00f8nster for \u00e5 unng\u00e5 synlige linjer og for \u00e5 skape et mer realistisk utseende. Hold spr\u00f8ytedysen minst 20 cm fra gressstr\u00e5ene. For \u00e5 oppn\u00e5 best mulig resultat, og med tanke p\u00e5 Erba Verdas naturlige sammensetning, anbefaler vi \u00e5 riste spr\u00f8yten b\u00e5de f\u00f8r p\u00e5f\u00f8ring og regelmessig under hele prosessen for \u00e5 hindre at pigmentet legger seg eller blokkerer dysen. Still alltid inn spr\u00f8yten p\u00e5 den fineste spr\u00f8yteinnstillingen som er mulig, for \u00e5 sikre best mulig bruk. Det er best \u00e5 unng\u00e5 \u00e5 spr\u00f8yte med lavt trykk og \u00e5 unng\u00e5 avrenning, da dette vil f\u00f8re til un\u00f8dvendig sl\u00f8sing med produktet. Etter at du er ferdig med \u00e5 male, anbefaler vi at du skrur av spr\u00f8ytedysen og rengj\u00f8r den. S\u00f8rg for \u00e5 fortsette \u00e5 skylle spr\u00f8yten til det bare kommer klart vann ut av dysen n\u00e5r den er pumpet. P\u00e5 denne m\u00e5ten sikrer du at pumpen holder lenger og er klar til neste gang du skal bruke den. Unng\u00e5 \u00e5 g\u00e5 p\u00e5 sement, fliser, uteplasser osv. med sko som er dekket av v\u00e5t maling. S\u00f8rg for at skoene er t\u00f8rre f\u00f8r du forlater det spr\u00f8ytede omr\u00e5det. For \u00e5 unng\u00e5 for mye sprut p\u00e5 kanten av betongen n\u00e6rmest gresset, b\u00f8r du bevege deg i retning av plenen n\u00e5r du sprayer. Alternativt kan du helle en del av plenmalingsblandingen i en vanlig sprayflaske (en hvilken som helst sprayflaske) og spraye gresset p\u00e5 n\u00e6rt hold.<\/span><\/li>\n<li class=\"li4\"><span class=\"s5\"><b>Forsiktighetsregler:\u00a0<\/b><\/span><span class=\"s6\">Ta deg god tid og p\u00e5f\u00f8r malingen forsiktig for \u00e5 unng\u00e5 utilsiktet sprut, at malingen sprer seg med v\u00e5te sko eller at du s\u00f8ler maling.\u00a0<\/span>Ikke spray i vind eller v\u00e5tt v\u00e6r. Dekk til omr\u00e5der som du ikke \u00f8nsker \u00e5 spraye, og bruk alltid vernekl\u00e6r og gamle sko, da disse kan bli flekkete av malingen. Vi anbefaler ogs\u00e5 at du bruker vernebriller, hansker og pustemaske, siden malingen kan for\u00e5rsake irritasjon hos enkelte personer. Ikke spray n\u00e5r andre er til stede, med mindre de ogs\u00e5 bruker verneutstyr. Som med alle uspiselige v\u00e6sker, m\u00e5 malingen oppbevares utilgjengelig for barn. I tilfelle utilsiktet sprut, anbefaler vi at du har en b\u00f8tte med s\u00e5pevann og en metall- eller nylonb\u00f8rste (som brukes til \u00e5 rengj\u00f8re en grill) for h\u00e5nden for \u00e5 fjerne u\u00f8nsket sprut p\u00e5 betong osv. Dette fungerer ogs\u00e5 veldig bra for \u00e5 fjerne maling som ved et uhell er p\u00e5f\u00f8rt alle typer harde overflater, for eksempel betong eller murstein. T\u00f8rketiden er ca. 30 minutter i solfylt v\u00e6r. Skygge, overskyet v\u00e6r og fuktighet kan p\u00e5virke t\u00f8rketiden i stor grad. Kontroller at malingen er helt t\u00f8rr f\u00f8r du lar noen g\u00e5 p\u00e5 plenen.<\/li>\n<\/ul>\n<ul class=\"ul1\">\n<li class=\"li3\"><span class=\"s5\"><b>Dekning:<\/b><\/span><span class=\"s6\">\u00a020 til 40 m<\/span><span class=\"s7\"><sup>2<\/sup><\/span><span class=\"s6\">\/L. Fordi faktorer som fortynningsforhold, gressplenens tilstand, lengde, type p\u00e5f\u00f8ring, p\u00e5f\u00f8ringsmetode og \u00f8nsket skygge er utenfor v\u00e5r kontroll, kan vi ikke garantere spesifikke dekningsgrader. Vi oppgir derfor \"gjennomsnittlige\" dekningsgrader basert p\u00e5 v\u00e5re egne uavhengige tester. Hvis gresset er helt gulnet og utt\u00f8rket, eller hvis du foretrekker en m\u00f8rkere nyanse, vil malingen naturligvis ikke dekke like godt som p\u00e5 en plen som s\u00e5 vidt har begynt \u00e5 falme, eller hvis du \u00f8nsker en lysere nyanse.<\/span><\/li>\n<li class=\"li3\"><span class=\"s5\"><b>Lang levetid:<\/b><\/span><span class=\"s6\">\u00a0Hvis gresset fortsatt vokser og du klipper det malte omr\u00e5det, vil fargen bare vare til det er p\u00e5 tide \u00e5 klippe igjen. Under ideelle og t\u00f8rre klimatiske forhold med en sovende gressmatte, og der gressmatten fortsatt er b\u00f8yelig (ikke knasende), har det forekommet tilfeller der malingen har vart i opptil seks m\u00e5neder. Hvor lenge malingen varer, avhenger av gressplenens tilstand, gresstypen, v\u00e6rforholdene, hvor mye plenen blir g\u00e5tt p\u00e5 osv. Det er for mange variabler utenfor v\u00e5r kontroll til at vi kan gi spesifikke tidsintervaller eller garantier. N\u00e5r det er sagt, rapporterer de fleste av kundene v\u00e5re om en \"fargelevetid\" p\u00e5 1 til 3 m\u00e5neder.<\/span><\/li>\n<li class=\"li7\"><span class=\"s6\">Plenmaling er en enkel og morsom l\u00f8sning p\u00e5 mange vanlige problemer med plenen. Hvis du vet hva du kan forvente f\u00f8r du begynner \u00e5 spraye, og f\u00f8lger instruksjonene ovenfor, vil det g\u00e5 mye enklere og smidigere \u00e5 male plenen. Hvis du har sp\u00f8rsm\u00e5l, er du som alltid velkommen til \u00e5 kontakte v\u00e5rt Erba Verda-kundest\u00f8tteteam.<\/span><\/li>\n<\/ul>","protected":false},"excerpt":{"rendered":"<p>&nbsp; \u00a0 \u00a0Long lasting.\u00a0Our lawn paints lasts three months. \u00a0 \u00a0No toxic ingredients.\u00a0We believe it is critical to preserve your lawn\u2019s natural ecosystem so your grass can breathe. \u00a0 \u00a0Half the price.\u00a0Costs half as much as competing products. \u00a0 \u00a0Environment friendly.\u00a0Is not hazardous to animals, and leaves no trace. \u00a0 \u00a0Saves water.\u00a0Water your lawn with [&hellip;]<\/p>\n","protected":false},"featured_media":23088,"comment_status":"open","ping_status":"closed","template":"","meta":{"_uag_custom_page_level_css":"","site-sidebar-layout":"default","site-content-layout":"","ast-site-content-layout":"default","site-content-style":"default","site-sidebar-style":"default","ast-global-header-display":"","ast-banner-title-visibility":"","ast-main-header-display":"","ast-hfb-above-header-display":"","ast-hfb-below-header-display":"","ast-hfb-mobile-header-display":"","site-post-title":"","ast-breadcrumbs-content":"","ast-featured-img":"","footer-sml-layout":"","ast-disable-related-posts":"","theme-transparent-header-meta":"default","adv-header-id-meta":"","stick-header-meta":"","header-above-stick-meta":"","header-main-stick-meta":"","header-below-stick-meta":"","astra-migrate-meta-layouts":"set","ast-page-background-enabled":"default","ast-page-background-meta":{"desktop":{"background-color":"var(--ast-global-color-4)","background-image":"","background-repeat":"repeat","background-position":"center center","background-size":"auto","background-attachment":"scroll","background-type":"","background-media":"","overlay-type":"","overlay-color":"","overlay-opacity":"","overlay-gradient":""},"tablet":{"background-color":"","background-image":"","background-repeat":"repeat","background-position":"center center","background-size":"auto","background-attachment":"scroll","background-type":"","background-media":"","overlay-type":"","overlay-color":"","overlay-opacity":"","overlay-gradient":""},"mobile":{"background-color":"","background-image":"","background-repeat":"repeat","background-position":"center center","background-size":"auto","background-attachment":"scroll","background-type":"","background-media":"","overlay-type":"","overlay-color":"","overlay-opacity":"","overlay-gradient":""}},"ast-content-background-meta":{"desktop":{"background-color":"var(--ast-global-color-5)","background-image":"","background-repeat":"repeat","background-position":"center center","background-size":"auto","background-attachment":"scroll","background-type":"","background-media":"","overlay-type":"","overlay-color":"","overlay-opacity":"","overlay-gradient":""},"tablet":{"background-color":"var(--ast-global-color-5)","background-image":"","background-repeat":"repeat","background-position":"center center","background-size":"auto","background-attachment":"scroll","background-type":"","background-media":"","overlay-type":"","overlay-color":"","overlay-opacity":"","overlay-gradient":""},"mobile":{"background-color":"var(--ast-global-color-5)","background-image":"","background-repeat":"repeat","background-position":"center center","background-size":"auto","background-attachment":"scroll","background-type":"","background-media":"","overlay-type":"","overlay-color":"","overlay-opacity":"","overlay-gradient":""}}},"product_brand":[],"product_cat":[15],"product_tag":[],"class_list":{"0":"post-23014","1":"product","2":"type-product","3":"status-publish","4":"has-post-thumbnail","6":"product_cat-shop","7":"desktop-align-left","8":"tablet-align-left","9":"mobile-align-left","11":"first","12":"instock","13":"sale","14":"taxable","15":"shipping-taxable","16":"purchasable","17":"product-type-variable","18":"has-default-attributes"},"spectra_custom_meta":{"_visibility":["visible"],"_shopify_product_id":["1678530183237"],"_s2w_shopify_domain":["erba-verda.myshopify.com"],"_shopify_variant_id":["39470206320698"],"_manage_stock":["no"],"total_sales":["1"],"_tax_status":["taxable"],"_tax_class":[""],"_backorders":["no"],"_sold_individually":["no"],"_virtual":["no"],"_downloadable":["no"],"_download_limit":["-1"],"_download_expiry":["-1"],"_stock":[null],"_stock_status":["instock"],"_wc_average_rating":["4.87"],"_wc_review_count":["89"],"_product_attributes":["a:1:{s:6:\"volume\";a:6:{s:4:\"name\";s:6:\"Volume\";s:5:\"value\";s:20:\"5 liters | 25 liters\";s:8:\"position\";i:1;s:10:\"is_visible\";i:0;s:12:\"is_variation\";i:1;s:11:\"is_taxonomy\";i:0;}}"],"_product_version":["9.9.3"],"_thumbnail_id":["23088"],"_edit_lock":["1750016529:1"],"_default_attributes":["a:1:{s:6:\"volume\";s:8:\"5 liters\";}"],"_price":["29.90","99.90"],"merchant-center-id":["LMP1"],"merchant-center-availability":["yes"],"merchant-center-category":["505417"],"_edit_last":["1"],"_wp_page_template":["default"],"site-sidebar-layout":["default"],"ast-site-content-layout":["default"],"site-content-style":["default"],"site-sidebar-style":["default"],"theme-transparent-header-meta":["default"],"astra-migrate-meta-layouts":["set"],"_wc_rating_count":["a:2:{i:4;i:12;i:5;i:77;}"],"_uag_css_file_name":["uag-css-23014.css"],"_elementor_page_assets":["a:0:{}"],"_uag_page_assets":["a:9:{s:3:\"css\";s:6873:\".wp-block-uagb-image{display:flex}.wp-block-uagb-image__figure{position:relative;display:flex;flex-direction:column;max-width:100%;height:auto;margin:0}.wp-block-uagb-image__figure img{height:auto;display:flex;max-width:100%;transition:box-shadow .2s ease}.wp-block-uagb-image__figure>a{display:inline-block}.wp-block-uagb-image__figure figcaption{text-align:center;margin-top:.5em;margin-bottom:1em}.wp-block-uagb-image .components-placeholder.block-editor-media-placeholder .components-placeholder__instructions{align-self:center}.wp-block-uagb-image--align-left{text-align:left}.wp-block-uagb-image--align-right{text-align:right}.wp-block-uagb-image--align-center{text-align:center}.wp-block-uagb-image--align-full .wp-block-uagb-image__figure{margin-left:calc(50% - 50vw);margin-right:calc(50% - 50vw);max-width:100vw;width:100vw;height:auto}.wp-block-uagb-image--align-full .wp-block-uagb-image__figure img{height:auto;width:100% !important}.wp-block-uagb-image--align-wide .wp-block-uagb-image__figure img{height:auto;width:100%}.wp-block-uagb-image--layout-overlay__color-wrapper{position:absolute;left:0;top:0;right:0;bottom:0;opacity:.2;background:rgba(0,0,0,.5);transition:opacity .35s ease-in-out}.wp-block-uagb-image--layout-overlay-link{position:absolute;left:0;right:0;bottom:0;top:0}.wp-block-uagb-image--layout-overlay .wp-block-uagb-image__figure:hover .wp-block-uagb-image--layout-overlay__color-wrapper{opacity:1}.wp-block-uagb-image--layout-overlay__inner{position:absolute;left:15px;right:15px;bottom:15px;top:15px;display:flex;align-items:center;justify-content:center;flex-direction:column;border-color:#fff;transition:.35s ease-in-out}.wp-block-uagb-image--layout-overlay__inner.top-left,.wp-block-uagb-image--layout-overlay__inner.top-center,.wp-block-uagb-image--layout-overlay__inner.top-right{justify-content:flex-start}.wp-block-uagb-image--layout-overlay__inner.bottom-left,.wp-block-uagb-image--layout-overlay__inner.bottom-center,.wp-block-uagb-image--layout-overlay__inner.bottom-right{justify-content:flex-end}.wp-block-uagb-image--layout-overlay__inner.top-left,.wp-block-uagb-image--layout-overlay__inner.center-left,.wp-block-uagb-image--layout-overlay__inner.bottom-left{align-items:flex-start}.wp-block-uagb-image--layout-overlay__inner.top-right,.wp-block-uagb-image--layout-overlay__inner.center-right,.wp-block-uagb-image--layout-overlay__inner.bottom-right{align-items:flex-end}.wp-block-uagb-image--layout-overlay__inner .uagb-image-heading{color:#fff;transition:transform .35s,opacity .35s ease-in-out;transform:translate3d(0, 24px, 0);margin:0;line-height:1em}.wp-block-uagb-image--layout-overlay__inner .uagb-image-separator{width:30%;border-top-width:2px;border-top-color:#fff;border-top-style:solid;margin-bottom:10px;opacity:0;transition:transform .4s,opacity .4s ease-in-out;transform:translate3d(0, 30px, 0)}.wp-block-uagb-image--layout-overlay__inner .uagb-image-caption{opacity:0;overflow:visible;color:#fff;transition:transform .45s,opacity .45s ease-in-out;transform:translate3d(0, 35px, 0)}.wp-block-uagb-image--layout-overlay__inner:hover .uagb-image-heading,.wp-block-uagb-image--layout-overlay__inner:hover .uagb-image-separator,.wp-block-uagb-image--layout-overlay__inner:hover .uagb-image-caption{opacity:1;transform:translate3d(0, 0, 0)}.wp-block-uagb-image--effect-zoomin .wp-block-uagb-image__figure img,.wp-block-uagb-image--effect-zoomin .wp-block-uagb-image__figure .wp-block-uagb-image--layout-overlay__color-wrapper{transform:scale(1);transition:transform .35s ease-in-out}.wp-block-uagb-image--effect-zoomin .wp-block-uagb-image__figure:hover img,.wp-block-uagb-image--effect-zoomin .wp-block-uagb-image__figure:hover .wp-block-uagb-image--layout-overlay__color-wrapper{transform:scale(1.05)}.wp-block-uagb-image--effect-slide .wp-block-uagb-image__figure img,.wp-block-uagb-image--effect-slide .wp-block-uagb-image__figure .wp-block-uagb-image--layout-overlay__color-wrapper{width:calc(100% + 40px) !important;max-width:none !important;transform:translate3d(-40px, 0, 0);transition:transform .35s ease-in-out}.wp-block-uagb-image--effect-slide .wp-block-uagb-image__figure:hover img,.wp-block-uagb-image--effect-slide .wp-block-uagb-image__figure:hover .wp-block-uagb-image--layout-overlay__color-wrapper{transform:translate3d(0, 0, 0)}.wp-block-uagb-image--effect-grayscale img{filter:grayscale(0%);transition:.35s ease-in-out}.wp-block-uagb-image--effect-grayscale:hover img{filter:grayscale(100%)}.wp-block-uagb-image--effect-blur img{filter:blur(0);transition:.35s ease-in-out}.wp-block-uagb-image--effect-blur:hover img{filter:blur(3px)}.uagb-block-e6f939b3.wp-block-uagb-image--layout-default figure img{box-shadow: 0px 0px 0 #00000070;}.uagb-block-e6f939b3.wp-block-uagb-image .wp-block-uagb-image__figure figcaption{font-style: normal;align-self: center;}.uagb-block-e6f939b3.wp-block-uagb-image--layout-overlay figure img{box-shadow: 0px 0px 0 #00000070;}.uagb-block-e6f939b3.wp-block-uagb-image--layout-overlay .wp-block-uagb-image--layout-overlay__color-wrapper{opacity: 0.2;}.uagb-block-e6f939b3.wp-block-uagb-image--layout-overlay .wp-block-uagb-image--layout-overlay__inner{left: 15px;right: 15px;top: 15px;bottom: 15px;}.uagb-block-e6f939b3.wp-block-uagb-image--layout-overlay .wp-block-uagb-image--layout-overlay__inner .uagb-image-heading{font-style: normal;color: #fff;opacity: 1;}.uagb-block-e6f939b3.wp-block-uagb-image--layout-overlay .wp-block-uagb-image--layout-overlay__inner .uagb-image-heading a{color: #fff;}.uagb-block-e6f939b3.wp-block-uagb-image--layout-overlay .wp-block-uagb-image--layout-overlay__inner .uagb-image-caption{opacity: 0;}.uagb-block-e6f939b3.wp-block-uagb-image--layout-overlay .wp-block-uagb-image__figure:hover .wp-block-uagb-image--layout-overlay__color-wrapper{opacity: 1;}.uagb-block-e6f939b3.wp-block-uagb-image .wp-block-uagb-image--layout-overlay__inner .uagb-image-separator{width: 30%;border-top-width: 2px;border-top-color: #fff;opacity: 0;}.uagb-block-e6f939b3.wp-block-uagb-image .wp-block-uagb-image__figure img{width: px;height: auto;}.uagb-block-e6f939b3.wp-block-uagb-image .wp-block-uagb-image__figure:hover .wp-block-uagb-image--layout-overlay__inner .uagb-image-caption{opacity: 1;}.uagb-block-e6f939b3.wp-block-uagb-image .wp-block-uagb-image__figure:hover .wp-block-uagb-image--layout-overlay__inner .uagb-image-separator{opacity: 1;}.uagb-block-e6f939b3.wp-block-uagb-image--layout-default figure:hover img{box-shadow: 0px 0px 0 #00000070;}.uagb-block-e6f939b3.wp-block-uagb-image--layout-overlay figure:hover img{box-shadow: 0px 0px 0 #00000070;}@media only screen and (max-width: 976px) {.uagb-block-e6f939b3.wp-block-uagb-image .wp-block-uagb-image__figure img{width: px;height: auto;}}@media only screen and (max-width: 767px) {.uagb-block-e6f939b3.wp-block-uagb-image .wp-block-uagb-image__figure img{width: px;height: auto;}}\";s:2:\"js\";s:0:\"\";s:18:\"current_block_list\";a:13:{i:0;s:11:\"core\/search\";i:1;s:10:\"core\/group\";i:2;s:12:\"core\/heading\";i:3;s:17:\"core\/latest-posts\";i:4;s:20:\"core\/latest-comments\";i:5;s:13:\"core\/archives\";i:6;s:15:\"core\/categories\";i:7;s:14:\"core\/paragraph\";i:8;s:10:\"uagb\/image\";i:9;s:11:\"core\/spacer\";i:10;s:30:\"woocommerce\/product-categories\";i:11;s:10:\"core\/image\";i:12;s:14:\"core\/shortcode\";}s:8:\"uag_flag\";b:1;s:11:\"uag_version\";s:10:\"1777649702\";s:6:\"gfonts\";a:0:{}s:10:\"gfonts_url\";s:0:\"\";s:12:\"gfonts_files\";a:0:{}s:14:\"uag_faq_layout\";b:0;}"]},"uagb_featured_image_src":{"full":["https:\/\/www.erbaverda.net\/wp-content\/uploads\/2025\/06\/Lawn_Marking_Paint_25ltr_cite.jpg",2560,2560,false],"thumbnail":["https:\/\/www.erbaverda.net\/wp-content\/uploads\/2025\/06\/Lawn_Marking_Paint_25ltr_cite-150x150.jpg",150,150,true],"medium":["https:\/\/www.erbaverda.net\/wp-content\/uploads\/2025\/06\/Lawn_Marking_Paint_25ltr_cite-300x300.jpg",300,300,true],"medium_large":["https:\/\/www.erbaverda.net\/wp-content\/uploads\/2025\/06\/Lawn_Marking_Paint_25ltr_cite-768x768.jpg",768,768,true],"large":["https:\/\/www.erbaverda.net\/wp-content\/uploads\/2025\/06\/Lawn_Marking_Paint_25ltr_cite-1024x1024.jpg",1024,1024,true],"1536x1536":["https:\/\/www.erbaverda.net\/wp-content\/uploads\/2025\/06\/Lawn_Marking_Paint_25ltr_cite-1536x1536.jpg",1536,1536,true],"2048x2048":["https:\/\/www.erbaverda.net\/wp-content\/uploads\/2025\/06\/Lawn_Marking_Paint_25ltr_cite-2048x2048.jpg",2048,2048,true],"trp-custom-language-flag":["https:\/\/www.erbaverda.net\/wp-content\/uploads\/2025\/06\/Lawn_Marking_Paint_25ltr_cite-12x12.jpg",12,12,true],"woocommerce_thumbnail":["https:\/\/www.erbaverda.net\/wp-content\/uploads\/2025\/06\/Lawn_Marking_Paint_25ltr_cite-300x300.jpg",300,300,true],"woocommerce_single":["https:\/\/www.erbaverda.net\/wp-content\/uploads\/2025\/06\/Lawn_Marking_Paint_25ltr_cite-600x600.jpg",600,600,true],"woocommerce_gallery_thumbnail":["https:\/\/www.erbaverda.net\/wp-content\/uploads\/2025\/06\/Lawn_Marking_Paint_25ltr_cite-100x100.jpg",100,100,true]},"uagb_author_info":{"display_name":"admin","author_link":"https:\/\/www.erbaverda.net\/no\/author\/"},"uagb_comment_info":89,"uagb_excerpt":"&nbsp; \u00a0 \u00a0Long lasting.\u00a0Our lawn paints lasts three months. \u00a0 \u00a0No toxic ingredients.\u00a0We believe it is critical to preserve your lawn\u2019s natural ecosystem so your grass can breathe. \u00a0 \u00a0Half the price.\u00a0Costs half as much as competing products. \u00a0 \u00a0Environment friendly.\u00a0Is not hazardous to animals, and leaves no trace. \u00a0 \u00a0Saves water.\u00a0Water your lawn with&hellip;","_links":{"self":[{"href":"https:\/\/www.erbaverda.net\/no\/wp-json\/wp\/v2\/product\/23014","targetHints":{"allow":["GET"]}}],"collection":[{"href":"https:\/\/www.erbaverda.net\/no\/wp-json\/wp\/v2\/product"}],"about":[{"href":"https:\/\/www.erbaverda.net\/no\/wp-json\/wp\/v2\/types\/product"}],"replies":[{"embeddable":true,"href":"https:\/\/www.erbaverda.net\/no\/wp-json\/wp\/v2\/comments?post=23014"}],"version-history":[{"count":2,"href":"https:\/\/www.erbaverda.net\/no\/wp-json\/wp\/v2\/product\/23014\/revisions"}],"predecessor-version":[{"id":23163,"href":"https:\/\/www.erbaverda.net\/no\/wp-json\/wp\/v2\/product\/23014\/revisions\/23163"}],"wp:featuredmedia":[{"embeddable":true,"href":"https:\/\/www.erbaverda.net\/no\/wp-json\/wp\/v2\/media\/23088"}],"wp:attachment":[{"href":"https:\/\/www.erbaverda.net\/no\/wp-json\/wp\/v2\/media?parent=23014"}],"wp:term":[{"taxonomy":"product_brand","embeddable":true,"href":"https:\/\/www.erbaverda.net\/no\/wp-json\/wp\/v2\/product_brand?post=23014"},{"taxonomy":"product_cat","embeddable":true,"href":"https:\/\/www.erbaverda.net\/no\/wp-json\/wp\/v2\/product_cat?post=23014"},{"taxonomy":"product_tag","embeddable":true,"href":"https:\/\/www.erbaverda.net\/no\/wp-json\/wp\/v2\/product_tag?post=23014"}],"curies":[{"name":"wp","href":"https:\/\/api.w.org\/{rel}","templated":true}]}}