{"id":23014,"date":"2025-06-15T20:52:12","date_gmt":"2025-06-15T18:52:12","guid":{"rendered":"https:\/\/www.erbaverda.net\/products\/lawn-marking-paint\/"},"modified":"2025-06-15T21:49:14","modified_gmt":"2025-06-15T19:49:14","slug":"lawn-marking-paint","status":"publish","type":"product","link":"https:\/\/www.erbaverda.net\/pl\/products\/lawn-marking-paint\/","title":{"rendered":"Farba do znakowania trawnik\u00f3w"},"content":{"rendered":"<p>&nbsp;<\/p>\n<p class=\"p1\"><span class=\"s1\"><b><img decoding=\"async\" src=\"https:\/\/www.erbaverda.net\/wp-content\/uploads\/2025\/06\/Feedbin-Icon-check.svg_8faf4e0b-f89d-486c-aa08-b431a33525ea_icon.png?v=1541148886\" alt=\"\" width=\"18\" height=\"15\" data-mce-fragment=\"1\" \/>\u00a0 \u00a0D\u0142uga \u017cywotno\u015b\u0107.\u00a0<\/b><\/span><span class=\"s2\">Nasze farby do trawnik\u00f3w wystarczaj\u0105 na trzy miesi\u0105ce.<\/span><\/p>\n<p class=\"p1\"><span class=\"s1\"><b><br \/>\n<img decoding=\"async\" src=\"https:\/\/www.erbaverda.net\/wp-content\/uploads\/2025\/06\/Feedbin-Icon-check.svg_8faf4e0b-f89d-486c-aa08-b431a33525ea_icon.png?v=1541148886\" alt=\"\" width=\"18\" height=\"15\" data-mce-fragment=\"1\" \/>\u00a0 \u00a0Brak toksycznych sk\u0142adnik\u00f3w.\u00a0<\/b><\/span><span class=\"s2\">Uwa\u017camy, \u017ce kluczowe znaczenie ma zachowanie naturalnego ekosystemu trawnika, aby trawa mog\u0142a oddycha\u0107.<\/span><\/p>\n<p class=\"p1\"><span class=\"s1\"><b><br \/>\n<img decoding=\"async\" src=\"https:\/\/www.erbaverda.net\/wp-content\/uploads\/2025\/06\/Feedbin-Icon-check.svg_8faf4e0b-f89d-486c-aa08-b431a33525ea_icon.png?v=1541148886\" alt=\"\" width=\"18\" height=\"15\" data-mce-fragment=\"1\" \/>\u00a0 \u00a0Po\u0142owa ceny.\u00a0<\/b><\/span><span class=\"s2\">Kosztuje o po\u0142ow\u0119 mniej ni\u017c konkurencyjne produkty.<\/span><\/p>\n<p class=\"p1\"><span class=\"s1\"><b><br \/>\n<img decoding=\"async\" src=\"https:\/\/www.erbaverda.net\/wp-content\/uploads\/2025\/06\/Feedbin-Icon-check.svg_8faf4e0b-f89d-486c-aa08-b431a33525ea_icon.png?v=1541148886\" alt=\"\" width=\"18\" height=\"15\" data-mce-fragment=\"1\" \/>\u00a0 \u00a0Przyjazny dla \u015brodowiska.\u00a0<\/b><\/span><span class=\"s2\">Nie jest niebezpieczny dla zwierz\u0105t i nie pozostawia \u015blad\u00f3w.<\/span><\/p>\n<p class=\"p1\"><span class=\"s1\"><b><br \/>\n<img decoding=\"async\" src=\"https:\/\/www.erbaverda.net\/wp-content\/uploads\/2025\/06\/Feedbin-Icon-check.svg_8faf4e0b-f89d-486c-aa08-b431a33525ea_icon.png?v=1541148886\" alt=\"\" width=\"18\" height=\"15\" data-mce-fragment=\"1\" \/>\u00a0 \u00a0Oszcz\u0119dno\u015b\u0107 wody.\u00a0<\/b><\/span><span class=\"s2\">Podlewaj trawnik tylko w ilo\u015bci niezb\u0119dnej do utrzymania go w dobrej kondycji.<\/span><\/p>\n<p class=\"p1\"><span class=\"s1\"><b><br \/>\n<img decoding=\"async\" src=\"https:\/\/www.erbaverda.net\/wp-content\/uploads\/2025\/06\/Feedbin-Icon-check.svg_8faf4e0b-f89d-486c-aa08-b431a33525ea_icon.png?v=1541148886\" alt=\"\" width=\"18\" height=\"15\" data-mce-fragment=\"1\" \/>\u00a0 \u00a0Zastosowanie.\u00a0<\/b><\/span><span class=\"s2\">Nak\u0142ada\u0107 za pomoc\u0105 wa\u0142ka, p\u0119dzla lub opryskiwacza.<\/span><\/p>\n<p class=\"p1\"><span class=\"s1\"><b><br \/>\n<img decoding=\"async\" src=\"https:\/\/www.erbaverda.net\/wp-content\/uploads\/2025\/06\/Feedbin-Icon-check.svg_8faf4e0b-f89d-486c-aa08-b431a33525ea_icon.png?v=1541148886\" alt=\"\" width=\"18\" height=\"15\" data-mce-fragment=\"1\" \/>\u00a0 \u00a0Efektywno\u015b\u0107 kosztowa.\u00a0<\/b><\/span><span class=\"s2\">Zasi\u0119g od 20 do 40 m<\/span><span class=\"s3\"><sup>2<\/sup><\/span><span class=\"s2\">\/L po naniesieniu za pomoc\u0105 opryskiwacza na dotkni\u0119te powierzchnie.<\/span><\/p>\n<h2 class=\"p2\"><span class=\"s2\">Instrukcje<\/span><\/h2>\n<ul class=\"ul1\">\n<li class=\"li3\"><span class=\"s5\"><b>Przed malowaniem:\u00a0<\/b><\/span><span class=\"s6\">Trawnik musi by\u0107 skoszony, suchy i oczyszczony z wszelkich zanieczyszcze\u0144.<\/span><\/li>\n<li class=\"li3\"><span class=\"s5\"><b>Instrukcje mieszania:<\/b><\/span><span class=\"s6\">\u00a0W opryskiwaczu ogrodowym (dost\u0119pnym na naszej stronie internetowej) wymieszaj jedn\u0105 cz\u0119\u015b\u0107 farby do trawnik\u00f3w z sze\u015bcioma cz\u0119\u015bciami wody. Zamkn\u0105\u0107 opryskiwacz i energicznie wstrz\u0105sn\u0105\u0107. Napompuj opryskiwacz do pe\u0142na i rozpyl niewielk\u0105 ilo\u015b\u0107 farby, aby sprawdzi\u0107 po\u017c\u0105dany odcie\u0144. Nale\u017cy pami\u0119ta\u0107, \u017ce mieszanka w tych ilo\u015bciach mo\u017ce by\u0107 ciemniejsza lub ja\u015bniejsza od po\u017c\u0105danego odcienia. Je\u015bli kolor jest zbyt ciemny, nale\u017cy kontynuowa\u0107 dodawanie cz\u0119\u015bci wody (po jednej cz\u0119\u015bci na raz), a\u017c do uzyskania po\u017c\u0105danego odcienia. Wi\u0119kszo\u015b\u0107 konsument\u00f3w preferuje odcienie uzyskane w proporcji 1-6 lub 1-8 farby do wody. Inni wol\u0105 jednak jeszcze ja\u015bniejsze odcienie (stosunek 1-10). Zawsze \u0142atwiej jest doda\u0107 wi\u0119cej wody do mieszanki ni\u017c wi\u0119cej farby, dlatego zalecamy rozpocz\u0119cie od proporcji 1-6 i przechodzenie od niej.<\/span><\/li>\n<li class=\"li3\"><span class=\"s5\"><b>Wskaz\u00f3wki: \u00a0<\/b><\/span><span class=\"s6\">Zach\u0119camy do eksperymentowania najpierw na ma\u0142ych obszarach, a\u017c do uzyskania po\u017c\u0105danego odcienia. Gdy uzyskasz po\u017c\u0105dany odcie\u0144, spryskaj trawnik w losowym wzorze orbitalnym, aby unikn\u0105\u0107 widocznych linii i uzyska\u0107 bardziej realistyczny wygl\u0105d. Trzymaj dysz\u0119 opryskiwacza w odleg\u0142o\u015bci co najmniej 20 cm od \u017ad\u017abe\u0142 trawy. Aby uzyska\u0107 najlepsze wyniki, bior\u0105c pod uwag\u0119 naturalny sk\u0142ad Erba Verda, zalecamy potrz\u0105sanie opryskiwaczem zar\u00f3wno przed aplikacj\u0105, jak i regularnie podczas ca\u0142ego procesu, aby pigment nie osadza\u0142 si\u0119 ani nie blokowa\u0142 dyszy. Zawsze ustawiaj opryskiwacz na najdok\u0142adniejsze mo\u017cliwe ustawienie natrysku, aby zapewni\u0107 najlepsze mo\u017cliwe wykorzystanie. Najlepiej jest unika\u0107 natryskiwania przy niskim ci\u015bnieniu, a tak\u017ce jakiegokolwiek sp\u0142ywania, poniewa\u017c spowoduje to niepotrzebne marnowanie produktu. Po zako\u0144czeniu malowania zalecamy odkr\u0119cenie dyszy rozpylacza i jej wyczyszczenie. Pami\u0119taj, aby kontynuowa\u0107 p\u0142ukanie opryskiwacza, a\u017c z dyszy po pompowaniu b\u0119dzie wyp\u0142ywa\u0107 tylko czysta woda. Dzi\u0119ki temu pompa b\u0119dzie dzia\u0142a\u0107 d\u0142u\u017cej i b\u0119dzie gotowa do u\u017cycia nast\u0119pnym razem. Unikaj chodzenia po cemencie, p\u0142ytach chodnikowych, patio itp. w butach pokrytych mokr\u0105 farb\u0105. Przed opuszczeniem spryskanego obszaru nale\u017cy upewni\u0107 si\u0119, \u017ce buty s\u0105 suche. Aby zapobiec nadmiernemu rozpryskiwaniu farby na kraw\u0119d\u017a betonu znajduj\u0105c\u0105 si\u0119 najbli\u017cej trawy, podczas natryskiwania nale\u017cy porusza\u0107 si\u0119 w kierunku trawnika. Alternatywnie, wlej cz\u0119\u015b\u0107 mieszanki farby do trawnik\u00f3w do zwyk\u0142ej butelki z rozpylaczem (ka\u017cda stara butelka z rozpylaczem b\u0119dzie odpowiednia) i spryskaj traw\u0119 granicz\u0105c\u0105 z trawnikiem z bliskiej odleg\u0142o\u015bci.<\/span><\/li>\n<li class=\"li4\"><span class=\"s5\"><b>Przestrogi:\u00a0<\/b><\/span><span class=\"s6\">Nie spiesz si\u0119 i nak\u0142adaj farb\u0119 ostro\u017cnie, aby unikn\u0105\u0107 przypadkowego zachlapania, zabrudzenia mokrymi butami lub rozlania farby.\u00a0<\/span>Nie rozpyla\u0107 przy wietrznej lub mokrej pogodzie. Zakryj wszystkie obszary, kt\u00f3rych nie chcesz spryska\u0107, i zawsze no\u015b odzie\u017c ochronn\u0105 i stare buty, poniewa\u017c mog\u0105 one zosta\u0107 poplamione farb\u0105. Zalecamy r\u00f3wnie\u017c noszenie okular\u00f3w ochronnych, r\u0119kawic i maski oddechowej, poniewa\u017c farba mo\u017ce powodowa\u0107 podra\u017cnienia u niekt\u00f3rych os\u00f3b. Nie rozpylaj farby w obecno\u015bci innych os\u00f3b, chyba \u017ce one r\u00f3wnie\u017c nosz\u0105 odzie\u017c ochronn\u0105. Podobnie jak w przypadku wszystkich niejadalnych p\u0142yn\u00f3w, farb\u0119 nale\u017cy przechowywa\u0107 w miejscu niedost\u0119pnym dla dzieci. W razie przypadkowego rozpylenia zalecamy mie\u0107 pod r\u0119k\u0105 wiadro z wod\u0105 z myd\u0142em i metalow\u0105 lub nylonow\u0105 szczotk\u0119 (tak\u0105 jak u\u017cywana do czyszczenia grilla), aby usun\u0105\u0107 niechciane rozpylenie na betonie itp. Dzia\u0142a to r\u00f3wnie\u017c bardzo dobrze w przypadku usuwania farby, kt\u00f3ra zosta\u0142a przypadkowo na\u0142o\u017cona na dowolny rodzaj twardej powierzchni, takiej jak beton lub ceg\u0142a. Czas schni\u0119cia wynosi oko\u0142o 30 minut przy s\u0142onecznej pogodzie. Na czas schni\u0119cia mo\u017ce mie\u0107 znaczny wp\u0142yw cie\u0144, pochmurna pogoda i wilgo\u0107. Sprawd\u017a, czy farba jest ca\u0142kowicie sucha, zanim pozwolisz komu\u015b chodzi\u0107 po trawniku.<\/li>\n<\/ul>\n<ul class=\"ul1\">\n<li class=\"li3\"><span class=\"s5\"><b>Pokrycie:<\/b><\/span><span class=\"s6\">\u00a020 do 40 m<\/span><span class=\"s7\"><sup>2<\/sup><\/span><span class=\"s6\">\/L. Poniewa\u017c czynniki takie jak wsp\u00f3\u0142czynnik rozcie\u0144czenia, stan murawy, jej d\u0142ugo\u015b\u0107, rodzaj aplikacji, metoda aplikacji i po\u017c\u0105dany cie\u0144 s\u0105 poza nasz\u0105 kontrol\u0105, nie mo\u017cemy zagwarantowa\u0107 konkretnych wska\u017anik\u00f3w pokrycia. Dlatego podajemy \"\u015brednie\" wska\u017aniki pokrycia w oparciu o nasze w\u0142asne niezale\u017cne testy. Naturalnie, je\u015bli trawa jest ca\u0142kowicie po\u017c\u00f3\u0142k\u0142a i wyschni\u0119ta lub je\u015bli preferowany jest ciemniejszy odcie\u0144, farba nie pokryje trawnika, kt\u00f3ry dopiero zaczyna blakn\u0105\u0107 lub je\u015bli po\u017c\u0105dany jest ja\u015bniejszy odcie\u0144.<\/span><\/li>\n<li class=\"li3\"><span class=\"s5\"><b>D\u0142ugowieczno\u015b\u0107:<\/b><\/span><span class=\"s6\">\u00a0Je\u015bli murawa nadal ro\u015bnie, a pomalowany obszar zostanie skoszony, zabarwienie utrzyma si\u0119 tylko do czasu ponownego skoszenia. W idealnych i suchych warunkach klimatycznych, przy u\u015bpionej murawie i gdy murawa jest nadal elastyczna (nie chrupi\u0105ca), zdarza\u0142y si\u0119 przypadki, gdy farba utrzymywa\u0142a si\u0119 do sze\u015bciu miesi\u0119cy. Trwa\u0142o\u015b\u0107 farby zale\u017cy od stanu murawy, jej rodzaju, warunk\u00f3w pogodowych, intensywno\u015bci chodzenia po trawniku itp. Istnieje zbyt wiele zmiennych, na kt\u00f3re nie mamy wp\u0142ywu, aby m\u00f3c poda\u0107 konkretne przedzia\u0142y czasowe lub gwarancje. Bior\u0105c to pod uwag\u0119, wi\u0119kszo\u015b\u0107 naszych klient\u00f3w zg\u0142asza \"\u017cywotno\u015b\u0107 koloru\" od 1 do 3 miesi\u0119cy.<\/span><\/li>\n<li class=\"li7\"><span class=\"s6\">Farba do trawnik\u00f3w to \u0142atwe i przyjemne rozwi\u0105zanie wielu typowych problem\u00f3w z trawnikami. Je\u015bli wiesz, czego si\u0119 spodziewa\u0107 przed rozpocz\u0119ciem malowania i post\u0119pujesz zgodnie z powy\u017cszymi instrukcjami, malowanie trawnika b\u0119dzie znacznie \u0142atwiejsze i p\u0142ynniejsze. Jak zawsze, je\u015bli masz jakiekolwiek pytania, skontaktuj si\u0119 z naszym zespo\u0142em obs\u0142ugi klienta Erba Verda.<\/span><\/li>\n<\/ul>","protected":false},"excerpt":{"rendered":"<p>&nbsp; \u00a0 \u00a0Long lasting.\u00a0Our lawn paints lasts three months. \u00a0 \u00a0No toxic ingredients.\u00a0We believe it is critical to preserve your lawn\u2019s natural ecosystem so your grass can breathe. \u00a0 \u00a0Half the price.\u00a0Costs half as much as competing products. \u00a0 \u00a0Environment friendly.\u00a0Is not hazardous to animals, and leaves no trace. \u00a0 \u00a0Saves water.\u00a0Water your lawn with [&hellip;]<\/p>\n","protected":false},"featured_media":23088,"comment_status":"open","ping_status":"closed","template":"","meta":{"_uag_custom_page_level_css":"","site-sidebar-layout":"default","site-content-layout":"","ast-site-content-layout":"default","site-content-style":"default","site-sidebar-style":"default","ast-global-header-display":"","ast-banner-title-visibility":"","ast-main-header-display":"","ast-hfb-above-header-display":"","ast-hfb-below-header-display":"","ast-hfb-mobile-header-display":"","site-post-title":"","ast-breadcrumbs-content":"","ast-featured-img":"","footer-sml-layout":"","ast-disable-related-posts":"","theme-transparent-header-meta":"default","adv-header-id-meta":"","stick-header-meta":"","header-above-stick-meta":"","header-main-stick-meta":"","header-below-stick-meta":"","astra-migrate-meta-layouts":"set","ast-page-background-enabled":"default","ast-page-background-meta":{"desktop":{"background-color":"var(--ast-global-color-4)","background-image":"","background-repeat":"repeat","background-position":"center center","background-size":"auto","background-attachment":"scroll","background-type":"","background-media":"","overlay-type":"","overlay-color":"","overlay-opacity":"","overlay-gradient":""},"tablet":{"background-color":"","background-image":"","background-repeat":"repeat","background-position":"center center","background-size":"auto","background-attachment":"scroll","background-type":"","background-media":"","overlay-type":"","overlay-color":"","overlay-opacity":"","overlay-gradient":""},"mobile":{"background-color":"","background-image":"","background-repeat":"repeat","background-position":"center center","background-size":"auto","background-attachment":"scroll","background-type":"","background-media":"","overlay-type":"","overlay-color":"","overlay-opacity":"","overlay-gradient":""}},"ast-content-background-meta":{"desktop":{"background-color":"var(--ast-global-color-5)","background-image":"","background-repeat":"repeat","background-position":"center center","background-size":"auto","background-attachment":"scroll","background-type":"","background-media":"","overlay-type":"","overlay-color":"","overlay-opacity":"","overlay-gradient":""},"tablet":{"background-color":"var(--ast-global-color-5)","background-image":"","background-repeat":"repeat","background-position":"center center","background-size":"auto","background-attachment":"scroll","background-type":"","background-media":"","overlay-type":"","overlay-color":"","overlay-opacity":"","overlay-gradient":""},"mobile":{"background-color":"var(--ast-global-color-5)","background-image":"","background-repeat":"repeat","background-position":"center center","background-size":"auto","background-attachment":"scroll","background-type":"","background-media":"","overlay-type":"","overlay-color":"","overlay-opacity":"","overlay-gradient":""}}},"product_brand":[],"product_cat":[15],"product_tag":[],"class_list":{"0":"post-23014","1":"product","2":"type-product","3":"status-publish","4":"has-post-thumbnail","6":"product_cat-shop","7":"desktop-align-left","8":"tablet-align-left","9":"mobile-align-left","11":"first","12":"instock","13":"sale","14":"taxable","15":"shipping-taxable","16":"purchasable","17":"product-type-variable","18":"has-default-attributes"},"spectra_custom_meta":{"_visibility":["visible"],"_shopify_product_id":["1678530183237"],"_s2w_shopify_domain":["erba-verda.myshopify.com"],"_shopify_variant_id":["39470206320698"],"_manage_stock":["no"],"total_sales":["1"],"_tax_status":["taxable"],"_tax_class":[""],"_backorders":["no"],"_sold_individually":["no"],"_virtual":["no"],"_downloadable":["no"],"_download_limit":["-1"],"_download_expiry":["-1"],"_stock":[null],"_stock_status":["instock"],"_wc_average_rating":["4.87"],"_wc_review_count":["89"],"_product_attributes":["a:1:{s:6:\"volume\";a:6:{s:4:\"name\";s:6:\"Volume\";s:5:\"value\";s:20:\"5 liters | 25 liters\";s:8:\"position\";i:1;s:10:\"is_visible\";i:0;s:12:\"is_variation\";i:1;s:11:\"is_taxonomy\";i:0;}}"],"_product_version":["9.9.3"],"_thumbnail_id":["23088"],"_edit_lock":["1750016529:1"],"_default_attributes":["a:1:{s:6:\"volume\";s:8:\"5 liters\";}"],"_price":["29.90","99.90"],"merchant-center-id":["LMP1"],"merchant-center-availability":["yes"],"merchant-center-category":["505417"],"_edit_last":["1"],"_wp_page_template":["default"],"site-sidebar-layout":["default"],"ast-site-content-layout":["default"],"site-content-style":["default"],"site-sidebar-style":["default"],"theme-transparent-header-meta":["default"],"astra-migrate-meta-layouts":["set"],"_wc_rating_count":["a:2:{i:4;i:12;i:5;i:77;}"],"_uag_css_file_name":["uag-css-23014.css"],"_elementor_page_assets":["a:0:{}"],"_uag_page_assets":["a:9:{s:3:\"css\";s:7133:\".uag-blocks-common-selector{z-index:var(--z-index-desktop) !important}@media(max-width: 976px){.uag-blocks-common-selector{z-index:var(--z-index-tablet) !important}}@media(max-width: 767px){.uag-blocks-common-selector{z-index:var(--z-index-mobile) !important}}.wp-block-uagb-image{display:flex}.wp-block-uagb-image__figure{position:relative;display:flex;flex-direction:column;max-width:100%;height:auto;margin:0}.wp-block-uagb-image__figure img{height:auto;display:flex;max-width:100%;transition:box-shadow .2s ease}.wp-block-uagb-image__figure>a{display:inline-block}.wp-block-uagb-image__figure figcaption{text-align:center;margin-top:.5em;margin-bottom:1em}.wp-block-uagb-image .components-placeholder.block-editor-media-placeholder .components-placeholder__instructions{align-self:center}.wp-block-uagb-image--align-left{text-align:left}.wp-block-uagb-image--align-right{text-align:right}.wp-block-uagb-image--align-center{text-align:center}.wp-block-uagb-image--align-full .wp-block-uagb-image__figure{margin-left:calc(50% - 50vw);margin-right:calc(50% - 50vw);max-width:100vw;width:100vw;height:auto}.wp-block-uagb-image--align-full .wp-block-uagb-image__figure img{height:auto;width:100% !important}.wp-block-uagb-image--align-wide .wp-block-uagb-image__figure img{height:auto;width:100%}.wp-block-uagb-image--layout-overlay__color-wrapper{position:absolute;left:0;top:0;right:0;bottom:0;opacity:.2;background:rgba(0,0,0,.5);transition:opacity .35s ease-in-out}.wp-block-uagb-image--layout-overlay-link{position:absolute;left:0;right:0;bottom:0;top:0}.wp-block-uagb-image--layout-overlay .wp-block-uagb-image__figure:hover .wp-block-uagb-image--layout-overlay__color-wrapper{opacity:1}.wp-block-uagb-image--layout-overlay__inner{position:absolute;left:15px;right:15px;bottom:15px;top:15px;display:flex;align-items:center;justify-content:center;flex-direction:column;border-color:#fff;transition:.35s ease-in-out}.wp-block-uagb-image--layout-overlay__inner.top-left,.wp-block-uagb-image--layout-overlay__inner.top-center,.wp-block-uagb-image--layout-overlay__inner.top-right{justify-content:flex-start}.wp-block-uagb-image--layout-overlay__inner.bottom-left,.wp-block-uagb-image--layout-overlay__inner.bottom-center,.wp-block-uagb-image--layout-overlay__inner.bottom-right{justify-content:flex-end}.wp-block-uagb-image--layout-overlay__inner.top-left,.wp-block-uagb-image--layout-overlay__inner.center-left,.wp-block-uagb-image--layout-overlay__inner.bottom-left{align-items:flex-start}.wp-block-uagb-image--layout-overlay__inner.top-right,.wp-block-uagb-image--layout-overlay__inner.center-right,.wp-block-uagb-image--layout-overlay__inner.bottom-right{align-items:flex-end}.wp-block-uagb-image--layout-overlay__inner .uagb-image-heading{color:#fff;transition:transform .35s,opacity .35s ease-in-out;transform:translate3d(0, 24px, 0);margin:0;line-height:1em}.wp-block-uagb-image--layout-overlay__inner .uagb-image-separator{width:30%;border-top-width:2px;border-top-color:#fff;border-top-style:solid;margin-bottom:10px;opacity:0;transition:transform .4s,opacity .4s ease-in-out;transform:translate3d(0, 30px, 0)}.wp-block-uagb-image--layout-overlay__inner .uagb-image-caption{opacity:0;overflow:visible;color:#fff;transition:transform .45s,opacity .45s ease-in-out;transform:translate3d(0, 35px, 0)}.wp-block-uagb-image--layout-overlay__inner:hover .uagb-image-heading,.wp-block-uagb-image--layout-overlay__inner:hover .uagb-image-separator,.wp-block-uagb-image--layout-overlay__inner:hover .uagb-image-caption{opacity:1;transform:translate3d(0, 0, 0)}.wp-block-uagb-image--effect-zoomin .wp-block-uagb-image__figure img,.wp-block-uagb-image--effect-zoomin .wp-block-uagb-image__figure .wp-block-uagb-image--layout-overlay__color-wrapper{transform:scale(1);transition:transform .35s ease-in-out}.wp-block-uagb-image--effect-zoomin .wp-block-uagb-image__figure:hover img,.wp-block-uagb-image--effect-zoomin .wp-block-uagb-image__figure:hover .wp-block-uagb-image--layout-overlay__color-wrapper{transform:scale(1.05)}.wp-block-uagb-image--effect-slide .wp-block-uagb-image__figure img,.wp-block-uagb-image--effect-slide .wp-block-uagb-image__figure .wp-block-uagb-image--layout-overlay__color-wrapper{width:calc(100% + 40px) !important;max-width:none !important;transform:translate3d(-40px, 0, 0);transition:transform .35s ease-in-out}.wp-block-uagb-image--effect-slide .wp-block-uagb-image__figure:hover img,.wp-block-uagb-image--effect-slide .wp-block-uagb-image__figure:hover .wp-block-uagb-image--layout-overlay__color-wrapper{transform:translate3d(0, 0, 0)}.wp-block-uagb-image--effect-grayscale img{filter:grayscale(0%);transition:.35s ease-in-out}.wp-block-uagb-image--effect-grayscale:hover img{filter:grayscale(100%)}.wp-block-uagb-image--effect-blur img{filter:blur(0);transition:.35s ease-in-out}.wp-block-uagb-image--effect-blur:hover img{filter:blur(3px)}.uagb-block-e6f939b3.wp-block-uagb-image--layout-default figure img{box-shadow: 0px 0px 0 #00000070;}.uagb-block-e6f939b3.wp-block-uagb-image .wp-block-uagb-image__figure figcaption{font-style: normal;align-self: center;}.uagb-block-e6f939b3.wp-block-uagb-image--layout-overlay figure img{box-shadow: 0px 0px 0 #00000070;}.uagb-block-e6f939b3.wp-block-uagb-image--layout-overlay .wp-block-uagb-image--layout-overlay__color-wrapper{opacity: 0.2;}.uagb-block-e6f939b3.wp-block-uagb-image--layout-overlay .wp-block-uagb-image--layout-overlay__inner{left: 15px;right: 15px;top: 15px;bottom: 15px;}.uagb-block-e6f939b3.wp-block-uagb-image--layout-overlay .wp-block-uagb-image--layout-overlay__inner .uagb-image-heading{font-style: normal;color: #fff;opacity: 1;}.uagb-block-e6f939b3.wp-block-uagb-image--layout-overlay .wp-block-uagb-image--layout-overlay__inner .uagb-image-heading a{color: #fff;}.uagb-block-e6f939b3.wp-block-uagb-image--layout-overlay .wp-block-uagb-image--layout-overlay__inner .uagb-image-caption{opacity: 0;}.uagb-block-e6f939b3.wp-block-uagb-image--layout-overlay .wp-block-uagb-image__figure:hover .wp-block-uagb-image--layout-overlay__color-wrapper{opacity: 1;}.uagb-block-e6f939b3.wp-block-uagb-image .wp-block-uagb-image--layout-overlay__inner .uagb-image-separator{width: 30%;border-top-width: 2px;border-top-color: #fff;opacity: 0;}.uagb-block-e6f939b3.wp-block-uagb-image .wp-block-uagb-image__figure img{width: px;height: auto;}.uagb-block-e6f939b3.wp-block-uagb-image .wp-block-uagb-image__figure:hover .wp-block-uagb-image--layout-overlay__inner .uagb-image-caption{opacity: 1;}.uagb-block-e6f939b3.wp-block-uagb-image .wp-block-uagb-image__figure:hover .wp-block-uagb-image--layout-overlay__inner .uagb-image-separator{opacity: 1;}.uagb-block-e6f939b3.wp-block-uagb-image--layout-default figure:hover img{box-shadow: 0px 0px 0 #00000070;}.uagb-block-e6f939b3.wp-block-uagb-image--layout-overlay figure:hover img{box-shadow: 0px 0px 0 #00000070;}@media only screen and (max-width: 976px) {.uagb-block-e6f939b3.wp-block-uagb-image .wp-block-uagb-image__figure img{width: px;height: auto;}}@media only screen and (max-width: 767px) {.uagb-block-e6f939b3.wp-block-uagb-image .wp-block-uagb-image__figure img{width: px;height: auto;}}\";s:2:\"js\";s:0:\"\";s:18:\"current_block_list\";a:13:{i:0;s:11:\"core\/search\";i:1;s:10:\"core\/group\";i:2;s:12:\"core\/heading\";i:3;s:17:\"core\/latest-posts\";i:4;s:20:\"core\/latest-comments\";i:5;s:13:\"core\/archives\";i:6;s:15:\"core\/categories\";i:7;s:14:\"core\/paragraph\";i:8;s:10:\"uagb\/image\";i:9;s:11:\"core\/spacer\";i:10;s:30:\"woocommerce\/product-categories\";i:11;s:10:\"core\/image\";i:12;s:14:\"core\/shortcode\";}s:8:\"uag_flag\";b:1;s:11:\"uag_version\";s:10:\"1777643927\";s:6:\"gfonts\";a:0:{}s:10:\"gfonts_url\";s:0:\"\";s:12:\"gfonts_files\";a:0:{}s:14:\"uag_faq_layout\";b:0;}"]},"uagb_featured_image_src":{"full":["https:\/\/www.erbaverda.net\/wp-content\/uploads\/2025\/06\/Lawn_Marking_Paint_25ltr_cite.jpg",2560,2560,false],"thumbnail":["https:\/\/www.erbaverda.net\/wp-content\/uploads\/2025\/06\/Lawn_Marking_Paint_25ltr_cite-150x150.jpg",150,150,true],"medium":["https:\/\/www.erbaverda.net\/wp-content\/uploads\/2025\/06\/Lawn_Marking_Paint_25ltr_cite-300x300.jpg",300,300,true],"medium_large":["https:\/\/www.erbaverda.net\/wp-content\/uploads\/2025\/06\/Lawn_Marking_Paint_25ltr_cite-768x768.jpg",768,768,true],"large":["https:\/\/www.erbaverda.net\/wp-content\/uploads\/2025\/06\/Lawn_Marking_Paint_25ltr_cite-1024x1024.jpg",1024,1024,true],"1536x1536":["https:\/\/www.erbaverda.net\/wp-content\/uploads\/2025\/06\/Lawn_Marking_Paint_25ltr_cite-1536x1536.jpg",1536,1536,true],"2048x2048":["https:\/\/www.erbaverda.net\/wp-content\/uploads\/2025\/06\/Lawn_Marking_Paint_25ltr_cite-2048x2048.jpg",2048,2048,true],"trp-custom-language-flag":["https:\/\/www.erbaverda.net\/wp-content\/uploads\/2025\/06\/Lawn_Marking_Paint_25ltr_cite-12x12.jpg",12,12,true],"woocommerce_thumbnail":["https:\/\/www.erbaverda.net\/wp-content\/uploads\/2025\/06\/Lawn_Marking_Paint_25ltr_cite-300x300.jpg",300,300,true],"woocommerce_single":["https:\/\/www.erbaverda.net\/wp-content\/uploads\/2025\/06\/Lawn_Marking_Paint_25ltr_cite-600x600.jpg",600,600,true],"woocommerce_gallery_thumbnail":["https:\/\/www.erbaverda.net\/wp-content\/uploads\/2025\/06\/Lawn_Marking_Paint_25ltr_cite-100x100.jpg",100,100,true]},"uagb_author_info":{"display_name":"admin","author_link":"https:\/\/www.erbaverda.net\/pl\/author\/"},"uagb_comment_info":89,"uagb_excerpt":"&nbsp; \u00a0 \u00a0Long lasting.\u00a0Our lawn paints lasts three months. \u00a0 \u00a0No toxic ingredients.\u00a0We believe it is critical to preserve your lawn\u2019s natural ecosystem so your grass can breathe. \u00a0 \u00a0Half the price.\u00a0Costs half as much as competing products. \u00a0 \u00a0Environment friendly.\u00a0Is not hazardous to animals, and leaves no trace. \u00a0 \u00a0Saves water.\u00a0Water your lawn with&hellip;","_links":{"self":[{"href":"https:\/\/www.erbaverda.net\/pl\/wp-json\/wp\/v2\/product\/23014","targetHints":{"allow":["GET"]}}],"collection":[{"href":"https:\/\/www.erbaverda.net\/pl\/wp-json\/wp\/v2\/product"}],"about":[{"href":"https:\/\/www.erbaverda.net\/pl\/wp-json\/wp\/v2\/types\/product"}],"replies":[{"embeddable":true,"href":"https:\/\/www.erbaverda.net\/pl\/wp-json\/wp\/v2\/comments?post=23014"}],"version-history":[{"count":2,"href":"https:\/\/www.erbaverda.net\/pl\/wp-json\/wp\/v2\/product\/23014\/revisions"}],"predecessor-version":[{"id":23163,"href":"https:\/\/www.erbaverda.net\/pl\/wp-json\/wp\/v2\/product\/23014\/revisions\/23163"}],"wp:featuredmedia":[{"embeddable":true,"href":"https:\/\/www.erbaverda.net\/pl\/wp-json\/wp\/v2\/media\/23088"}],"wp:attachment":[{"href":"https:\/\/www.erbaverda.net\/pl\/wp-json\/wp\/v2\/media?parent=23014"}],"wp:term":[{"taxonomy":"product_brand","embeddable":true,"href":"https:\/\/www.erbaverda.net\/pl\/wp-json\/wp\/v2\/product_brand?post=23014"},{"taxonomy":"product_cat","embeddable":true,"href":"https:\/\/www.erbaverda.net\/pl\/wp-json\/wp\/v2\/product_cat?post=23014"},{"taxonomy":"product_tag","embeddable":true,"href":"https:\/\/www.erbaverda.net\/pl\/wp-json\/wp\/v2\/product_tag?post=23014"}],"curies":[{"name":"wp","href":"https:\/\/api.w.org\/{rel}","templated":true}]}}