{"id":23014,"date":"2025-06-15T20:52:12","date_gmt":"2025-06-15T18:52:12","guid":{"rendered":"https:\/\/www.erbaverda.net\/products\/lawn-marking-paint\/"},"modified":"2025-06-15T21:49:14","modified_gmt":"2025-06-15T19:49:14","slug":"lawn-marking-paint","status":"publish","type":"product","link":"https:\/\/www.erbaverda.net\/se\/products\/lawn-marking-paint\/","title":{"rendered":"F\u00e4rg f\u00f6r m\u00e4rkning av gr\u00e4smattor"},"content":{"rendered":"<p>&nbsp;<\/p>\n<p class=\"p1\"><span class=\"s1\"><b><img decoding=\"async\" src=\"https:\/\/www.erbaverda.net\/wp-content\/uploads\/2025\/06\/Feedbin-Icon-check.svg_8faf4e0b-f89d-486c-aa08-b431a33525ea_icon.png?v=1541148886\" alt=\"\" width=\"18\" height=\"15\" data-mce-fragment=\"1\" \/>\u00a0 \u00a0L\u00e5ng h\u00e5llbarhet.\u00a0<\/b><\/span><span class=\"s2\">V\u00e5r gr\u00e4smattef\u00e4rg r\u00e4cker i tre m\u00e5nader.<\/span><\/p>\n<p class=\"p1\"><span class=\"s1\"><b><br \/>\n<img decoding=\"async\" src=\"https:\/\/www.erbaverda.net\/wp-content\/uploads\/2025\/06\/Feedbin-Icon-check.svg_8faf4e0b-f89d-486c-aa08-b431a33525ea_icon.png?v=1541148886\" alt=\"\" width=\"18\" height=\"15\" data-mce-fragment=\"1\" \/>\u00a0 \u00a0Inga giftiga ingredienser.\u00a0<\/b><\/span><span class=\"s2\">Vi anser att det \u00e4r viktigt att bevara din gr\u00e4smattas naturliga ekosystem s\u00e5 att gr\u00e4set kan andas.<\/span><\/p>\n<p class=\"p1\"><span class=\"s1\"><b><br \/>\n<img decoding=\"async\" src=\"https:\/\/www.erbaverda.net\/wp-content\/uploads\/2025\/06\/Feedbin-Icon-check.svg_8faf4e0b-f89d-486c-aa08-b431a33525ea_icon.png?v=1541148886\" alt=\"\" width=\"18\" height=\"15\" data-mce-fragment=\"1\" \/>\u00a0 \u00a0Halva priset.\u00a0<\/b><\/span><span class=\"s2\">Kostar h\u00e4lften s\u00e5 mycket som konkurrerande produkter.<\/span><\/p>\n<p class=\"p1\"><span class=\"s1\"><b><br \/>\n<img decoding=\"async\" src=\"https:\/\/www.erbaverda.net\/wp-content\/uploads\/2025\/06\/Feedbin-Icon-check.svg_8faf4e0b-f89d-486c-aa08-b431a33525ea_icon.png?v=1541148886\" alt=\"\" width=\"18\" height=\"15\" data-mce-fragment=\"1\" \/>\u00a0 \u00a0Milj\u00f6v\u00e4nlig.\u00a0<\/b><\/span><span class=\"s2\">\u00c4r inte farligt f\u00f6r djur och l\u00e4mnar inga sp\u00e5r efter sig.<\/span><\/p>\n<p class=\"p1\"><span class=\"s1\"><b><br \/>\n<img decoding=\"async\" src=\"https:\/\/www.erbaverda.net\/wp-content\/uploads\/2025\/06\/Feedbin-Icon-check.svg_8faf4e0b-f89d-486c-aa08-b431a33525ea_icon.png?v=1541148886\" alt=\"\" width=\"18\" height=\"15\" data-mce-fragment=\"1\" \/>\u00a0 \u00a0Sparar vatten.\u00a0<\/b><\/span><span class=\"s2\">Vattna din gr\u00e4smatta med endast den m\u00e4ngd som beh\u00f6vs f\u00f6r att h\u00e5lla den frisk.<\/span><\/p>\n<p class=\"p1\"><span class=\"s1\"><b><br \/>\n<img decoding=\"async\" src=\"https:\/\/www.erbaverda.net\/wp-content\/uploads\/2025\/06\/Feedbin-Icon-check.svg_8faf4e0b-f89d-486c-aa08-b431a33525ea_icon.png?v=1541148886\" alt=\"\" width=\"18\" height=\"15\" data-mce-fragment=\"1\" \/>\u00a0 \u00a0Ans\u00f6kan.\u00a0<\/b><\/span><span class=\"s2\">Applicera med roller, pensel eller spruta.<\/span><\/p>\n<p class=\"p1\"><span class=\"s1\"><b><br \/>\n<img decoding=\"async\" src=\"https:\/\/www.erbaverda.net\/wp-content\/uploads\/2025\/06\/Feedbin-Icon-check.svg_8faf4e0b-f89d-486c-aa08-b431a33525ea_icon.png?v=1541148886\" alt=\"\" width=\"18\" height=\"15\" data-mce-fragment=\"1\" \/>\u00a0 \u00a0Kostnadseffektivt.\u00a0<\/b><\/span><span class=\"s2\">Ett intervall p\u00e5 20 till 40 m<\/span><span class=\"s3\"><sup>2<\/sup><\/span><span class=\"s2\">\/L n\u00e4r den appliceras med en spruta p\u00e5 p\u00e5verkade ytor.<\/span><\/p>\n<h2 class=\"p2\"><span class=\"s2\">Instruktioner<\/span><\/h2>\n<ul class=\"ul1\">\n<li class=\"li3\"><span class=\"s5\"><b>F\u00f6re m\u00e5lning:\u00a0<\/b><\/span><span class=\"s6\">Gr\u00e4smattan m\u00e5ste vara klippt, torr och rensad fr\u00e5n skr\u00e4p.<\/span><\/li>\n<li class=\"li3\"><span class=\"s5\"><b>Instruktioner f\u00f6r blandning:<\/b><\/span><span class=\"s6\">\u00a0Blanda en del gr\u00e4smattef\u00e4rg med sex delar vatten i en tr\u00e4dg\u00e5rdsspruta (finns att k\u00f6pa p\u00e5 v\u00e5r webbplats). St\u00e4ng sprutan och skaka kraftigt. Pumpa sprutan helt och h\u00e5llet och spruta en liten m\u00e4ngd f\u00f6r att kontrollera \u00f6nskad f\u00e4rgnyans. T\u00e4nk p\u00e5 att blandningen vid dessa m\u00e4ngder kan vara m\u00f6rkare eller ljusare \u00e4n den \u00f6nskade nyansen. Om f\u00e4rgen \u00e4r f\u00f6r m\u00f6rk, forts\u00e4tt att tills\u00e4tta delar av vatten (en del i taget) tills du uppn\u00e5r \u00f6nskad nyans. De flesta konsumenter f\u00f6redrar de nyanser som skapas av ett f\u00f6rh\u00e5llande mellan f\u00e4rg och vatten p\u00e5 1-6 eller 1-8. Med detta sagt f\u00f6redrar andra en \u00e4nnu ljusare nyans (1-10-f\u00f6rh\u00e5llande). Det \u00e4r alltid l\u00e4ttare att tills\u00e4tta mer vatten \u00e4n mer f\u00e4rg, och d\u00e4rf\u00f6r rekommenderar vi att du b\u00f6rjar med f\u00f6rh\u00e5llandet 1-6 och forts\u00e4tter d\u00e4rifr\u00e5n.<\/span><\/li>\n<li class=\"li3\"><span class=\"s5\"><b>Tips: \u00a0<\/b><\/span><span class=\"s6\">Vi uppmuntrar dig att f\u00f6rst experimentera p\u00e5 n\u00e5gra sm\u00e5 omr\u00e5den tills du f\u00e5r den \u00f6nskade nyansen. N\u00e4r du har f\u00e5tt den nyans du vill ha sprayar du gr\u00e4smattan i ett slumpm\u00e4ssigt orbitalt m\u00f6nster f\u00f6r att undvika synliga linjer och f\u00f6r att skapa ett mer realistiskt utseende. H\u00e5ll sprutans munstycke minst 20 cm fr\u00e5n gr\u00e4sstr\u00e5na. F\u00f6r b\u00e4sta resultat, med tanke p\u00e5 Erba Verda:s naturliga sammans\u00e4ttning, rekommenderar vi att du skakar sprutan b\u00e5de f\u00f6re applicering och regelbundet under hela processen f\u00f6r att f\u00f6rhindra att pigmentet s\u00e4tter sig eller blockerar munstycket. St\u00e4ll alltid in sprutan p\u00e5 den finaste m\u00f6jliga sprutinst\u00e4llningen f\u00f6r att s\u00e4kerst\u00e4lla b\u00e4sta m\u00f6jliga anv\u00e4ndning. Undvik helst att spruta med l\u00e5gt tryck och att spruta med avrinning, eftersom det leder till on\u00f6digt produktsvinn. N\u00e4r du har m\u00e5lat f\u00e4rdigt rekommenderar vi att du skruvar av sprutmunstycket och reng\u00f6r det. Se till att forts\u00e4tta sk\u00f6lja ur sprutan tills det bara kommer klart vatten ur munstycket n\u00e4r du pumpar. P\u00e5 s\u00e5 s\u00e4tt ser du till att pumpen h\u00e5ller l\u00e4ngre och \u00e4r redo n\u00e4sta g\u00e5ng du beh\u00f6ver anv\u00e4nda den. Undvik att g\u00e5 p\u00e5 cement, stenplattor, uteplatser etc. med skor som \u00e4r t\u00e4ckta av v\u00e5t f\u00e4rg. Se till att skorna \u00e4r torra innan du l\u00e4mnar det besprutade omr\u00e5det. F\u00f6r att undvika att det blir f\u00f6r mycket st\u00e4nk p\u00e5 betongkanten n\u00e4rmast gr\u00e4set, r\u00f6r dig i riktning mot gr\u00e4smattan n\u00e4r du sprutar. Alternativt kan du h\u00e4lla en del av f\u00e4rgblandningen i en vanlig sprayflaska (vilken gammal sprayflaska som helst duger) och spraya gr\u00e4smattan p\u00e5 n\u00e4ra h\u00e5ll.<\/span><\/li>\n<li class=\"li4\"><span class=\"s5\"><b>F\u00f6rsiktighets\u00e5tg\u00e4rder:\u00a0<\/b><\/span><span class=\"s6\">Ta god tid p\u00e5 dig och applicera f\u00e4rgen f\u00f6rsiktigt s\u00e5 att du inte r\u00e5kar st\u00e4nka, sp\u00e5ra f\u00e4rg med v\u00e5ta skor eller spilla f\u00e4rg.\u00a0<\/span>Spraya inte vid bl\u00e5sigt eller v\u00e5tt v\u00e4der. T\u00e4ck \u00f6ver omr\u00e5den som du inte vill spruta p\u00e5 och anv\u00e4nd alltid skyddskl\u00e4der och gamla skor eftersom dessa kan bli fl\u00e4ckiga av f\u00e4rgen. Vi rekommenderar ocks\u00e5 att du anv\u00e4nder skyddsglas\u00f6gon, handskar och andningsmask, eftersom f\u00e4rgen kan orsaka irritation hos vissa personer. Spraya inte n\u00e4r andra personer \u00e4r n\u00e4rvarande om de inte ocks\u00e5 b\u00e4r skyddsutrustning. Som med alla o\u00e4tliga v\u00e4tskor ska f\u00e4rgen f\u00f6rvaras utom r\u00e4ckh\u00e5ll f\u00f6r barn. Vid oavsiktlig sprutning rekommenderar vi att du har en hink med tv\u00e5lvatten och en metall- eller nylonborste (t.ex. en s\u00e5dan som anv\u00e4nds f\u00f6r att reng\u00f6ra en grill) till hands f\u00f6r att ta bort o\u00f6nskad sprutning p\u00e5 betong etc. Detta fungerar ocks\u00e5 mycket bra f\u00f6r att ta bort f\u00e4rg som av misstag applicerats p\u00e5 alla typer av h\u00e5rda ytor, t.ex. betong eller tegel. Torktiden \u00e4r ca 30 minuter i soligt v\u00e4der. Torktiden kan p\u00e5verkas kraftigt av skugga, molnigt v\u00e4der och fukt. Kontrollera att f\u00e4rgen \u00e4r helt torr innan du l\u00e5ter n\u00e5gon g\u00e5 p\u00e5 gr\u00e4smattan.<\/li>\n<\/ul>\n<ul class=\"ul1\">\n<li class=\"li3\"><span class=\"s5\"><b>T\u00e4ckning:<\/b><\/span><span class=\"s6\">\u00a020 till 40 m<\/span><span class=\"s7\"><sup>2<\/sup><\/span><span class=\"s6\">\/L. Eftersom faktorer som utsp\u00e4dningsf\u00f6rh\u00e5llandet, gr\u00e4smattans skick, dess l\u00e4ngd, typ av applicering, appliceringsmetod och \u00f6nskad skugga ligger utanf\u00f6r v\u00e5r kontroll, kan vi inte garantera specifika t\u00e4ckningsgrader. Vi tillhandah\u00e5ller d\u00e4rf\u00f6r \"genomsnittliga\" t\u00e4ckningsgrader baserade p\u00e5 v\u00e5ra egna oberoende tester. Om gr\u00e4set \u00e4r helt gulnat och uttorkat, eller om du f\u00f6redrar en m\u00f6rkare nyans, kommer f\u00e4rgen naturligtvis inte att r\u00e4cka lika l\u00e5ngt som p\u00e5 en gr\u00e4smatta som precis har b\u00f6rjat blekna eller om du vill ha en ljusare nyans.<\/span><\/li>\n<li class=\"li3\"><span class=\"s5\"><b>L\u00e5ng livsl\u00e4ngd:<\/b><\/span><span class=\"s6\">\u00a0Om gr\u00e4set fortfarande v\u00e4xer och du klipper det m\u00e5lade omr\u00e5det kommer f\u00e4rgen bara att sitta kvar tills det \u00e4r dags att klippa igen. Under idealiska och torra klimatf\u00f6rh\u00e5llanden med ett vilande gr\u00e4s, och d\u00e4r gr\u00e4set fortfarande \u00e4r b\u00f6jligt (inte krispigt), har det f\u00f6rekommit fall d\u00e4r f\u00e4rgen har h\u00e5llit i upp till sex m\u00e5nader. Hur l\u00e4nge f\u00e4rgen h\u00e5ller beror p\u00e5 gr\u00e4sets skick, typ av gr\u00e4s, v\u00e4derf\u00f6rh\u00e5llanden, hur mycket man g\u00e5r p\u00e5 gr\u00e4smattan osv. Det finns f\u00f6r m\u00e5nga variabler utanf\u00f6r v\u00e5r kontroll f\u00f6r att vi ska kunna ge specifika tidsintervall eller garantier. Med detta sagt rapporterar de flesta av v\u00e5ra kunder en \"f\u00e4rglivsl\u00e4ngd\" p\u00e5 1 till 3 m\u00e5nader.<\/span><\/li>\n<li class=\"li7\"><span class=\"s6\">Gr\u00e4smattef\u00e4rg \u00e4r en enkel och rolig l\u00f6sning p\u00e5 m\u00e5nga vanliga gr\u00e4smatteproblem. Om du vet vad du kan f\u00f6rv\u00e4nta dig innan du b\u00f6rjar spruta och f\u00f6ljer instruktionerna ovan kommer det att g\u00e5 mycket l\u00e4ttare och smidigare att m\u00e5la din gr\u00e4smatta. Som alltid, om du har n\u00e5gra fr\u00e5gor, v\u00e4nligen kontakta v\u00e5rt Erba Verda kundsupportteam.<\/span><\/li>\n<\/ul>","protected":false},"excerpt":{"rendered":"<p>&nbsp; \u00a0 \u00a0Long lasting.\u00a0Our lawn paints lasts three months. \u00a0 \u00a0No toxic ingredients.\u00a0We believe it is critical to preserve your lawn\u2019s natural ecosystem so your grass can breathe. \u00a0 \u00a0Half the price.\u00a0Costs half as much as competing products. \u00a0 \u00a0Environment friendly.\u00a0Is not hazardous to animals, and leaves no trace. \u00a0 \u00a0Saves water.\u00a0Water your lawn with [&hellip;]<\/p>\n","protected":false},"featured_media":23088,"comment_status":"open","ping_status":"closed","template":"","meta":{"_uag_custom_page_level_css":"","site-sidebar-layout":"default","site-content-layout":"","ast-site-content-layout":"default","site-content-style":"default","site-sidebar-style":"default","ast-global-header-display":"","ast-banner-title-visibility":"","ast-main-header-display":"","ast-hfb-above-header-display":"","ast-hfb-below-header-display":"","ast-hfb-mobile-header-display":"","site-post-title":"","ast-breadcrumbs-content":"","ast-featured-img":"","footer-sml-layout":"","ast-disable-related-posts":"","theme-transparent-header-meta":"default","adv-header-id-meta":"","stick-header-meta":"","header-above-stick-meta":"","header-main-stick-meta":"","header-below-stick-meta":"","astra-migrate-meta-layouts":"set","ast-page-background-enabled":"default","ast-page-background-meta":{"desktop":{"background-color":"var(--ast-global-color-4)","background-image":"","background-repeat":"repeat","background-position":"center center","background-size":"auto","background-attachment":"scroll","background-type":"","background-media":"","overlay-type":"","overlay-color":"","overlay-opacity":"","overlay-gradient":""},"tablet":{"background-color":"","background-image":"","background-repeat":"repeat","background-position":"center center","background-size":"auto","background-attachment":"scroll","background-type":"","background-media":"","overlay-type":"","overlay-color":"","overlay-opacity":"","overlay-gradient":""},"mobile":{"background-color":"","background-image":"","background-repeat":"repeat","background-position":"center center","background-size":"auto","background-attachment":"scroll","background-type":"","background-media":"","overlay-type":"","overlay-color":"","overlay-opacity":"","overlay-gradient":""}},"ast-content-background-meta":{"desktop":{"background-color":"var(--ast-global-color-5)","background-image":"","background-repeat":"repeat","background-position":"center center","background-size":"auto","background-attachment":"scroll","background-type":"","background-media":"","overlay-type":"","overlay-color":"","overlay-opacity":"","overlay-gradient":""},"tablet":{"background-color":"var(--ast-global-color-5)","background-image":"","background-repeat":"repeat","background-position":"center center","background-size":"auto","background-attachment":"scroll","background-type":"","background-media":"","overlay-type":"","overlay-color":"","overlay-opacity":"","overlay-gradient":""},"mobile":{"background-color":"var(--ast-global-color-5)","background-image":"","background-repeat":"repeat","background-position":"center center","background-size":"auto","background-attachment":"scroll","background-type":"","background-media":"","overlay-type":"","overlay-color":"","overlay-opacity":"","overlay-gradient":""}}},"product_brand":[],"product_cat":[15],"product_tag":[],"class_list":{"0":"post-23014","1":"product","2":"type-product","3":"status-publish","4":"has-post-thumbnail","6":"product_cat-shop","7":"desktop-align-left","8":"tablet-align-left","9":"mobile-align-left","11":"first","12":"instock","13":"sale","14":"taxable","15":"shipping-taxable","16":"purchasable","17":"product-type-variable","18":"has-default-attributes"},"spectra_custom_meta":{"_visibility":["visible"],"_shopify_product_id":["1678530183237"],"_s2w_shopify_domain":["erba-verda.myshopify.com"],"_shopify_variant_id":["39470206320698"],"_manage_stock":["no"],"total_sales":["1"],"_tax_status":["taxable"],"_tax_class":[""],"_backorders":["no"],"_sold_individually":["no"],"_virtual":["no"],"_downloadable":["no"],"_download_limit":["-1"],"_download_expiry":["-1"],"_stock":[null],"_stock_status":["instock"],"_wc_average_rating":["4.87"],"_wc_review_count":["89"],"_product_attributes":["a:1:{s:6:\"volume\";a:6:{s:4:\"name\";s:6:\"Volume\";s:5:\"value\";s:20:\"5 liters | 25 liters\";s:8:\"position\";i:1;s:10:\"is_visible\";i:0;s:12:\"is_variation\";i:1;s:11:\"is_taxonomy\";i:0;}}"],"_product_version":["9.9.3"],"_thumbnail_id":["23088"],"_edit_lock":["1750016529:1"],"_default_attributes":["a:1:{s:6:\"volume\";s:8:\"5 liters\";}"],"_price":["29.90","99.90"],"merchant-center-id":["LMP1"],"merchant-center-availability":["yes"],"merchant-center-category":["505417"],"_edit_last":["1"],"_wp_page_template":["default"],"site-sidebar-layout":["default"],"ast-site-content-layout":["default"],"site-content-style":["default"],"site-sidebar-style":["default"],"theme-transparent-header-meta":["default"],"astra-migrate-meta-layouts":["set"],"_wc_rating_count":["a:2:{i:4;i:12;i:5;i:77;}"],"_uag_css_file_name":["uag-css-23014.css"],"_elementor_page_assets":["a:0:{}"],"_uag_page_assets":["a:9:{s:3:\"css\";s:6873:\".wp-block-uagb-image{display:flex}.wp-block-uagb-image__figure{position:relative;display:flex;flex-direction:column;max-width:100%;height:auto;margin:0}.wp-block-uagb-image__figure img{height:auto;display:flex;max-width:100%;transition:box-shadow .2s ease}.wp-block-uagb-image__figure>a{display:inline-block}.wp-block-uagb-image__figure figcaption{text-align:center;margin-top:.5em;margin-bottom:1em}.wp-block-uagb-image .components-placeholder.block-editor-media-placeholder .components-placeholder__instructions{align-self:center}.wp-block-uagb-image--align-left{text-align:left}.wp-block-uagb-image--align-right{text-align:right}.wp-block-uagb-image--align-center{text-align:center}.wp-block-uagb-image--align-full .wp-block-uagb-image__figure{margin-left:calc(50% - 50vw);margin-right:calc(50% - 50vw);max-width:100vw;width:100vw;height:auto}.wp-block-uagb-image--align-full .wp-block-uagb-image__figure img{height:auto;width:100% !important}.wp-block-uagb-image--align-wide .wp-block-uagb-image__figure img{height:auto;width:100%}.wp-block-uagb-image--layout-overlay__color-wrapper{position:absolute;left:0;top:0;right:0;bottom:0;opacity:.2;background:rgba(0,0,0,.5);transition:opacity .35s ease-in-out}.wp-block-uagb-image--layout-overlay-link{position:absolute;left:0;right:0;bottom:0;top:0}.wp-block-uagb-image--layout-overlay .wp-block-uagb-image__figure:hover .wp-block-uagb-image--layout-overlay__color-wrapper{opacity:1}.wp-block-uagb-image--layout-overlay__inner{position:absolute;left:15px;right:15px;bottom:15px;top:15px;display:flex;align-items:center;justify-content:center;flex-direction:column;border-color:#fff;transition:.35s ease-in-out}.wp-block-uagb-image--layout-overlay__inner.top-left,.wp-block-uagb-image--layout-overlay__inner.top-center,.wp-block-uagb-image--layout-overlay__inner.top-right{justify-content:flex-start}.wp-block-uagb-image--layout-overlay__inner.bottom-left,.wp-block-uagb-image--layout-overlay__inner.bottom-center,.wp-block-uagb-image--layout-overlay__inner.bottom-right{justify-content:flex-end}.wp-block-uagb-image--layout-overlay__inner.top-left,.wp-block-uagb-image--layout-overlay__inner.center-left,.wp-block-uagb-image--layout-overlay__inner.bottom-left{align-items:flex-start}.wp-block-uagb-image--layout-overlay__inner.top-right,.wp-block-uagb-image--layout-overlay__inner.center-right,.wp-block-uagb-image--layout-overlay__inner.bottom-right{align-items:flex-end}.wp-block-uagb-image--layout-overlay__inner .uagb-image-heading{color:#fff;transition:transform .35s,opacity .35s ease-in-out;transform:translate3d(0, 24px, 0);margin:0;line-height:1em}.wp-block-uagb-image--layout-overlay__inner .uagb-image-separator{width:30%;border-top-width:2px;border-top-color:#fff;border-top-style:solid;margin-bottom:10px;opacity:0;transition:transform .4s,opacity .4s ease-in-out;transform:translate3d(0, 30px, 0)}.wp-block-uagb-image--layout-overlay__inner .uagb-image-caption{opacity:0;overflow:visible;color:#fff;transition:transform .45s,opacity .45s ease-in-out;transform:translate3d(0, 35px, 0)}.wp-block-uagb-image--layout-overlay__inner:hover .uagb-image-heading,.wp-block-uagb-image--layout-overlay__inner:hover .uagb-image-separator,.wp-block-uagb-image--layout-overlay__inner:hover .uagb-image-caption{opacity:1;transform:translate3d(0, 0, 0)}.wp-block-uagb-image--effect-zoomin .wp-block-uagb-image__figure img,.wp-block-uagb-image--effect-zoomin .wp-block-uagb-image__figure .wp-block-uagb-image--layout-overlay__color-wrapper{transform:scale(1);transition:transform .35s ease-in-out}.wp-block-uagb-image--effect-zoomin .wp-block-uagb-image__figure:hover img,.wp-block-uagb-image--effect-zoomin .wp-block-uagb-image__figure:hover .wp-block-uagb-image--layout-overlay__color-wrapper{transform:scale(1.05)}.wp-block-uagb-image--effect-slide .wp-block-uagb-image__figure img,.wp-block-uagb-image--effect-slide .wp-block-uagb-image__figure .wp-block-uagb-image--layout-overlay__color-wrapper{width:calc(100% + 40px) !important;max-width:none !important;transform:translate3d(-40px, 0, 0);transition:transform .35s ease-in-out}.wp-block-uagb-image--effect-slide .wp-block-uagb-image__figure:hover img,.wp-block-uagb-image--effect-slide .wp-block-uagb-image__figure:hover .wp-block-uagb-image--layout-overlay__color-wrapper{transform:translate3d(0, 0, 0)}.wp-block-uagb-image--effect-grayscale img{filter:grayscale(0%);transition:.35s ease-in-out}.wp-block-uagb-image--effect-grayscale:hover img{filter:grayscale(100%)}.wp-block-uagb-image--effect-blur img{filter:blur(0);transition:.35s ease-in-out}.wp-block-uagb-image--effect-blur:hover img{filter:blur(3px)}.uagb-block-e6f939b3.wp-block-uagb-image--layout-default figure img{box-shadow: 0px 0px 0 #00000070;}.uagb-block-e6f939b3.wp-block-uagb-image .wp-block-uagb-image__figure figcaption{font-style: normal;align-self: center;}.uagb-block-e6f939b3.wp-block-uagb-image--layout-overlay figure img{box-shadow: 0px 0px 0 #00000070;}.uagb-block-e6f939b3.wp-block-uagb-image--layout-overlay .wp-block-uagb-image--layout-overlay__color-wrapper{opacity: 0.2;}.uagb-block-e6f939b3.wp-block-uagb-image--layout-overlay .wp-block-uagb-image--layout-overlay__inner{left: 15px;right: 15px;top: 15px;bottom: 15px;}.uagb-block-e6f939b3.wp-block-uagb-image--layout-overlay .wp-block-uagb-image--layout-overlay__inner .uagb-image-heading{font-style: normal;color: #fff;opacity: 1;}.uagb-block-e6f939b3.wp-block-uagb-image--layout-overlay .wp-block-uagb-image--layout-overlay__inner .uagb-image-heading a{color: #fff;}.uagb-block-e6f939b3.wp-block-uagb-image--layout-overlay .wp-block-uagb-image--layout-overlay__inner .uagb-image-caption{opacity: 0;}.uagb-block-e6f939b3.wp-block-uagb-image--layout-overlay .wp-block-uagb-image__figure:hover .wp-block-uagb-image--layout-overlay__color-wrapper{opacity: 1;}.uagb-block-e6f939b3.wp-block-uagb-image .wp-block-uagb-image--layout-overlay__inner .uagb-image-separator{width: 30%;border-top-width: 2px;border-top-color: #fff;opacity: 0;}.uagb-block-e6f939b3.wp-block-uagb-image .wp-block-uagb-image__figure img{width: px;height: auto;}.uagb-block-e6f939b3.wp-block-uagb-image .wp-block-uagb-image__figure:hover .wp-block-uagb-image--layout-overlay__inner .uagb-image-caption{opacity: 1;}.uagb-block-e6f939b3.wp-block-uagb-image .wp-block-uagb-image__figure:hover .wp-block-uagb-image--layout-overlay__inner .uagb-image-separator{opacity: 1;}.uagb-block-e6f939b3.wp-block-uagb-image--layout-default figure:hover img{box-shadow: 0px 0px 0 #00000070;}.uagb-block-e6f939b3.wp-block-uagb-image--layout-overlay figure:hover img{box-shadow: 0px 0px 0 #00000070;}@media only screen and (max-width: 976px) {.uagb-block-e6f939b3.wp-block-uagb-image .wp-block-uagb-image__figure img{width: px;height: auto;}}@media only screen and (max-width: 767px) {.uagb-block-e6f939b3.wp-block-uagb-image .wp-block-uagb-image__figure img{width: px;height: auto;}}\";s:2:\"js\";s:0:\"\";s:18:\"current_block_list\";a:13:{i:0;s:11:\"core\/search\";i:1;s:10:\"core\/group\";i:2;s:12:\"core\/heading\";i:3;s:17:\"core\/latest-posts\";i:4;s:20:\"core\/latest-comments\";i:5;s:13:\"core\/archives\";i:6;s:15:\"core\/categories\";i:7;s:14:\"core\/paragraph\";i:8;s:10:\"uagb\/image\";i:9;s:11:\"core\/spacer\";i:10;s:30:\"woocommerce\/product-categories\";i:11;s:10:\"core\/image\";i:12;s:14:\"core\/shortcode\";}s:8:\"uag_flag\";b:1;s:11:\"uag_version\";s:10:\"1777649702\";s:6:\"gfonts\";a:0:{}s:10:\"gfonts_url\";s:0:\"\";s:12:\"gfonts_files\";a:0:{}s:14:\"uag_faq_layout\";b:0;}"]},"uagb_featured_image_src":{"full":["https:\/\/www.erbaverda.net\/wp-content\/uploads\/2025\/06\/Lawn_Marking_Paint_25ltr_cite.jpg",2560,2560,false],"thumbnail":["https:\/\/www.erbaverda.net\/wp-content\/uploads\/2025\/06\/Lawn_Marking_Paint_25ltr_cite-150x150.jpg",150,150,true],"medium":["https:\/\/www.erbaverda.net\/wp-content\/uploads\/2025\/06\/Lawn_Marking_Paint_25ltr_cite-300x300.jpg",300,300,true],"medium_large":["https:\/\/www.erbaverda.net\/wp-content\/uploads\/2025\/06\/Lawn_Marking_Paint_25ltr_cite-768x768.jpg",768,768,true],"large":["https:\/\/www.erbaverda.net\/wp-content\/uploads\/2025\/06\/Lawn_Marking_Paint_25ltr_cite-1024x1024.jpg",1024,1024,true],"1536x1536":["https:\/\/www.erbaverda.net\/wp-content\/uploads\/2025\/06\/Lawn_Marking_Paint_25ltr_cite-1536x1536.jpg",1536,1536,true],"2048x2048":["https:\/\/www.erbaverda.net\/wp-content\/uploads\/2025\/06\/Lawn_Marking_Paint_25ltr_cite-2048x2048.jpg",2048,2048,true],"trp-custom-language-flag":["https:\/\/www.erbaverda.net\/wp-content\/uploads\/2025\/06\/Lawn_Marking_Paint_25ltr_cite-12x12.jpg",12,12,true],"woocommerce_thumbnail":["https:\/\/www.erbaverda.net\/wp-content\/uploads\/2025\/06\/Lawn_Marking_Paint_25ltr_cite-300x300.jpg",300,300,true],"woocommerce_single":["https:\/\/www.erbaverda.net\/wp-content\/uploads\/2025\/06\/Lawn_Marking_Paint_25ltr_cite-600x600.jpg",600,600,true],"woocommerce_gallery_thumbnail":["https:\/\/www.erbaverda.net\/wp-content\/uploads\/2025\/06\/Lawn_Marking_Paint_25ltr_cite-100x100.jpg",100,100,true]},"uagb_author_info":{"display_name":"admin","author_link":"https:\/\/www.erbaverda.net\/se\/author\/"},"uagb_comment_info":89,"uagb_excerpt":"&nbsp; \u00a0 \u00a0Long lasting.\u00a0Our lawn paints lasts three months. \u00a0 \u00a0No toxic ingredients.\u00a0We believe it is critical to preserve your lawn\u2019s natural ecosystem so your grass can breathe. \u00a0 \u00a0Half the price.\u00a0Costs half as much as competing products. \u00a0 \u00a0Environment friendly.\u00a0Is not hazardous to animals, and leaves no trace. \u00a0 \u00a0Saves water.\u00a0Water your lawn with&hellip;","_links":{"self":[{"href":"https:\/\/www.erbaverda.net\/se\/wp-json\/wp\/v2\/product\/23014","targetHints":{"allow":["GET"]}}],"collection":[{"href":"https:\/\/www.erbaverda.net\/se\/wp-json\/wp\/v2\/product"}],"about":[{"href":"https:\/\/www.erbaverda.net\/se\/wp-json\/wp\/v2\/types\/product"}],"replies":[{"embeddable":true,"href":"https:\/\/www.erbaverda.net\/se\/wp-json\/wp\/v2\/comments?post=23014"}],"version-history":[{"count":2,"href":"https:\/\/www.erbaverda.net\/se\/wp-json\/wp\/v2\/product\/23014\/revisions"}],"predecessor-version":[{"id":23163,"href":"https:\/\/www.erbaverda.net\/se\/wp-json\/wp\/v2\/product\/23014\/revisions\/23163"}],"wp:featuredmedia":[{"embeddable":true,"href":"https:\/\/www.erbaverda.net\/se\/wp-json\/wp\/v2\/media\/23088"}],"wp:attachment":[{"href":"https:\/\/www.erbaverda.net\/se\/wp-json\/wp\/v2\/media?parent=23014"}],"wp:term":[{"taxonomy":"product_brand","embeddable":true,"href":"https:\/\/www.erbaverda.net\/se\/wp-json\/wp\/v2\/product_brand?post=23014"},{"taxonomy":"product_cat","embeddable":true,"href":"https:\/\/www.erbaverda.net\/se\/wp-json\/wp\/v2\/product_cat?post=23014"},{"taxonomy":"product_tag","embeddable":true,"href":"https:\/\/www.erbaverda.net\/se\/wp-json\/wp\/v2\/product_tag?post=23014"}],"curies":[{"name":"wp","href":"https:\/\/api.w.org\/{rel}","templated":true}]}}